{"id":12512,"date":"2024-04-10T22:13:27","date_gmt":"2024-04-10T20:13:27","guid":{"rendered":"https:\/\/caffeonline.ch\/produkt\/caffe-passalacqua-caffe-moana-in-grani-1kg\/"},"modified":"2026-03-18T13:17:26","modified_gmt":"2026-03-18T12:17:26","slug":"caffe-passalacqua-caffe-moana-in-grani-1kg","status":"publish","type":"product","link":"https:\/\/caffeonline.aclas.io\/it\/produkt\/caffe-passalacqua-caffe-moana-in-grani-1kg\/","title":{"rendered":"Caff\u00e8 Passalacqua &#8211; Caff\u00e8 in grani Moana"},"content":{"rendered":"","protected":false},"excerpt":{"rendered":"<table border=\"0\">\n<tbody>\n<tr>\n<td style=\"width: 65%;\"><strong>Moana \u00e8 una delle miscele pi\u00f9 apprezzate del caff\u00e8 Passalacqua, capace di regalare un sapore unico, a casa e al bar.<\/strong><\/p>\n<p>Particolarmente apprezzato da tutti, soprattutto dagli intenditori, Moana \u00e8 sinonimo di caff\u00e8 vellutato e setoso grazie ai suoi aromi. Un buon equilibrio tra dolcezza e persistenza che avvolge il palato con sapori di caramello, mandorle e miele. Non a caso \u00e8 una delle miscele pi\u00f9 popolari del catalogo.<\/td>\n<td style=\"width: 35%;\"><img decoding=\"async\" src=\"https:\/\/caffeonline.aclas.io\/wp-content\/uploads\/2024\/05\/moana.png\"><\/td>\n<\/tr>\n<\/tbody>\n<\/table>\n","protected":false},"featured_media":12169,"comment_status":"open","ping_status":"closed","template":"","meta":{"_relevanssi_hide_post":"","_relevanssi_hide_content":"","_relevanssi_pin_for_all":"","_relevanssi_pin_keywords":"","_relevanssi_unpin_keywords":"","_relevanssi_related_keywords":"","_relevanssi_related_include_ids":"","_relevanssi_related_exclude_ids":"","_relevanssi_related_no_append":"","_relevanssi_related_not_related":"","_relevanssi_related_posts":"","_relevanssi_noindex_reason":""},"product_brand":[],"product_cat":[340],"product_tag":[],"class_list":{"0":"post-12512","1":"product","2":"type-product","3":"status-publish","4":"has-post-thumbnail","6":"product_cat-caffe-in-grani","7":"pa_brand-caffe-passalacqua-it","8":"has-subscription-plans","10":"first","11":"instock","12":"taxable","13":"shipping-taxable","14":"purchasable","15":"product-type-simple"},"batches":[{"id":"327","date_created":"2024-03-18 10:52:59","date_expiry":"2025-12-31 00:00:00","user_id":"559","batch_number":"","supplier":"","location":"","quantity":"36.0000","quantity_available":"0.0000","units":"1","status":"archived","order_ids":"[16178,16353,16962,132545842,132546237,132546334,132546602,132546713,132546944,132546966,132547134,132547249,132547437,132547470,132547524,132547847]","po":null},{"id":"3182","date_created":"2026-02-12 15:50:36","date_expiry":"2027-12-31 00:00:00","user_id":"2","batch_number":"","supplier":"","location":"","quantity":"6.0000","quantity_available":"5.0000","units":"1","status":"active","order_ids":"[132554516]","po":null},{"id":"3183","date_created":"2026-02-12 15:50:52","date_expiry":"2028-06-30 00:00:00","user_id":"2","batch_number":"","supplier":"","location":"","quantity":"6.0000","quantity_available":"6.0000","units":"1","status":"active","order_ids":null,"po":null}],"_links":{"self":[{"href":"https:\/\/caffeonline.aclas.io\/it\/wp-json\/wp\/v2\/product\/12512","targetHints":{"allow":["GET"]}}],"collection":[{"href":"https:\/\/caffeonline.aclas.io\/it\/wp-json\/wp\/v2\/product"}],"about":[{"href":"https:\/\/caffeonline.aclas.io\/it\/wp-json\/wp\/v2\/types\/product"}],"replies":[{"embeddable":true,"href":"https:\/\/caffeonline.aclas.io\/it\/wp-json\/wp\/v2\/comments?post=12512"}],"wp:featuredmedia":[{"embeddable":true,"href":"https:\/\/caffeonline.aclas.io\/it\/wp-json\/wp\/v2\/media\/12169"}],"wp:attachment":[{"href":"https:\/\/caffeonline.aclas.io\/it\/wp-json\/wp\/v2\/media?parent=12512"}],"wp:term":[{"taxonomy":"product_brand","embeddable":true,"href":"https:\/\/caffeonline.aclas.io\/it\/wp-json\/wp\/v2\/product_brand?post=12512"},{"taxonomy":"product_cat","embeddable":true,"href":"https:\/\/caffeonline.aclas.io\/it\/wp-json\/wp\/v2\/product_cat?post=12512"},{"taxonomy":"product_tag","embeddable":true,"href":"https:\/\/caffeonline.aclas.io\/it\/wp-json\/wp\/v2\/product_tag?post=12512"}],"curies":[{"name":"wp","href":"https:\/\/api.w.org\/{rel}","templated":true}]}}