{"id":12508,"date":"2024-04-10T22:13:37","date_gmt":"2024-04-10T20:13:37","guid":{"rendered":"https:\/\/caffeonline.ch\/produkt\/ristora-distributori-automatici-di-te-al-limone-1-kg\/"},"modified":"2025-12-15T15:31:52","modified_gmt":"2025-12-15T14:31:52","slug":"ristora-te-al-limone-per-distributori-automatici-1-kg","status":"publish","type":"product","link":"https:\/\/caffeonline.aclas.io\/it\/produkt\/ristora-te-al-limone-per-distributori-automatici-1-kg\/","title":{"rendered":"Ristora &#8211; T\u00e8 al limone per distributori automatici"},"content":{"rendered":"","protected":false},"excerpt":{"rendered":"<p>Il <strong>t\u00e8 al limone Ristora<\/strong> nella confezione da 1 kg \u00e8 la soluzione ideale per i distributori automatici, i bar, le macchinette e la preparazione manuale a casa e in ufficio. Questo t\u00e8 solubile al limone di Ristora \u00e8 il pi\u00f9 utilizzato dai professionisti del settore per la sua qualit\u00e0 e facilit\u00e0 di preparazione. Un altro aspetto importante \u00e8 che questo t\u00e8 al limone \u00e8 privo di glutine. In un momento in cui l&#8217;alimentazione sana sta finalmente diventando pi\u00f9 importante del semplice prezzo di un prodotto, \u00e8 molto importante affidarsi ad aziende e fornitori che siano sempre informati sugli ultimi sviluppi del settore alimentare e che garantiscano i prodotti pi\u00f9 genuini per adulti e bambini.<\/p>\n<p>Il t\u00e8 solubile offerto \u00e8 una soluzione perfetta per qualsiasi uso, sia che si tratti di t\u00e8 caldo preparato manualmente o con una macchina completamente automatica, sia che si tratti di t\u00e8 freddo in estate per granite, ghiaccioli e t\u00e8 freddi in bicchiere.<\/p>\n","protected":false},"featured_media":12065,"comment_status":"open","ping_status":"closed","template":"","meta":{"_relevanssi_hide_post":"","_relevanssi_hide_content":"","_relevanssi_pin_for_all":"","_relevanssi_pin_keywords":"","_relevanssi_unpin_keywords":"","_relevanssi_related_keywords":"","_relevanssi_related_include_ids":"","_relevanssi_related_exclude_ids":"","_relevanssi_related_no_append":"","_relevanssi_related_not_related":"","_relevanssi_related_posts":"","_relevanssi_noindex_reason":""},"product_brand":[],"product_cat":[339],"product_tag":[],"class_list":{"0":"post-12508","1":"product","2":"type-product","3":"status-publish","4":"has-post-thumbnail","6":"product_cat-bevande-calde","7":"pa_brand-ristora-it","8":"has-subscription-plans","10":"first","11":"instock","12":"taxable","13":"shipping-taxable","14":"purchasable","15":"product-type-simple"},"batches":[{"id":"137","date_created":"2024-03-09 08:34:56","date_expiry":"2026-11-30 00:00:00","user_id":"559","batch_number":"","supplier":"","location":"","quantity":"30.0000","quantity_available":"26.0000","units":"1","status":"active","order_ids":"[132551112,132552560]","po":null}],"_links":{"self":[{"href":"https:\/\/caffeonline.aclas.io\/it\/wp-json\/wp\/v2\/product\/12508","targetHints":{"allow":["GET"]}}],"collection":[{"href":"https:\/\/caffeonline.aclas.io\/it\/wp-json\/wp\/v2\/product"}],"about":[{"href":"https:\/\/caffeonline.aclas.io\/it\/wp-json\/wp\/v2\/types\/product"}],"replies":[{"embeddable":true,"href":"https:\/\/caffeonline.aclas.io\/it\/wp-json\/wp\/v2\/comments?post=12508"}],"wp:featuredmedia":[{"embeddable":true,"href":"https:\/\/caffeonline.aclas.io\/it\/wp-json\/wp\/v2\/media\/12065"}],"wp:attachment":[{"href":"https:\/\/caffeonline.aclas.io\/it\/wp-json\/wp\/v2\/media?parent=12508"}],"wp:term":[{"taxonomy":"product_brand","embeddable":true,"href":"https:\/\/caffeonline.aclas.io\/it\/wp-json\/wp\/v2\/product_brand?post=12508"},{"taxonomy":"product_cat","embeddable":true,"href":"https:\/\/caffeonline.aclas.io\/it\/wp-json\/wp\/v2\/product_cat?post=12508"},{"taxonomy":"product_tag","embeddable":true,"href":"https:\/\/caffeonline.aclas.io\/it\/wp-json\/wp\/v2\/product_tag?post=12508"}],"curies":[{"name":"wp","href":"https:\/\/api.w.org\/{rel}","templated":true}]}}