{"id":12506,"date":"2024-04-10T22:13:25","date_gmt":"2024-04-10T20:13:25","guid":{"rendered":"https:\/\/caffeonline.ch\/produkt\/caffe-passalacqua-caffe-in-grani-harem-1kg\/"},"modified":"2026-03-14T09:23:58","modified_gmt":"2026-03-14T08:23:58","slug":"caffe-passalacqua-caffe-in-grani-harem-1kg","status":"publish","type":"product","link":"https:\/\/caffeonline.aclas.io\/it\/produkt\/caffe-passalacqua-caffe-in-grani-harem-1kg\/","title":{"rendered":"Caff\u00e8 Passalacqua &#8211; Caff\u00e8 in grani Harem"},"content":{"rendered":"","protected":false},"excerpt":{"rendered":"<table border=\"0\">\n<tbody>\n<tr>\n<td style=\"width: 65%;\"><strong>Harem \u00e8 una delle migliori miscele al mondo: 100% Arabica con 10 origini, tra cui due caff\u00e8 gourmet che sono i pi\u00f9 rari e preziosi mai coltivati: Questa miscela \u00e8 il fiore all&#8217;occhiello di Passalacqua, dedicata agli intenditori.<\/strong><\/p>\n<p>Il caff\u00e8 Harem \u00e8 il risultato della miscelazione di 10 origini di caff\u00e8 pregiati provenienti dalle migliori regioni di coltivazione del mondo. Tra questi ci sono il Jamaica Blue Mountain e il Puerto Rico San Pedro, la cui produzione \u00e8 unica in Italia in termini di aroma, sapore e valore. Il Jamaica Blue Mountain \u00e8 il miglior caff\u00e8 sul mercato internazionale, un caff\u00e8 che ha il sapore del miele con una nota di vaniglia e frutta secca, e una completezza di sapori insuperabile. Il Puerto Rico San Pedro nasce tra le montagne della Cordigliera Centrale di Porto Rico, a oltre 1000 metri di altezza, con un aroma speciale e un sapore fruttato, oltre alle piacevoli note di cioccolato fondente e nocciola che lo rendono unico.<\/p>\n<p>Grazie alla sapiente miscela di origini accuratamente selezionate ed esclusive, Harem \u00e8 una miscela che offre al palato un piacere intenso e una sensazione di benessere e sapore prolungato. Un caff\u00e8 naturalmente dolce che puoi gustare anche senza zucchero, a casa e nei bar, che accarezza delicatamente il palato.<\/td>\n<td style=\"width: 35%;\"><img decoding=\"async\" src=\"https:\/\/caffeonline.aclas.io\/wp-content\/uploads\/2024\/05\/harem.png\"><\/td>\n<\/tr>\n<\/tbody>\n<\/table>\n","protected":false},"featured_media":12167,"comment_status":"open","ping_status":"closed","template":"","meta":{"_relevanssi_hide_post":"","_relevanssi_hide_content":"","_relevanssi_pin_for_all":"","_relevanssi_pin_keywords":"","_relevanssi_unpin_keywords":"","_relevanssi_related_keywords":"","_relevanssi_related_include_ids":"","_relevanssi_related_exclude_ids":"","_relevanssi_related_no_append":"","_relevanssi_related_not_related":"","_relevanssi_related_posts":"","_relevanssi_noindex_reason":""},"product_brand":[],"product_cat":[340],"product_tag":[],"class_list":{"0":"post-12506","1":"product","2":"type-product","3":"status-publish","4":"has-post-thumbnail","6":"product_cat-caffe-in-grani","7":"pa_brand-caffe-passalacqua-it","8":"has-subscription-plans","10":"first","11":"instock","12":"taxable","13":"shipping-taxable","14":"purchasable","15":"product-type-simple"},"batches":[{"id":"3191","date_created":"2026-02-12 16:17:50","date_expiry":"2027-12-31 00:00:00","user_id":"2","batch_number":"","supplier":"","location":"","quantity":"12.0000","quantity_available":"5.0000","units":"1","status":"active","order_ids":"[132554146,132554474]","po":null}],"_links":{"self":[{"href":"https:\/\/caffeonline.aclas.io\/it\/wp-json\/wp\/v2\/product\/12506","targetHints":{"allow":["GET"]}}],"collection":[{"href":"https:\/\/caffeonline.aclas.io\/it\/wp-json\/wp\/v2\/product"}],"about":[{"href":"https:\/\/caffeonline.aclas.io\/it\/wp-json\/wp\/v2\/types\/product"}],"replies":[{"embeddable":true,"href":"https:\/\/caffeonline.aclas.io\/it\/wp-json\/wp\/v2\/comments?post=12506"}],"wp:featuredmedia":[{"embeddable":true,"href":"https:\/\/caffeonline.aclas.io\/it\/wp-json\/wp\/v2\/media\/12167"}],"wp:attachment":[{"href":"https:\/\/caffeonline.aclas.io\/it\/wp-json\/wp\/v2\/media?parent=12506"}],"wp:term":[{"taxonomy":"product_brand","embeddable":true,"href":"https:\/\/caffeonline.aclas.io\/it\/wp-json\/wp\/v2\/product_brand?post=12506"},{"taxonomy":"product_cat","embeddable":true,"href":"https:\/\/caffeonline.aclas.io\/it\/wp-json\/wp\/v2\/product_cat?post=12506"},{"taxonomy":"product_tag","embeddable":true,"href":"https:\/\/caffeonline.aclas.io\/it\/wp-json\/wp\/v2\/product_tag?post=12506"}],"curies":[{"name":"wp","href":"https:\/\/api.w.org\/{rel}","templated":true}]}}