{"id":12494,"date":"2024-04-10T22:13:38","date_gmt":"2024-04-10T20:13:38","guid":{"rendered":"https:\/\/caffeonline.ch\/produkt\/caffe-passalacqua-caffe-macinato-alambra-250g\/"},"modified":"2025-07-09T09:36:50","modified_gmt":"2025-07-09T07:36:50","slug":"caffe-passalacqua-caffe-macinato-alambra-250g","status":"publish","type":"product","link":"https:\/\/caffeonline.aclas.io\/it\/produkt\/caffe-passalacqua-caffe-macinato-alambra-250g\/","title":{"rendered":"Caff\u00e8 Passalacqua &#8211; Caff\u00e8 macinato Alambra"},"content":{"rendered":"","protected":false},"excerpt":{"rendered":"<table border=\"0\">\n<tbody>\n<tr>\n<td style=\"width: 65%\"><strong>Alambra \u00e8 la miscela di Passalacqua per chi vuole avere un buon caff\u00e8 napoletano a casa, con un equilibrio tra qualit\u00e0 e prezzo imbattibile.<\/strong><\/p>\n<p>Con questo prodotto, Passalacqua garantisce ai suoi clienti l&#8217;eccellente qualit\u00e0 del caff\u00e8 a casa, per godersi una tazza di caff\u00e8 ogni volta che si vuole, ma anche per garantire un&#8217;ospitalit\u00e0 di alto livello, dove un caff\u00e8 non deve mai mancare. Non solo una miscela fine, ma anche un metodo di macinazione efficace che la protegge dall&#8217;ambiente esterno e ne conserva a lungo l&#8217;aroma.<\/td>\n<td style=\"width: 35%\"><img decoding=\"async\" src=\"https:\/\/caffeonline.aclas.io\/wp-content\/uploads\/2024\/05\/alambra.png\"><\/td>\n<\/tr>\n<\/tbody>\n<\/table>\n","protected":false},"featured_media":12077,"comment_status":"open","ping_status":"closed","template":"","meta":{"_relevanssi_hide_post":"","_relevanssi_hide_content":"","_relevanssi_pin_for_all":"","_relevanssi_pin_keywords":"","_relevanssi_unpin_keywords":"","_relevanssi_related_keywords":"","_relevanssi_related_include_ids":"","_relevanssi_related_exclude_ids":"","_relevanssi_related_no_append":"","_relevanssi_related_not_related":"","_relevanssi_related_posts":"","_relevanssi_noindex_reason":""},"product_brand":[],"product_cat":[341],"product_tag":[],"class_list":{"0":"post-12494","1":"product","2":"type-product","3":"status-publish","4":"has-post-thumbnail","6":"product_cat-caffe-macinato","7":"pa_brand-caffe-passalacqua-it","8":"has-subscription-plans","10":"first","11":"instock","12":"taxable","13":"shipping-taxable","14":"purchasable","15":"product-type-simple"},"batches":[{"id":"172","date_created":"2024-03-11 11:22:52","date_expiry":"2026-06-30 00:00:00","user_id":"1","batch_number":"","supplier":"","location":"","quantity":"111.0000","quantity_available":"23.0000","units":"1","status":"active","order_ids":"[14878,132545989,132546237,132546944,132547233,132547498,132550045,132550127,132550335,132551778,132551881,132551969,132552046,132552126,132552199,132552369,132552388,132552419,132552723,132553291,132553578,132554129]","po":null}],"_links":{"self":[{"href":"https:\/\/caffeonline.aclas.io\/it\/wp-json\/wp\/v2\/product\/12494","targetHints":{"allow":["GET"]}}],"collection":[{"href":"https:\/\/caffeonline.aclas.io\/it\/wp-json\/wp\/v2\/product"}],"about":[{"href":"https:\/\/caffeonline.aclas.io\/it\/wp-json\/wp\/v2\/types\/product"}],"replies":[{"embeddable":true,"href":"https:\/\/caffeonline.aclas.io\/it\/wp-json\/wp\/v2\/comments?post=12494"}],"wp:featuredmedia":[{"embeddable":true,"href":"https:\/\/caffeonline.aclas.io\/it\/wp-json\/wp\/v2\/media\/12077"}],"wp:attachment":[{"href":"https:\/\/caffeonline.aclas.io\/it\/wp-json\/wp\/v2\/media?parent=12494"}],"wp:term":[{"taxonomy":"product_brand","embeddable":true,"href":"https:\/\/caffeonline.aclas.io\/it\/wp-json\/wp\/v2\/product_brand?post=12494"},{"taxonomy":"product_cat","embeddable":true,"href":"https:\/\/caffeonline.aclas.io\/it\/wp-json\/wp\/v2\/product_cat?post=12494"},{"taxonomy":"product_tag","embeddable":true,"href":"https:\/\/caffeonline.aclas.io\/it\/wp-json\/wp\/v2\/product_tag?post=12494"}],"curies":[{"name":"wp","href":"https:\/\/api.w.org\/{rel}","templated":true}]}}