{"id":12483,"date":"2024-04-10T22:13:25","date_gmt":"2024-04-10T20:13:25","guid":{"rendered":"https:\/\/caffeonline.ch\/produkt\/caffe-passalacqua-capsule-helca-25-pezzi\/"},"modified":"2024-11-09T11:53:47","modified_gmt":"2024-11-09T10:53:47","slug":"caffe-passalacqua-capsule-helca-25-pezzi","status":"publish","type":"product","link":"https:\/\/caffeonline.aclas.io\/it\/produkt\/caffe-passalacqua-capsule-helca-25-pezzi\/","title":{"rendered":"Caff\u00e8 Passalacqua &#8211; Capsule Helca"},"content":{"rendered":"","protected":false},"excerpt":{"rendered":"<table border=\"0\">\n<tbody>\n<tr>\n<td style=\"width: 65%;\"><strong>Helca \u00e8 la miscela creata da Passalacqua per chi ama il caff\u00e8 cremoso e corposo unito alla semplicit\u00e0 dell&#8217;utilizzo delle cialde monodose.<\/strong><\/p>\n<p>Helca \u00e8 una miscela particolarmente equilibrata: offre non solo un aroma intenso, ma anche un gusto forte e una notevole corposit\u00e0 in tazza, dedicata a chi cerca il gusto del vero caff\u00e8 napoletano, quello della tradizione.<\/td>\n<td style=\"width: 35%;\"><img decoding=\"async\" src=\"https:\/\/caffeonline.aclas.io\/wp-content\/uploads\/2024\/05\/helca.png\"><\/td>\n<\/tr>\n<\/tbody>\n<\/table>\n","protected":false},"featured_media":12253,"comment_status":"open","ping_status":"closed","template":"","meta":{"_relevanssi_hide_post":"","_relevanssi_hide_content":"","_relevanssi_pin_for_all":"","_relevanssi_pin_keywords":"","_relevanssi_unpin_keywords":"","_relevanssi_related_keywords":"","_relevanssi_related_include_ids":"","_relevanssi_related_exclude_ids":"","_relevanssi_related_no_append":"","_relevanssi_related_not_related":"","_relevanssi_related_posts":"","_relevanssi_noindex_reason":""},"product_brand":[],"product_cat":[344,560,350],"product_tag":[],"class_list":{"0":"post-12483","1":"product","2":"type-product","3":"status-publish","4":"has-post-thumbnail","6":"product_cat-capsule","7":"product_cat-offerte-speciali","8":"product_cat-sistema-nespresso","9":"pa_brand-caffe-passalacqua-it","10":"has-subscription-plans","12":"first","13":"instock","14":"taxable","15":"shipping-taxable","16":"purchasable","17":"product-type-simple"},"batches":[{"id":"331","date_created":"2024-03-18 11:40:44","date_expiry":"2024-12-31 00:00:00","user_id":"559","batch_number":"","supplier":"","location":"","quantity":"94.0000","quantity_available":"0.0000","units":"1","status":"archived","order_ids":"[15159,15202,15217,15219,15220,15324,15325,15359,15511,15520,15538,15539,15546,15720,15740,15773,15816,15821,15893,15944,15956,16025,16047,16070,16211,16606,16607,16677,16917,17246,132545820,132545999,132546015,132546016,132546017,132546018,132546019]","po":null},{"id":"1437","date_created":"2025-01-31 06:55:34","date_expiry":"2026-12-31 00:00:00","user_id":"559","batch_number":"","supplier":"","location":"","quantity":"60.0000","quantity_available":"1.0000","units":"1","status":"active","order_ids":"[132546944,132547813,132547822,132550193,132551216,132551412,132551622,132551797,132552126,132552233,132552647,132553285,132553707,132554479]","po":null}],"_links":{"self":[{"href":"https:\/\/caffeonline.aclas.io\/it\/wp-json\/wp\/v2\/product\/12483","targetHints":{"allow":["GET"]}}],"collection":[{"href":"https:\/\/caffeonline.aclas.io\/it\/wp-json\/wp\/v2\/product"}],"about":[{"href":"https:\/\/caffeonline.aclas.io\/it\/wp-json\/wp\/v2\/types\/product"}],"replies":[{"embeddable":true,"href":"https:\/\/caffeonline.aclas.io\/it\/wp-json\/wp\/v2\/comments?post=12483"}],"wp:featuredmedia":[{"embeddable":true,"href":"https:\/\/caffeonline.aclas.io\/it\/wp-json\/wp\/v2\/media\/12253"}],"wp:attachment":[{"href":"https:\/\/caffeonline.aclas.io\/it\/wp-json\/wp\/v2\/media?parent=12483"}],"wp:term":[{"taxonomy":"product_brand","embeddable":true,"href":"https:\/\/caffeonline.aclas.io\/it\/wp-json\/wp\/v2\/product_brand?post=12483"},{"taxonomy":"product_cat","embeddable":true,"href":"https:\/\/caffeonline.aclas.io\/it\/wp-json\/wp\/v2\/product_cat?post=12483"},{"taxonomy":"product_tag","embeddable":true,"href":"https:\/\/caffeonline.aclas.io\/it\/wp-json\/wp\/v2\/product_tag?post=12483"}],"curies":[{"name":"wp","href":"https:\/\/api.w.org\/{rel}","templated":true}]}}