{"id":12482,"date":"2024-04-10T22:13:26","date_gmt":"2024-04-10T20:13:26","guid":{"rendered":"https:\/\/caffeonline.ch\/produkt\/kimbo-caffe-intenso-in-grani-500g\/"},"modified":"2026-03-05T19:19:43","modified_gmt":"2026-03-05T18:19:43","slug":"kimbo-caffe-intenso-in-grani-500g","status":"publish","type":"product","link":"https:\/\/caffeonline.aclas.io\/it\/produkt\/kimbo-caffe-intenso-in-grani-500g\/","title":{"rendered":"Kimbo &#8211; Caff\u00e8 in grani Intenso"},"content":{"rendered":"","protected":false},"excerpt":{"rendered":"<ul>\n<li>40% Arabica e 60% Robusta<\/li>\n<li>Tostatura napoletana classica<\/li>\n<li>Crema densa e duratura<\/li>\n<li>Gusto intenso con una nota leggermente dolce<\/li>\n<\/ul>\n<p><strong>Classica tostatura napoletana<br \/>\n<\/strong>La tostatura Aroma Intenso di Kimbo \u00e8 composta per il 40% da grani Arabica e per il 60% da grani Robusta. L&#8217;alta percentuale di Robusta, in combinazione con la classica tostatura napoletana, d\u00e0 luogo a una crema particolarmente densa e duratura. Come suggerisce il nome, questa miscela di espresso \u00e8 particolarmente intensa.<\/p>\n<p><strong>Corposit\u00e0 piena<br \/>\n<\/strong>L&#8217;Aroma Intenso ha note leggermente dolci. Il corpo \u00e8 particolarmente corposo, il che lo rende la base perfetta per le specialit\u00e0 a base di caff\u00e8 con latte. L&#8217;espresso \u00e8 ugualmente adatto alla preparazione in un portafiltro e in una macchina da caff\u00e8 completamente automatica.<\/p>\n","protected":false},"featured_media":15368,"comment_status":"open","ping_status":"closed","template":"","meta":{"_relevanssi_hide_post":"","_relevanssi_hide_content":"","_relevanssi_pin_for_all":"","_relevanssi_pin_keywords":"","_relevanssi_unpin_keywords":"","_relevanssi_related_keywords":"","_relevanssi_related_include_ids":"","_relevanssi_related_exclude_ids":"","_relevanssi_related_no_append":"","_relevanssi_related_not_related":"","_relevanssi_related_posts":"","_relevanssi_noindex_reason":""},"product_brand":[],"product_cat":[340],"product_tag":[],"class_list":{"0":"post-12482","1":"product","2":"type-product","3":"status-publish","4":"has-post-thumbnail","6":"product_cat-caffe-in-grani","7":"pa_brand-kimbo-it","8":"has-subscription-plans","10":"first","11":"outofstock","12":"taxable","13":"shipping-taxable","14":"purchasable","15":"product-type-simple"},"batches":[{"id":"556","date_created":"2024-07-15 20:43:47","date_expiry":"2026-01-25 00:00:00","user_id":"559","batch_number":"","supplier":"","location":"","quantity":"139.0000","quantity_available":"0.0000","units":"1","status":"archived","order_ids":"[16175,16790,17055,17172,17249]","po":null},{"id":"1135","date_created":"2024-12-04 17:56:43","date_expiry":"2026-10-30 00:00:00","user_id":"559","batch_number":"","supplier":"","location":"","quantity":"120.0000","quantity_available":"0.0000","units":"1","status":"archived","order_ids":"[17249,17267,132545878,132546027,132546029,132546111,132546132]","po":null},{"id":"1401","date_created":"2025-01-22 20:44:38","date_expiry":"2026-03-20 00:00:00","user_id":"559","batch_number":"","supplier":"","location":"","quantity":"60.0000","quantity_available":"0.0000","units":"1","status":"archived","order_ids":"[132546497]","po":null},{"id":"1429","date_created":"2025-01-29 22:39:12","date_expiry":"2026-03-20 00:00:00","user_id":"559","batch_number":"","supplier":"","location":"","quantity":"24.0000","quantity_available":"0.0000","units":"1","status":"archived","order_ids":"[132546602]","po":null},{"id":"1481","date_created":"2025-02-06 00:21:30","date_expiry":"2026-03-20 00:00:00","user_id":"559","batch_number":"","supplier":"","location":"","quantity":"12.0000","quantity_available":"0.0000","units":"1","status":"archived","order_ids":"[132547285,132547573]","po":null},{"id":"1490","date_created":"2025-02-06 13:56:08","date_expiry":"2026-10-29 00:00:00","user_id":"559","batch_number":"","supplier":"","location":"","quantity":"60.0000","quantity_available":"0.0000","units":"1","status":"archived","order_ids":"[132547573,132547586,132547749,132547759,132547864]","po":null},{"id":"1664","date_created":"2025-03-10 20:16:17","date_expiry":"2026-10-29 00:00:00","user_id":"559","batch_number":"","supplier":"","location":"","quantity":"120.0000","quantity_available":"0.0000","units":"1","status":"archived","order_ids":"[132547864,132548041,132548097,132548120,132548222,132549231]","po":null},{"id":"1913","date_created":"2025-05-13 16:46:52","date_expiry":"2026-03-20 00:00:00","user_id":"559","batch_number":"","supplier":"","location":"","quantity":"11.0000","quantity_available":"0.0000","units":"1","status":"archived","order_ids":"[132549385]","po":null},{"id":"2028","date_created":"2025-06-14 12:09:23","date_expiry":"2027-05-22 00:00:00","user_id":"559","batch_number":"","supplier":"","location":"","quantity":"100.0000","quantity_available":"0.0000","units":"1","status":"archived","order_ids":"[132549812,132549822,132550008,132550022,132550176]","po":null},{"id":"2195","date_created":"2025-08-20 19:55:15","date_expiry":"2027-05-23 00:00:00","user_id":"2","batch_number":"","supplier":"","location":"","quantity":"100.0000","quantity_available":"0.0000","units":"1","status":"archived","order_ids":"[132550981,132551117,132551235]","po":null},{"id":"2199","date_created":"2025-08-20 20:06:39","date_expiry":"2027-05-22 00:00:00","user_id":"2","batch_number":"","supplier":"","location":"","quantity":"14.0000","quantity_available":"0.0000","units":"1","status":"archived","order_ids":"[132550820,132550859,132550981]","po":null},{"id":"2563","date_created":"2025-10-27 09:58:02","date_expiry":"2027-09-09 00:00:00","user_id":"2","batch_number":"","supplier":"","location":"","quantity":"100.0000","quantity_available":"0.0000","units":"1","status":"archived","order_ids":"[132551773,132551778,132552185,132552327,132552440,132552701,132552707,132552759]","po":null},{"id":"2745","date_created":"2025-11-21 15:26:20","date_expiry":"2027-11-10 00:00:00","user_id":"2","batch_number":"","supplier":"","location":"","quantity":"100.0000","quantity_available":"0.0000","units":"1","status":"archived","order_ids":"[132552759,132552793,132552803,132553065,132553068,132553073,132553462,132553649,132553734,132553833,132554109]","po":null}],"_links":{"self":[{"href":"https:\/\/caffeonline.aclas.io\/it\/wp-json\/wp\/v2\/product\/12482","targetHints":{"allow":["GET"]}}],"collection":[{"href":"https:\/\/caffeonline.aclas.io\/it\/wp-json\/wp\/v2\/product"}],"about":[{"href":"https:\/\/caffeonline.aclas.io\/it\/wp-json\/wp\/v2\/types\/product"}],"replies":[{"embeddable":true,"href":"https:\/\/caffeonline.aclas.io\/it\/wp-json\/wp\/v2\/comments?post=12482"}],"wp:featuredmedia":[{"embeddable":true,"href":"https:\/\/caffeonline.aclas.io\/it\/wp-json\/wp\/v2\/media\/15368"}],"wp:attachment":[{"href":"https:\/\/caffeonline.aclas.io\/it\/wp-json\/wp\/v2\/media?parent=12482"}],"wp:term":[{"taxonomy":"product_brand","embeddable":true,"href":"https:\/\/caffeonline.aclas.io\/it\/wp-json\/wp\/v2\/product_brand?post=12482"},{"taxonomy":"product_cat","embeddable":true,"href":"https:\/\/caffeonline.aclas.io\/it\/wp-json\/wp\/v2\/product_cat?post=12482"},{"taxonomy":"product_tag","embeddable":true,"href":"https:\/\/caffeonline.aclas.io\/it\/wp-json\/wp\/v2\/product_tag?post=12482"}],"curies":[{"name":"wp","href":"https:\/\/api.w.org\/{rel}","templated":true}]}}