{"id":12480,"date":"2024-04-10T22:13:42","date_gmt":"2024-04-10T20:13:42","guid":{"rendered":"https:\/\/caffeonline.ch\/produkt\/caffe-passalacqua-caffe-in-grani-ibis-redibis-1kg\/"},"modified":"2026-02-12T16:53:36","modified_gmt":"2026-02-12T15:53:36","slug":"caffe-passalacqua-caffe-in-grani-ibis-redibis-1kg","status":"publish","type":"product","link":"https:\/\/caffeonline.aclas.io\/it\/produkt\/caffe-passalacqua-caffe-in-grani-ibis-redibis-1kg\/","title":{"rendered":"Caff\u00e8 Passalacqua &#8211; Caff\u00e8 in grani Ibis Redibis"},"content":{"rendered":"","protected":false},"excerpt":{"rendered":"<table border=\"0\">\n<tbody>\n<tr>\n<td style=\"width: 65%\"><strong>Ibis Redibis \u00e8 la miscela di caff\u00e8 Passalacqua in grado di offrire un eccezionale rapporto qualit\u00e0\/prezzo per bar e ristoranti, con un packaging impeccabile e la notevole comodit\u00e0 di grani grandi in contenitori da 1 chilo.<\/strong><\/p>\n<p>Con una miscela pregiata e appositamente selezionata di caff\u00e8 Arabica e Robusta provenienti dalle migliori piantagioni, questa miscela viene sottoposta a una tostatura scura per garantire l&#8217;alta qualit\u00e0 dell&#8217;espresso. Grazie ai suoi sapori fini e al gusto ricco e intenso, Ibis Redibis non ha rivali nelle sue tazze corpose, una miscela per chi ama un caff\u00e8 forte e brillante.<\/p>\n<p>Nasce dall&#8217;attenta selezione di 3 origini diverse; scegli solo la migliore qualit\u00e0 sul mercato: Ibis Redibis proviene da caff\u00e8 in grani senza difetti, accuratamente selezionati e tostati per dare il meglio in tazza dopo l&#8217;estrazione con la macchina per espresso. Come tutte le miscele di caff\u00e8 Passalacqua, Ibis Redibis ha un retrogusto piacevole che permane a lungo. Una miscela impeccabile, offerta da Passalacqua a un prezzo particolarmente vantaggioso, per dare a tutti la possibilit\u00e0 di gustare un &#8220;buon caff\u00e8&#8221;.<\/td>\n<td style=\"width: 35%\"><img decoding=\"async\" src=\"https:\/\/caffeonline.aclas.io\/wp-content\/uploads\/2024\/05\/ibis-redibis.png\"><\/td>\n<\/tr>\n<\/tbody>\n<\/table>\n","protected":false},"featured_media":12079,"comment_status":"open","ping_status":"closed","template":"","meta":{"_relevanssi_hide_post":"","_relevanssi_hide_content":"","_relevanssi_pin_for_all":"","_relevanssi_pin_keywords":"","_relevanssi_unpin_keywords":"","_relevanssi_related_keywords":"","_relevanssi_related_include_ids":"","_relevanssi_related_exclude_ids":"","_relevanssi_related_no_append":"","_relevanssi_related_not_related":"","_relevanssi_related_posts":"","_relevanssi_noindex_reason":""},"product_brand":[],"product_cat":[120],"product_tag":[],"class_list":{"0":"post-12480","1":"product","2":"type-product","3":"status-publish","4":"has-post-thumbnail","6":"product_cat-kaffeebohnen","7":"pa_brand-caffe-passalacqua-it","8":"has-subscription-plans","10":"first","11":"instock","12":"taxable","13":"shipping-taxable","14":"purchasable","15":"product-type-simple"},"batches":[{"id":"173","date_created":"2024-03-11 11:26:24","date_expiry":"2025-12-31 00:00:00","user_id":"559","batch_number":"","supplier":"","location":"","quantity":"30.0000","quantity_available":"0.0000","units":"1","status":"archived","order_ids":"[]","po":null},{"id":"3184","date_created":"2026-02-12 15:53:12","date_expiry":"2026-12-31 00:00:00","user_id":"2","batch_number":"","supplier":"","location":"","quantity":"6.0000","quantity_available":"6.0000","units":"1","status":"active","order_ids":null,"po":null}],"_links":{"self":[{"href":"https:\/\/caffeonline.aclas.io\/it\/wp-json\/wp\/v2\/product\/12480","targetHints":{"allow":["GET"]}}],"collection":[{"href":"https:\/\/caffeonline.aclas.io\/it\/wp-json\/wp\/v2\/product"}],"about":[{"href":"https:\/\/caffeonline.aclas.io\/it\/wp-json\/wp\/v2\/types\/product"}],"replies":[{"embeddable":true,"href":"https:\/\/caffeonline.aclas.io\/it\/wp-json\/wp\/v2\/comments?post=12480"}],"wp:featuredmedia":[{"embeddable":true,"href":"https:\/\/caffeonline.aclas.io\/it\/wp-json\/wp\/v2\/media\/12079"}],"wp:attachment":[{"href":"https:\/\/caffeonline.aclas.io\/it\/wp-json\/wp\/v2\/media?parent=12480"}],"wp:term":[{"taxonomy":"product_brand","embeddable":true,"href":"https:\/\/caffeonline.aclas.io\/it\/wp-json\/wp\/v2\/product_brand?post=12480"},{"taxonomy":"product_cat","embeddable":true,"href":"https:\/\/caffeonline.aclas.io\/it\/wp-json\/wp\/v2\/product_cat?post=12480"},{"taxonomy":"product_tag","embeddable":true,"href":"https:\/\/caffeonline.aclas.io\/it\/wp-json\/wp\/v2\/product_tag?post=12480"}],"curies":[{"name":"wp","href":"https:\/\/api.w.org\/{rel}","templated":true}]}}