{"id":12478,"date":"2024-04-10T22:13:43","date_gmt":"2024-04-10T20:13:43","guid":{"rendered":"https:\/\/caffeonline.ch\/produkt\/caffe-passalacqua-caffe-in-grani-vesuvio-1kg\/"},"modified":"2026-03-18T13:17:26","modified_gmt":"2026-03-18T12:17:26","slug":"caffe-passalacqua-caffe-in-grani-vesuvio-1kg","status":"publish","type":"product","link":"https:\/\/caffeonline.aclas.io\/it\/produkt\/caffe-passalacqua-caffe-in-grani-vesuvio-1kg\/","title":{"rendered":"Caff\u00e8 Passalacqua &#8211; Caff\u00e8 in grani Vesuvio"},"content":{"rendered":"","protected":false},"excerpt":{"rendered":"<table border=\"0\">\n<tbody>\n<tr>\n<td style=\"width: 65%\"><strong>I fiori, il sapore e la corposit\u00e0 sono perfetti per essere bevuti al bar: Vesuvio, la miscela di caff\u00e8 Passalacqua per chi non vuole mai rinunciare a un vero espresso napoletano.<\/strong><\/p>\n<p>Con 5 origini di caff\u00e8, Vesuvio \u00e8 una delle miscele pi\u00f9 equilibrate del catalogo Passalacqua, dedicata a bar e ristoranti. Grazie a una miscela perfetta dei migliori caff\u00e8 Arabica e delle pi\u00f9 pregiate variet\u00e0 Robusta, il Vesuvio raggiunge un equilibrio perfetto in tazza tra un aroma intenso, un corpo perfetto, un sapore prolungato e la cremosit\u00e0 tipica del caff\u00e8 napoletano, che rende la tazza ricca e piena.<\/td>\n<td style=\"width: 35%\"><img decoding=\"async\" src=\"https:\/\/caffeonline.aclas.io\/wp-content\/uploads\/2024\/05\/vesuvio-1.png\"><\/td>\n<\/tr>\n<\/tbody>\n<\/table>\n","protected":false},"featured_media":12249,"comment_status":"open","ping_status":"closed","template":"","meta":{"_relevanssi_hide_post":"","_relevanssi_hide_content":"","_relevanssi_pin_for_all":"","_relevanssi_pin_keywords":"","_relevanssi_unpin_keywords":"","_relevanssi_related_keywords":"","_relevanssi_related_include_ids":"","_relevanssi_related_exclude_ids":"","_relevanssi_related_no_append":"","_relevanssi_related_not_related":"","_relevanssi_related_posts":"","_relevanssi_noindex_reason":""},"product_brand":[],"product_cat":[340],"product_tag":[],"class_list":{"0":"post-12478","1":"product","2":"type-product","3":"status-publish","4":"has-post-thumbnail","6":"product_cat-caffe-in-grani","7":"pa_brand-caffe-passalacqua-it","8":"has-subscription-plans","10":"first","11":"instock","12":"taxable","13":"shipping-taxable","14":"purchasable","15":"product-type-simple"},"batches":[{"id":"355","date_created":"2024-03-23 11:50:18","date_expiry":"2025-12-31 00:00:00","user_id":"559","batch_number":"","supplier":"","location":"","quantity":"36.0000","quantity_available":"0.0000","units":"1","status":"archived","order_ids":"[14854,14931,16028,132546497,132546569]","po":null},{"id":"3190","date_created":"2026-02-12 16:15:31","date_expiry":"2027-12-31 00:00:00","user_id":"2","batch_number":"","supplier":"","location":"","quantity":"12.0000","quantity_available":"9.0000","units":"1","status":"active","order_ids":"[132553735,132553746,132554516]","po":null}],"_links":{"self":[{"href":"https:\/\/caffeonline.aclas.io\/it\/wp-json\/wp\/v2\/product\/12478","targetHints":{"allow":["GET"]}}],"collection":[{"href":"https:\/\/caffeonline.aclas.io\/it\/wp-json\/wp\/v2\/product"}],"about":[{"href":"https:\/\/caffeonline.aclas.io\/it\/wp-json\/wp\/v2\/types\/product"}],"replies":[{"embeddable":true,"href":"https:\/\/caffeonline.aclas.io\/it\/wp-json\/wp\/v2\/comments?post=12478"}],"wp:featuredmedia":[{"embeddable":true,"href":"https:\/\/caffeonline.aclas.io\/it\/wp-json\/wp\/v2\/media\/12249"}],"wp:attachment":[{"href":"https:\/\/caffeonline.aclas.io\/it\/wp-json\/wp\/v2\/media?parent=12478"}],"wp:term":[{"taxonomy":"product_brand","embeddable":true,"href":"https:\/\/caffeonline.aclas.io\/it\/wp-json\/wp\/v2\/product_brand?post=12478"},{"taxonomy":"product_cat","embeddable":true,"href":"https:\/\/caffeonline.aclas.io\/it\/wp-json\/wp\/v2\/product_cat?post=12478"},{"taxonomy":"product_tag","embeddable":true,"href":"https:\/\/caffeonline.aclas.io\/it\/wp-json\/wp\/v2\/product_tag?post=12478"}],"curies":[{"name":"wp","href":"https:\/\/api.w.org\/{rel}","templated":true}]}}