{"id":12475,"date":"2024-04-10T22:13:26","date_gmt":"2024-04-10T20:13:26","guid":{"rendered":"https:\/\/caffeonline.ch\/produkt\/lollo-caffe-caffe-in-grani-oro-1kg\/"},"modified":"2025-09-29T09:46:22","modified_gmt":"2025-09-29T07:46:22","slug":"lollo-caffe-caffe-in-grani-oro-1kg","status":"publish","type":"product","link":"https:\/\/caffeonline.aclas.io\/it\/produkt\/lollo-caffe-caffe-in-grani-oro-1kg\/","title":{"rendered":"Lollo Caff\u00e8 &#8211; Caff\u00e8 in grani Oro"},"content":{"rendered":"","protected":false},"excerpt":{"rendered":"<p>I <strong>chicchi di caff\u00e8 Lollo Caff\u00e8 Oro<\/strong> sono una miscela con un&#8217;alta percentuale di grani arabi, che conferiscono alla tazze un aroma prezioso e unico. Questa miscela delicata ed elegante offre una crema dolce e perfettamente bilanciata con un retrogusto morbido e leggero.<\/p>\n<p><strong>Miscelazione e tostatura:<\/strong><\/p>\n<ul>\n<li><strong>Tostatura:<\/strong> media<\/li>\n<li><strong>Tipo di chicco:<\/strong> 70% Arabica, 30% Robusta<\/li>\n<li><strong>Intensit\u00e0:<\/strong> 7\/10<\/li>\n<\/ul>\n<p><strong>Profilo sensoriale:<\/strong><\/p>\n<ul>\n<li><strong>Aroma:<\/strong> 9\/10<\/li>\n<li><strong>Corposit\u00e0:<\/strong> 8\/10<\/li>\n<li><strong>Ricchezza:<\/strong> 9\/10<\/li>\n<li><strong>Persistenza:<\/strong> 9\/10<\/li>\n<\/ul>\n","protected":false},"featured_media":132551314,"comment_status":"open","ping_status":"closed","template":"","meta":{"_relevanssi_hide_post":"","_relevanssi_hide_content":"","_relevanssi_pin_for_all":"","_relevanssi_pin_keywords":"","_relevanssi_unpin_keywords":"","_relevanssi_related_keywords":"","_relevanssi_related_include_ids":"","_relevanssi_related_exclude_ids":"","_relevanssi_related_no_append":"","_relevanssi_related_not_related":"","_relevanssi_related_posts":"","_relevanssi_noindex_reason":""},"product_brand":[],"product_cat":[340],"product_tag":[],"class_list":{"0":"post-12475","1":"product","2":"type-product","3":"status-publish","4":"has-post-thumbnail","6":"product_cat-caffe-in-grani","7":"pa_brand-lollo-caffe-it","8":"has-subscription-plans","10":"first","11":"instock","12":"taxable","13":"shipping-taxable","14":"purchasable","15":"product-type-simple"},"batches":[{"id":"95","date_created":"2024-03-09 07:48:16","date_expiry":"2025-12-31 00:00:00","user_id":"1","batch_number":"","supplier":"","location":"","quantity":"30.0000","quantity_available":"0.0000","units":"1","status":"archived","order_ids":"[14448,14454,16028,16781,132545842,132546132,132546246,132546249,132546497,132546944,132547134,132547160,132547437,132547971,132548319,132548320,132549258,132549359,132549594,132549812,132549871,132549891,132549904]","po":null},{"id":"2169","date_created":"2025-08-11 15:53:49","date_expiry":"2025-12-30 00:00:00","user_id":"1","batch_number":"","supplier":"","location":"","quantity":"4.0000","quantity_available":"0.0000","units":"1","status":"archived","order_ids":"[132550353]","po":null},{"id":"2170","date_created":"2025-08-11 15:55:17","date_expiry":"2026-12-30 00:00:00","user_id":"1","batch_number":"","supplier":"","location":"","quantity":"13.0000","quantity_available":"0.0000","units":"1","status":"archived","order_ids":"[132550857,132550874,132550926,132550930,132550956,132551168,132551283,132551290]","po":null},{"id":"2366","date_created":"2025-09-17 15:15:10","date_expiry":"2027-06-30 00:00:00","user_id":"1","batch_number":"","supplier":"","location":"","quantity":"18.0000","quantity_available":"0.0000","units":"1","status":"archived","order_ids":"[132551290,132551291,132551412]","po":null},{"id":"2382","date_created":"2025-09-20 12:58:28","date_expiry":"2027-06-30 00:00:00","user_id":"1","batch_number":"","supplier":"","location":"","quantity":"162.0000","quantity_available":"0.0000","units":"1","status":"archived","order_ids":"[132551424,132551715,132552126,132552156,132552266,132552370,132552426,132552596,132552614,132552759,132552875,132552876,132552884,132553159]","po":null},{"id":"3166","date_created":"2026-02-10 18:57:52","date_expiry":"2027-06-30 00:00:00","user_id":"2","batch_number":"","supplier":"","location":"","quantity":"59.0000","quantity_available":"36.0000","units":"1","status":"active","order_ids":"[132553578,132553734,132553841,132554109,132554432,132554513]","po":null}],"_links":{"self":[{"href":"https:\/\/caffeonline.aclas.io\/it\/wp-json\/wp\/v2\/product\/12475","targetHints":{"allow":["GET"]}}],"collection":[{"href":"https:\/\/caffeonline.aclas.io\/it\/wp-json\/wp\/v2\/product"}],"about":[{"href":"https:\/\/caffeonline.aclas.io\/it\/wp-json\/wp\/v2\/types\/product"}],"replies":[{"embeddable":true,"href":"https:\/\/caffeonline.aclas.io\/it\/wp-json\/wp\/v2\/comments?post=12475"}],"wp:featuredmedia":[{"embeddable":true,"href":"https:\/\/caffeonline.aclas.io\/it\/wp-json\/wp\/v2\/media\/132551314"}],"wp:attachment":[{"href":"https:\/\/caffeonline.aclas.io\/it\/wp-json\/wp\/v2\/media?parent=12475"}],"wp:term":[{"taxonomy":"product_brand","embeddable":true,"href":"https:\/\/caffeonline.aclas.io\/it\/wp-json\/wp\/v2\/product_brand?post=12475"},{"taxonomy":"product_cat","embeddable":true,"href":"https:\/\/caffeonline.aclas.io\/it\/wp-json\/wp\/v2\/product_cat?post=12475"},{"taxonomy":"product_tag","embeddable":true,"href":"https:\/\/caffeonline.aclas.io\/it\/wp-json\/wp\/v2\/product_tag?post=12475"}],"curies":[{"name":"wp","href":"https:\/\/api.w.org\/{rel}","templated":true}]}}