{"id":12471,"date":"2024-04-10T22:13:31","date_gmt":"2024-04-10T20:13:31","guid":{"rendered":"https:\/\/caffeonline.ch\/produkt\/doncaffe-ese-pads-avvolgente-long-150-pezzi\/"},"modified":"2024-10-10T18:43:54","modified_gmt":"2024-10-10T16:43:54","slug":"doncaffe-ese-pads-avvolgente-long-150-pezzi","status":"publish","type":"product","link":"https:\/\/caffeonline.aclas.io\/it\/produkt\/doncaffe-ese-pads-avvolgente-long-150-pezzi\/","title":{"rendered":"Doncaff\u00e8 &#8211; Cialde ESE Avvolgente Long"},"content":{"rendered":"","protected":false},"excerpt":{"rendered":"<p><strong>Doncaff\u00e8 Avvolgente Long<\/strong> \u00e8 una scelta squisita per gli intenditori della cultura svizzera del caff\u00e8 che apprezzano il <strong>caff\u00e8 lungo<\/strong>.<\/p>\n<p>La macinatura \u00e8 meno fine di quella di un espresso classico, il che aiuta a far emergere la variet\u00e0 e la profondit\u00e0 dei sapori in un&#8217;estrazione di oltre 160 ml. Il Doncaff\u00e8 Avvolgente Long viene tradizionalmente servito con un tocco di cremino o panna. Questo sapore extra aggiunge una dimensione in pi\u00f9 e trasforma il consumo di caff\u00e8 in un momento di puro piacere ed eleganza.<\/p>\n<p>Le cialde sono progettate in modo da poter essere preparate in modo facile e veloce, preservando al massimo l&#8217;essenza e la freschezza del caff\u00e8.<\/p>\n","protected":false},"featured_media":132547406,"comment_status":"open","ping_status":"closed","template":"","meta":{"_relevanssi_hide_post":"","_relevanssi_hide_content":"","_relevanssi_pin_for_all":"","_relevanssi_pin_keywords":"","_relevanssi_unpin_keywords":"","_relevanssi_related_keywords":"","_relevanssi_related_include_ids":"","_relevanssi_related_exclude_ids":"","_relevanssi_related_no_append":"","_relevanssi_related_not_related":"","_relevanssi_related_posts":"","_relevanssi_noindex_reason":""},"product_brand":[],"product_cat":[338],"product_tag":[],"class_list":{"0":"post-12471","1":"product","2":"type-product","3":"status-publish","4":"has-post-thumbnail","6":"product_cat-cialde-ese","7":"pa_brand-doncaffe-it","8":"has-subscription-plans","10":"first","11":"instock","12":"sale","13":"taxable","14":"shipping-taxable","15":"purchasable","16":"product-type-simple"},"batches":[{"id":"320","date_created":"2024-03-18 10:20:44","date_expiry":"2026-01-31 00:00:00","user_id":"559","batch_number":"","supplier":"","location":"","quantity":"55.0000","quantity_available":"0.0000","units":"1","status":"archived","order_ids":"[14770,15826,16105,16120,16509,17195,132546050,132546219,132546274,132546314,132547037]","po":null},{"id":"1603","date_created":"2025-03-01 12:39:40","date_expiry":"2026-01-19 00:00:00","user_id":"559","batch_number":"","supplier":"","location":"","quantity":"4.0000","quantity_available":"0.0000","units":"1","status":"archived","order_ids":"[132547556,132547767,132548128]","po":null},{"id":"2926","date_created":"2026-01-05 17:53:33","date_expiry":"2027-12-10 00:00:00","user_id":"2","batch_number":"","supplier":"","location":"","quantity":"50.0000","quantity_available":"40.0000","units":"1","status":"active","order_ids":"[132552873,132552900,132553108,132553513,132553725]","po":null}],"_links":{"self":[{"href":"https:\/\/caffeonline.aclas.io\/it\/wp-json\/wp\/v2\/product\/12471","targetHints":{"allow":["GET"]}}],"collection":[{"href":"https:\/\/caffeonline.aclas.io\/it\/wp-json\/wp\/v2\/product"}],"about":[{"href":"https:\/\/caffeonline.aclas.io\/it\/wp-json\/wp\/v2\/types\/product"}],"replies":[{"embeddable":true,"href":"https:\/\/caffeonline.aclas.io\/it\/wp-json\/wp\/v2\/comments?post=12471"}],"wp:featuredmedia":[{"embeddable":true,"href":"https:\/\/caffeonline.aclas.io\/it\/wp-json\/wp\/v2\/media\/132547406"}],"wp:attachment":[{"href":"https:\/\/caffeonline.aclas.io\/it\/wp-json\/wp\/v2\/media?parent=12471"}],"wp:term":[{"taxonomy":"product_brand","embeddable":true,"href":"https:\/\/caffeonline.aclas.io\/it\/wp-json\/wp\/v2\/product_brand?post=12471"},{"taxonomy":"product_cat","embeddable":true,"href":"https:\/\/caffeonline.aclas.io\/it\/wp-json\/wp\/v2\/product_cat?post=12471"},{"taxonomy":"product_tag","embeddable":true,"href":"https:\/\/caffeonline.aclas.io\/it\/wp-json\/wp\/v2\/product_tag?post=12471"}],"curies":[{"name":"wp","href":"https:\/\/api.w.org\/{rel}","templated":true}]}}