{"id":12412,"date":"2024-04-10T22:13:24","date_gmt":"2024-04-10T20:13:24","guid":{"rendered":"https:\/\/caffeonline.ch\/produkt\/kimbo-caffe-in-grani-crema-extra-1kg\/"},"modified":"2025-09-29T09:46:22","modified_gmt":"2025-09-29T07:46:22","slug":"kimbo-caffe-in-grani-crema-extra-1kg","status":"publish","type":"product","link":"https:\/\/caffeonline.aclas.io\/it\/produkt\/kimbo-caffe-in-grani-crema-extra-1kg\/","title":{"rendered":"Kimbo &#8211; Caff\u00e8 in grani Extra Cream"},"content":{"rendered":"","protected":false},"excerpt":{"rendered":"<ul>\n<li>40% Arabica e 60% Robusta<\/li>\n<li>Chicchi dell&#8217;America centrale e meridionale<\/li>\n<li>Sapore forte e intenso<\/li>\n<li>Corpo equilibrato e crema densa<\/li>\n<\/ul>\n<p><strong>Miscela di caff\u00e8 espresso cremoso<\/strong><br \/>\nKimbo Extra Cream \u00e8 composto per il 40% da chicchi di caff\u00e8 Arabica e per il 60% da chicchi di caff\u00e8 Robusta provenienti dall&#8217;America centrale e meridionale, bilanciati da una buona percentuale di Robusta indiana. Questo espresso intenso presenta un perfetto equilibrio tra dolcezza e note fruttate, accompagnato da un sapore forte e intenso. Il sapore di Extra Cream \u00e8 convincente con le sue note speziate di cannella, pepe e note che ricordano la liquirizia. Il corpo equilibrato e la crema densa e duratura completano questa miscela. L&#8217;elenco dei benefici di questa miscela \u00e8 completato da un contenuto di caffeina medio-forte. Ci\u00f2 significa che puoi gustare questo caff\u00e8 pi\u00f9 volte al giorno o anche la sera con una buona sensazione.<\/p>\n<p><strong>Lo stile di vita napoletano in una macchina da caff\u00e8 completamente automatica<br \/>\n<\/strong>La maggiore percentuale di chicchi di Robusta rende Extra Cream particolarmente adatta alla preparazione in una macchina da caff\u00e8 automatica, sia come espresso che in combinazione con specialit\u00e0 a base di latte come il cappuccino o il latte macchiato. I sapori fini e dolci sono particolarmente efficaci.<\/p>\n<p><strong>Gode di grande popolarit\u00e0<br \/>\n<\/strong>Kimbo Extra Cream gode di grande popolarit\u00e0 nell&#8217;assortimento della tradizionale torrefazione napoletana. \u00c8 una questione che sta molto a cuore alla torrefazione: rendere l&#8217;amore per il caff\u00e8 onnipresente in tutta la citt\u00e0 e oltre i suoi confini. Kimbo Espresso Extra Cream \u00e8 particolarmente apprezzato nel settore della ristorazione, dove apporta molto sapore alle tazze.<\/p>\n","protected":false},"featured_media":12255,"comment_status":"open","ping_status":"closed","template":"","meta":{"_relevanssi_hide_post":"","_relevanssi_hide_content":"","_relevanssi_pin_for_all":"","_relevanssi_pin_keywords":"","_relevanssi_unpin_keywords":"","_relevanssi_related_keywords":"","_relevanssi_related_include_ids":"","_relevanssi_related_exclude_ids":"","_relevanssi_related_no_append":"","_relevanssi_related_not_related":"","_relevanssi_related_posts":"","_relevanssi_noindex_reason":""},"product_brand":[],"product_cat":[340],"product_tag":[],"class_list":{"0":"post-12412","1":"product","2":"type-product","3":"status-publish","4":"has-post-thumbnail","6":"product_cat-caffe-in-grani","7":"pa_brand-kimbo-it","8":"has-subscription-plans","10":"first","11":"outofstock","12":"taxable","13":"shipping-taxable","14":"purchasable","15":"product-type-simple"},"batches":[{"id":"1136","date_created":"2024-12-04 17:57:42","date_expiry":"2026-10-30 00:00:00","user_id":"559","batch_number":"","supplier":"","location":"","quantity":"30.0000","quantity_available":"0.0000","units":"1","status":"archived","order_ids":"[17253,132545792,132546295,132546401,132546860,132547088]","po":null},{"id":"1665","date_created":"2025-03-10 20:23:28","date_expiry":"2026-08-06 00:00:00","user_id":"559","batch_number":"","supplier":"","location":"","quantity":"60.0000","quantity_available":"0.0000","units":"1","status":"archived","order_ids":"[132547259,132547420,132547463,132547550,132547572,132548196,132548317,132549598,132550070,132550100,132550114,132550150,132550163,132550190,132550191,132550333,132551056,132551290,132551403]","po":null}],"_links":{"self":[{"href":"https:\/\/caffeonline.aclas.io\/it\/wp-json\/wp\/v2\/product\/12412","targetHints":{"allow":["GET"]}}],"collection":[{"href":"https:\/\/caffeonline.aclas.io\/it\/wp-json\/wp\/v2\/product"}],"about":[{"href":"https:\/\/caffeonline.aclas.io\/it\/wp-json\/wp\/v2\/types\/product"}],"replies":[{"embeddable":true,"href":"https:\/\/caffeonline.aclas.io\/it\/wp-json\/wp\/v2\/comments?post=12412"}],"wp:featuredmedia":[{"embeddable":true,"href":"https:\/\/caffeonline.aclas.io\/it\/wp-json\/wp\/v2\/media\/12255"}],"wp:attachment":[{"href":"https:\/\/caffeonline.aclas.io\/it\/wp-json\/wp\/v2\/media?parent=12412"}],"wp:term":[{"taxonomy":"product_brand","embeddable":true,"href":"https:\/\/caffeonline.aclas.io\/it\/wp-json\/wp\/v2\/product_brand?post=12412"},{"taxonomy":"product_cat","embeddable":true,"href":"https:\/\/caffeonline.aclas.io\/it\/wp-json\/wp\/v2\/product_cat?post=12412"},{"taxonomy":"product_tag","embeddable":true,"href":"https:\/\/caffeonline.aclas.io\/it\/wp-json\/wp\/v2\/product_tag?post=12412"}],"curies":[{"name":"wp","href":"https:\/\/api.w.org\/{rel}","templated":true}]}}