{"id":132553685,"date":"2026-02-21T15:57:39","date_gmt":"2026-02-21T14:57:39","guid":{"rendered":"https:\/\/caffeonline.ch\/produkt\/ceragol-ultra-detartrant-premium-500-ml\/"},"modified":"2026-02-21T15:57:39","modified_gmt":"2026-02-21T14:57:39","slug":"ceragol-ultra-detartrant-premium-500-ml","status":"publish","type":"product","link":"https:\/\/caffeonline.aclas.io\/fr\/produkt\/ceragol-ultra-detartrant-premium-500-ml\/","title":{"rendered":"Ceragol Ultra \u2013 D\u00e9tartrant Premium 500 ml"},"content":{"rendered":"","protected":false},"excerpt":{"rendered":"<p data-start=\"207\" data-end=\"683\">Le <strong data-start=\"211\" data-end=\"246\">d\u00e9tartrant Ceragol Ultra Premium<\/strong> a \u00e9t\u00e9 d\u00e9velopp\u00e9 en collaboration avec les principaux fabricants de machines et assure un <strong data-start=\"336\" data-end=\"391\">d\u00e9tartrage efficace tout en pr\u00e9servant les mat\u00e9riaux<\/strong> des machines \u00e0 caf\u00e9 et \u00e0 expresso de toutes les marques courantes. Sa formule puissante repose sur l\u2019<strong data-start=\"488\" data-end=\"508\">acide amidosulfonique<\/strong>, l\u2019un des principes actifs les plus efficaces actuellement pour \u00e9liminer de mani\u00e8re fiable les d\u00e9p\u00f4ts de calcaire. Votre machine reste ainsi performante et le go\u00fbt du caf\u00e9 authentique.<\/p>\n<p data-start=\"685\" data-end=\"1148\">Des additifs de haute qualit\u00e9 offrent une <strong data-start=\"726\" data-end=\"762\">protection suppl\u00e9mentaire contre la corrosion des pi\u00e8ces m\u00e9talliques<\/strong> ainsi qu\u2019un effet protecteur sur les <strong data-start=\"797\" data-end=\"837\">composants en plastique et les joints<\/strong>. Cela permet un d\u00e9tartrage en profondeur, m\u00eame avec une concentration \u00e9lev\u00e9e de principe actif, sans endommager l\u2019appareil. Le d\u00e9tartrant convient \u00e9galement au <strong data-start=\"1003\" data-end=\"1022\">d\u00e9tartrage \u00e0 chaud<\/strong>. La durabilit\u00e9 joue ici un r\u00f4le central : la bouteille est compos\u00e9e \u00e0 <strong data-start=\"1096\" data-end=\"1125\">100 % de rPET recycl\u00e9<\/strong>, tout comme l\u2019\u00e9tiquette.<\/p>\n","protected":false},"featured_media":132553677,"comment_status":"open","ping_status":"closed","template":"","meta":{"_relevanssi_hide_post":"","_relevanssi_hide_content":"","_relevanssi_pin_for_all":"","_relevanssi_pin_keywords":"","_relevanssi_unpin_keywords":"","_relevanssi_related_keywords":"","_relevanssi_related_include_ids":"","_relevanssi_related_exclude_ids":"","_relevanssi_related_no_append":"","_relevanssi_related_not_related":"","_relevanssi_related_posts":"","_relevanssi_noindex_reason":""},"product_brand":[],"product_cat":[367],"product_tag":[],"class_list":{"0":"post-132553685","1":"product","2":"type-product","3":"status-publish","4":"has-post-thumbnail","6":"product_cat-accessoires","7":"pa_brand-ceragol-ultra","9":"first","10":"instock","11":"taxable","12":"shipping-taxable","13":"purchasable","14":"product-type-simple"},"batches":[{"id":"3208","date_created":"2026-02-19 17:57:22","date_expiry":null,"user_id":"1","batch_number":"","supplier":"","location":"","quantity":"20.0000","quantity_available":"20.0000","units":"1","status":"active","order_ids":null,"po":null}],"_links":{"self":[{"href":"https:\/\/caffeonline.aclas.io\/fr\/wp-json\/wp\/v2\/product\/132553685","targetHints":{"allow":["GET"]}}],"collection":[{"href":"https:\/\/caffeonline.aclas.io\/fr\/wp-json\/wp\/v2\/product"}],"about":[{"href":"https:\/\/caffeonline.aclas.io\/fr\/wp-json\/wp\/v2\/types\/product"}],"replies":[{"embeddable":true,"href":"https:\/\/caffeonline.aclas.io\/fr\/wp-json\/wp\/v2\/comments?post=132553685"}],"wp:featuredmedia":[{"embeddable":true,"href":"https:\/\/caffeonline.aclas.io\/fr\/wp-json\/wp\/v2\/media\/132553677"}],"wp:attachment":[{"href":"https:\/\/caffeonline.aclas.io\/fr\/wp-json\/wp\/v2\/media?parent=132553685"}],"wp:term":[{"taxonomy":"product_brand","embeddable":true,"href":"https:\/\/caffeonline.aclas.io\/fr\/wp-json\/wp\/v2\/product_brand?post=132553685"},{"taxonomy":"product_cat","embeddable":true,"href":"https:\/\/caffeonline.aclas.io\/fr\/wp-json\/wp\/v2\/product_cat?post=132553685"},{"taxonomy":"product_tag","embeddable":true,"href":"https:\/\/caffeonline.aclas.io\/fr\/wp-json\/wp\/v2\/product_tag?post=132553685"}],"curies":[{"name":"wp","href":"https:\/\/api.w.org\/{rel}","templated":true}]}}