{"id":132553128,"date":"2026-01-24T14:15:26","date_gmt":"2026-01-24T13:15:26","guid":{"rendered":"https:\/\/caffeonline.ch\/?post_type=product&#038;p=132553128"},"modified":"2026-02-21T15:13:56","modified_gmt":"2026-02-21T14:13:56","slug":"caffe-mauro-kapseln-100-arabica","status":"publish","type":"product","link":"https:\/\/caffeonline.aclas.io\/fr\/produkt\/caffe-mauro-kapseln-100-arabica\/","title":{"rendered":"Caff\u00e8 Mauro \u2013 Kapseln 100% Arabica"},"content":{"rendered":"","protected":false},"excerpt":{"rendered":"<p data-start=\"297\" data-end=\"622\">Die <strong data-start=\"301\" data-end=\"326\">100 % Arabica Kapseln<\/strong> von <strong data-start=\"331\" data-end=\"346\">Caff\u00e8 Mauro<\/strong> stehen f\u00fcr einen <strong data-start=\"364\" data-end=\"416\">intensiven, zugleich ausgewogenen Espressogenuss<\/strong>, der durch Klarheit und Eleganz \u00fcberzeugt. Diese reine Arabica-Mischung richtet sich an Kaffeeliebhaber, die einen <strong data-start=\"532\" data-end=\"575\">ausdrucksstarken, aber feinen Geschmack<\/strong> sch\u00e4tzen und Wert auf aromatische Tiefe legen.<\/p>\n<p data-start=\"624\" data-end=\"1049\">Die <strong data-start=\"628\" data-end=\"667\">dunkle, besonders schonende R\u00f6stung<\/strong> bringt die <strong data-start=\"679\" data-end=\"714\">fruchtigen und floralen Nuancen<\/strong> der Bohnen gezielt zur Geltung. Durch den <strong data-start=\"757\" data-end=\"782\">langsamen R\u00f6stprozess<\/strong> k\u00f6nnen sich die nat\u00fcrlichen Zucker karamellisieren, w\u00e4hrend die <strong data-start=\"847\" data-end=\"866\">\u00e4therischen \u00d6le<\/strong> bewahrt bleiben \u2013 so entsteht ein <strong data-start=\"901\" data-end=\"940\">vielschichtiges, harmonisches Aroma<\/strong> mit charakteristischem Profil. Ein Espresso f\u00fcr alle, die <strong data-start=\"999\" data-end=\"1024\">reinen Arabica-Genuss<\/strong> ohne Kompromisse suchen.<\/p>\n","protected":false},"featured_media":132553142,"comment_status":"open","ping_status":"closed","template":"","meta":{"_relevanssi_hide_post":"","_relevanssi_hide_content":"","_relevanssi_pin_for_all":"","_relevanssi_pin_keywords":"","_relevanssi_unpin_keywords":"","_relevanssi_related_keywords":"","_relevanssi_related_include_ids":"","_relevanssi_related_exclude_ids":"","_relevanssi_related_no_append":"","_relevanssi_related_not_related":"","_relevanssi_related_posts":"","_relevanssi_noindex_reason":""},"product_brand":[],"product_cat":[212,144],"product_tag":[],"class_list":{"0":"post-132553128","1":"product","2":"type-product","3":"status-publish","4":"has-post-thumbnail","6":"product_cat-kapseln","7":"product_cat-nespresso-pro-system","8":"pa_brand-caffe-mauro","9":"has-subscription-plans","11":"first","12":"instock","13":"sale","14":"taxable","15":"shipping-taxable","16":"purchasable","17":"product-type-simple"},"batches":[{"id":"3067","date_created":"2026-01-24 13:03:28","date_expiry":"2027-02-28 00:00:00","user_id":"1","batch_number":"","supplier":"","location":"","quantity":"1.0000","quantity_available":"0.0000","units":"1","status":"archived","order_ids":"[132553167]","po":null},{"id":"3083","date_created":"2026-01-29 17:05:57","date_expiry":"2027-08-21 00:00:00","user_id":"2","batch_number":"","supplier":"","location":"","quantity":"6.0000","quantity_available":"3.0000","units":"1","status":"active","order_ids":"[132553500]","po":null},{"id":"3240","date_created":"2026-02-21 14:13:31","date_expiry":"2027-08-31 00:00:00","user_id":"1","batch_number":"","supplier":"","location":"","quantity":"6.0000","quantity_available":"6.0000","units":"1","status":"active","order_ids":null,"po":null}],"_links":{"self":[{"href":"https:\/\/caffeonline.aclas.io\/fr\/wp-json\/wp\/v2\/product\/132553128","targetHints":{"allow":["GET"]}}],"collection":[{"href":"https:\/\/caffeonline.aclas.io\/fr\/wp-json\/wp\/v2\/product"}],"about":[{"href":"https:\/\/caffeonline.aclas.io\/fr\/wp-json\/wp\/v2\/types\/product"}],"replies":[{"embeddable":true,"href":"https:\/\/caffeonline.aclas.io\/fr\/wp-json\/wp\/v2\/comments?post=132553128"}],"wp:featuredmedia":[{"embeddable":true,"href":"https:\/\/caffeonline.aclas.io\/fr\/wp-json\/wp\/v2\/media\/132553142"}],"wp:attachment":[{"href":"https:\/\/caffeonline.aclas.io\/fr\/wp-json\/wp\/v2\/media?parent=132553128"}],"wp:term":[{"taxonomy":"product_brand","embeddable":true,"href":"https:\/\/caffeonline.aclas.io\/fr\/wp-json\/wp\/v2\/product_brand?post=132553128"},{"taxonomy":"product_cat","embeddable":true,"href":"https:\/\/caffeonline.aclas.io\/fr\/wp-json\/wp\/v2\/product_cat?post=132553128"},{"taxonomy":"product_tag","embeddable":true,"href":"https:\/\/caffeonline.aclas.io\/fr\/wp-json\/wp\/v2\/product_tag?post=132553128"}],"curies":[{"name":"wp","href":"https:\/\/api.w.org\/{rel}","templated":true}]}}