{"id":132551975,"date":"2025-11-08T13:55:34","date_gmt":"2025-11-08T12:55:34","guid":{"rendered":"https:\/\/caffeonline.ch\/produkt\/litaliani-taralli-multicereales-gaudini\/"},"modified":"2025-11-08T13:55:34","modified_gmt":"2025-11-08T12:55:34","slug":"litaliani-taralli-multicereales-gaudini","status":"publish","type":"product","link":"https:\/\/caffeonline.aclas.io\/fr\/produkt\/litaliani-taralli-multicereales-gaudini\/","title":{"rendered":"LITALIANI &#8211; Taralli multic\u00e9r\u00e9ales Gaudini"},"content":{"rendered":"","protected":false},"excerpt":{"rendered":"<p data-start=\"312\" data-end=\"558\">Les <strong data-start=\"316\" data-end=\"341\">Gaudini de Litaliani<\/strong> sont un symbole de la <strong data-start=\"362\" data-end=\"390\">tradition boulang\u00e8re des Pouilles<\/strong>. Fabriqu\u00e9s \u00e0 partir de <strong data-start=\"408\" data-end=\"465\">farine de bl\u00e9 tendre, de vin blanc et d&rsquo;huile d&rsquo;olive vierge extra<\/strong>, ils offrent une saveur authentique qui refl\u00e8te le v\u00e9ritable esprit du sud de l&rsquo;Italie.<\/p>\n<p data-start=\"560\" data-end=\"817\">Ces <strong data-start=\"566\" data-end=\"588\">taralli croustillants<\/strong> sont id\u00e9aux \u00e0 tout moment de la journ\u00e9e&nbsp;: comme <strong data-start=\"636\" data-end=\"645\">collation<\/strong> sal\u00e9e, \u00e0 l&rsquo;<strong data-start=\"651\" data-end=\"663\">ap\u00e9ritif<\/strong> ou comme <strong data-start=\"673\" data-end=\"706\">alternative croustillante au pain<\/strong> lors des repas principaux. Un morceau d&rsquo;<strong data-start=\"742\" data-end=\"774\">artisanat italien<\/strong> qui allie parfaitement tradition et plaisir.<\/p>\n<p data-start=\"295\" data-end=\"510\"><a href=\"https:\/\/www.chogangroup.com\/pdfviewer\/view.php?pdf=Li4vc2NoZWRlL3RlY25pY2ExNV8xNjM2NzIxMDYyNjg1Ni5wZGY=\" target=\"_blank\" rel=\"noopener\">Fiche technique<\/a><\/p>\n","protected":false},"featured_media":132551960,"comment_status":"open","ping_status":"closed","template":"","meta":{"_relevanssi_hide_post":"","_relevanssi_hide_content":"","_relevanssi_pin_for_all":"","_relevanssi_pin_keywords":"","_relevanssi_unpin_keywords":"","_relevanssi_related_keywords":"","_relevanssi_related_include_ids":"","_relevanssi_related_exclude_ids":"","_relevanssi_related_no_append":"","_relevanssi_related_not_related":"","_relevanssi_related_posts":"","_relevanssi_noindex_reason":""},"product_brand":[],"product_cat":[367],"product_tag":[],"class_list":{"0":"post-132551975","1":"product","2":"type-product","3":"status-publish","4":"has-post-thumbnail","6":"product_cat-accessoires","7":"pa_brand-litaliani-fr","9":"first","10":"instock","11":"taxable","12":"shipping-taxable","13":"purchasable","14":"product-type-simple"},"batches":[{"id":"2689","date_created":"2025-11-08 11:42:12","date_expiry":"2026-08-14 00:00:00","user_id":"1","batch_number":"","supplier":"","location":"","quantity":"4.0000","quantity_available":"1.0000","units":"1","status":"active","order_ids":"[132552481,132553627]","po":null}],"_links":{"self":[{"href":"https:\/\/caffeonline.aclas.io\/fr\/wp-json\/wp\/v2\/product\/132551975","targetHints":{"allow":["GET"]}}],"collection":[{"href":"https:\/\/caffeonline.aclas.io\/fr\/wp-json\/wp\/v2\/product"}],"about":[{"href":"https:\/\/caffeonline.aclas.io\/fr\/wp-json\/wp\/v2\/types\/product"}],"replies":[{"embeddable":true,"href":"https:\/\/caffeonline.aclas.io\/fr\/wp-json\/wp\/v2\/comments?post=132551975"}],"wp:featuredmedia":[{"embeddable":true,"href":"https:\/\/caffeonline.aclas.io\/fr\/wp-json\/wp\/v2\/media\/132551960"}],"wp:attachment":[{"href":"https:\/\/caffeonline.aclas.io\/fr\/wp-json\/wp\/v2\/media?parent=132551975"}],"wp:term":[{"taxonomy":"product_brand","embeddable":true,"href":"https:\/\/caffeonline.aclas.io\/fr\/wp-json\/wp\/v2\/product_brand?post=132551975"},{"taxonomy":"product_cat","embeddable":true,"href":"https:\/\/caffeonline.aclas.io\/fr\/wp-json\/wp\/v2\/product_cat?post=132551975"},{"taxonomy":"product_tag","embeddable":true,"href":"https:\/\/caffeonline.aclas.io\/fr\/wp-json\/wp\/v2\/product_tag?post=132551975"}],"curies":[{"name":"wp","href":"https:\/\/api.w.org\/{rel}","templated":true}]}}