{"id":132551974,"date":"2025-11-08T14:09:46","date_gmt":"2025-11-08T13:09:46","guid":{"rendered":"https:\/\/caffeonline.ch\/produkt\/faber-dosettes-ese-deka\/"},"modified":"2026-03-17T18:51:39","modified_gmt":"2026-03-17T17:51:39","slug":"faber-dosettes-ese-deka","status":"publish","type":"product","link":"https:\/\/caffeonline.aclas.io\/fr\/produkt\/faber-dosettes-ese-deka\/","title":{"rendered":"Faber \u2013 Dosettes ESE Deka"},"content":{"rendered":"","protected":false},"excerpt":{"rendered":"<p data-start=\"372\" data-end=\"591\">Issue d&rsquo;une s\u00e9lection rigoureuse des meilleurs m\u00e9langes d\u00e9caf\u00e9in\u00e9s, de la mati\u00e8re premi\u00e8re \u00e0 la torr\u00e9faction, afin de pr\u00e9server le go\u00fbt authentique de votre expresso. <strong data-start=\"535\" data-end=\"591\">Ce sont Le Selezioni di Faber \u2013 s\u00e9lectionn\u00e9s pour vous.<\/strong><\/p>\n<p data-start=\"593\" data-end=\"916\">Un <strong data-start=\"598\" data-end=\"638\">m\u00e9lange d\u00e9caf\u00e9in\u00e9 harmonieux<\/strong> qui offre toute la saveur du caf\u00e9 italien \u2013 <strong data-start=\"700\" data-end=\"716\">sans caf\u00e9ine<\/strong>, mais avec un ar\u00f4me intense et \u00e9quilibr\u00e9.<br data-start=\"767\" data-end=\"770\">Un expresso doux et aromatique avec une fine douceur et d&rsquo;agr\u00e9ables notes torr\u00e9fi\u00e9es \u2013 id\u00e9al pour savourer un <strong data-start=\"863\" data-end=\"900\">expresso \u00e0 tout moment de la journ\u00e9e<\/strong>, m\u00eame le soir.<\/p>\n","protected":false},"featured_media":132551967,"comment_status":"open","ping_status":"closed","template":"","meta":{"_relevanssi_hide_post":"","_relevanssi_hide_content":"","_relevanssi_pin_for_all":"","_relevanssi_pin_keywords":"","_relevanssi_unpin_keywords":"","_relevanssi_related_keywords":"","_relevanssi_related_include_ids":"","_relevanssi_related_exclude_ids":"","_relevanssi_related_no_append":"","_relevanssi_related_not_related":"","_relevanssi_related_posts":"","_relevanssi_noindex_reason":""},"product_brand":[],"product_cat":[353],"product_tag":[],"class_list":{"0":"post-132551974","1":"product","2":"type-product","3":"status-publish","4":"has-post-thumbnail","6":"product_cat-ese-pads-fr","7":"pa_brand-faber-fr","8":"has-subscription-plans","10":"first","11":"instock","12":"taxable","13":"shipping-taxable","14":"purchasable","15":"product-type-simple"},"batches":[{"id":"2666","date_created":"2025-11-07 12:36:07","date_expiry":"2027-04-30 00:00:00","user_id":"1","batch_number":"","supplier":"","location":"","quantity":"20.0000","quantity_available":"16.0000","units":"1","status":"active","order_ids":"[132553261,132553618,132554509]","po":null}],"_links":{"self":[{"href":"https:\/\/caffeonline.aclas.io\/fr\/wp-json\/wp\/v2\/product\/132551974","targetHints":{"allow":["GET"]}}],"collection":[{"href":"https:\/\/caffeonline.aclas.io\/fr\/wp-json\/wp\/v2\/product"}],"about":[{"href":"https:\/\/caffeonline.aclas.io\/fr\/wp-json\/wp\/v2\/types\/product"}],"replies":[{"embeddable":true,"href":"https:\/\/caffeonline.aclas.io\/fr\/wp-json\/wp\/v2\/comments?post=132551974"}],"wp:featuredmedia":[{"embeddable":true,"href":"https:\/\/caffeonline.aclas.io\/fr\/wp-json\/wp\/v2\/media\/132551967"}],"wp:attachment":[{"href":"https:\/\/caffeonline.aclas.io\/fr\/wp-json\/wp\/v2\/media?parent=132551974"}],"wp:term":[{"taxonomy":"product_brand","embeddable":true,"href":"https:\/\/caffeonline.aclas.io\/fr\/wp-json\/wp\/v2\/product_brand?post=132551974"},{"taxonomy":"product_cat","embeddable":true,"href":"https:\/\/caffeonline.aclas.io\/fr\/wp-json\/wp\/v2\/product_cat?post=132551974"},{"taxonomy":"product_tag","embeddable":true,"href":"https:\/\/caffeonline.aclas.io\/fr\/wp-json\/wp\/v2\/product_tag?post=132551974"}],"curies":[{"name":"wp","href":"https:\/\/api.w.org\/{rel}","templated":true}]}}