{"id":132550772,"date":"2025-08-23T12:23:23","date_gmt":"2025-08-23T10:23:23","guid":{"rendered":"https:\/\/caffeonline.ch\/?post_type=product&#038;p=132550772"},"modified":"2025-08-23T12:23:23","modified_gmt":"2025-08-23T10:23:23","slug":"the-steel-bottle-gourde-isotherme-mw-45-galaxy","status":"publish","type":"product","link":"https:\/\/caffeonline.aclas.io\/fr\/produkt\/the-steel-bottle-gourde-isotherme-mw-45-galaxy\/","title":{"rendered":"The Steel Bottle \u2013 Gourde Isotherme MW #45 Galaxy"},"content":{"rendered":"","protected":false},"excerpt":{"rendered":"<p data-start=\"175\" data-end=\"448\">Avec la <strong data-start=\"203\" data-end=\"237\">Gourde Isotherme The Steel Bottle<\/strong>, vous d\u00e9clarez la guerre au plastique \u00e0 usage unique. Fabriqu\u00e9e en <strong data-start=\"324\" data-end=\"337\">acier inoxydable<\/strong> de haute qualit\u00e9 et de qualit\u00e9 alimentaire, elle prot\u00e8ge efficacement contre le transfert de go\u00fbt et constitue une alternative durable aux bouteilles en plastique.<\/p>\n<p data-start=\"450\" data-end=\"656\">Gr\u00e2ce \u00e0 l&rsquo;<strong data-start=\"459\" data-end=\"488\">isolation \u00e0 double paroi<\/strong>, la bouteille maintient les boissons chaudes jusqu&rsquo;\u00e0 <strong data-start=\"522\" data-end=\"541\">20 heures<\/strong> et froides jusqu&rsquo;\u00e0 <strong data-start=\"546\" data-end=\"565\">10 heures<\/strong> \u2013 que vous souhaitiez d\u00e9guster de l&rsquo;eau glac\u00e9e en \u00e9t\u00e9 ou du caf\u00e9 chaud en hiver.<\/p>\n<p data-start=\"658\" data-end=\"943\">Le <strong data-start=\"662\" data-end=\"696\">bouchon \u00e9tanche<\/strong> vous permet de transporter votre bouteille dans votre sac en toute tranquillit\u00e9. De plus, elle est <strong data-start=\"795\" data-end=\"815\">l\u00e9g\u00e8re, maniable<\/strong> et, avec son \u00e9troite ouverture pour boire, id\u00e9ale pour les d\u00e9placements \u2013 parfaite pour les voyages, l&rsquo;\u00e9cole, le travail, le sport ou les activit\u00e9s de plein air.<\/p>\n<p data-start=\"945\" data-end=\"1093\">Autre avantage : la surface reste <strong data-start=\"989\" data-end=\"1015\">exempte de condensation<\/strong> \u2013 pas de mains mouill\u00e9es, pas de taches sur la table et pas de sac humide.<\/p>\n","protected":false},"featured_media":132550461,"comment_status":"open","ping_status":"closed","template":"","meta":{"_relevanssi_hide_post":"","_relevanssi_hide_content":"","_relevanssi_pin_for_all":"","_relevanssi_pin_keywords":"","_relevanssi_unpin_keywords":"","_relevanssi_related_keywords":"","_relevanssi_related_include_ids":"","_relevanssi_related_exclude_ids":"","_relevanssi_related_no_append":"","_relevanssi_related_not_related":"","_relevanssi_related_posts":"","_relevanssi_noindex_reason":""},"product_brand":[],"product_cat":[367,816],"product_tag":[],"class_list":{"0":"post-132550772","1":"product","2":"type-product","3":"status-publish","4":"has-post-thumbnail","6":"product_cat-accessoires","7":"product_cat-gourdes-isothermes","8":"pa_brand-the-steel-bottle-fr","10":"first","11":"instock","12":"taxable","13":"shipping-taxable","14":"purchasable","15":"product-type-simple"},"batches":[{"id":"2266","date_created":"2025-08-23 10:20:45","date_expiry":null,"user_id":"1","batch_number":"","supplier":"","location":"","quantity":"1.0000","quantity_available":"1.0000","units":"1","status":"active","order_ids":null,"po":null}],"_links":{"self":[{"href":"https:\/\/caffeonline.aclas.io\/fr\/wp-json\/wp\/v2\/product\/132550772","targetHints":{"allow":["GET"]}}],"collection":[{"href":"https:\/\/caffeonline.aclas.io\/fr\/wp-json\/wp\/v2\/product"}],"about":[{"href":"https:\/\/caffeonline.aclas.io\/fr\/wp-json\/wp\/v2\/types\/product"}],"replies":[{"embeddable":true,"href":"https:\/\/caffeonline.aclas.io\/fr\/wp-json\/wp\/v2\/comments?post=132550772"}],"wp:featuredmedia":[{"embeddable":true,"href":"https:\/\/caffeonline.aclas.io\/fr\/wp-json\/wp\/v2\/media\/132550461"}],"wp:attachment":[{"href":"https:\/\/caffeonline.aclas.io\/fr\/wp-json\/wp\/v2\/media?parent=132550772"}],"wp:term":[{"taxonomy":"product_brand","embeddable":true,"href":"https:\/\/caffeonline.aclas.io\/fr\/wp-json\/wp\/v2\/product_brand?post=132550772"},{"taxonomy":"product_cat","embeddable":true,"href":"https:\/\/caffeonline.aclas.io\/fr\/wp-json\/wp\/v2\/product_cat?post=132550772"},{"taxonomy":"product_tag","embeddable":true,"href":"https:\/\/caffeonline.aclas.io\/fr\/wp-json\/wp\/v2\/product_tag?post=132550772"}],"curies":[{"name":"wp","href":"https:\/\/api.w.org\/{rel}","templated":true}]}}