{"id":132550717,"date":"2025-08-23T12:05:56","date_gmt":"2025-08-23T10:05:56","guid":{"rendered":"https:\/\/caffeonline.ch\/?post_type=product&#038;p=132550717"},"modified":"2025-08-23T12:05:56","modified_gmt":"2025-08-23T10:05:56","slug":"the-steel-bottle-gourde-isotherme-avec-infuseur-82-cartoons","status":"publish","type":"product","link":"https:\/\/caffeonline.aclas.io\/fr\/produkt\/the-steel-bottle-gourde-isotherme-avec-infuseur-82-cartoons\/","title":{"rendered":"The Steel Bottle \u2013 Gourde Isotherme avec infuseur #82 Cartoons"},"content":{"rendered":"","protected":false},"excerpt":{"rendered":"<p data-start=\"1436\" data-end=\"1723\">Avec la <strong data-start=\"1444\" data-end=\"1495\">Gourde Isotherme The Steel Bottle avec infuseur 3 en 1<\/strong>, vous d\u00e9clarez la guerre au plastique \u00e0 usage unique. Fabriqu\u00e9e en <strong data-start=\"1547\" data-end=\"1593\">acier inoxydable de qualit\u00e9 alimentaire<\/strong>, elle est robuste, s\u00fbre et emp\u00eache de mani\u00e8re fiable le transfert de go\u00fbt \u2013 pour une exp\u00e9rience de boisson pure \u00e0 chaque utilisation.<\/p>\n<p data-start=\"1725\" data-end=\"1927\">Le <strong data-start=\"1741\" data-end=\"1768\">filtre en acier inoxydable SUS 304<\/strong> int\u00e9gr\u00e9 vous permet de pr\u00e9parer du th\u00e9, des herbes ou des infusions directement dans la bouteille, ce qui en fait un compagnon polyvalent et pratique au quotidien.<\/p>\n<p data-start=\"1929\" data-end=\"2138\">Gr\u00e2ce \u00e0 l&rsquo;<strong data-start=\"1938\" data-end=\"1967\">isolation \u00e0 double paroi<\/strong>, la bouteille garde les boissons <strong data-start=\"1994\" data-end=\"2020\">chaudes jusqu&rsquo;\u00e0 20 heures<\/strong> et <strong data-start=\"2025\" data-end=\"2051\">froides jusqu&rsquo;\u00e0 10 heures<\/strong> \u2013 parfait pour de l&rsquo;eau glac\u00e9e en \u00e9t\u00e9 ou du th\u00e9 chaud en hiver, o\u00f9 que vous soyez.<\/p>\n<p data-start=\"2140\" data-end=\"2448\">Le <strong data-start=\"2144\" data-end=\"2178\">bouchon \u00e9tanche<\/strong> vous permet de transporter la bouteille dans votre sac en toute tranquillit\u00e9. En m\u00eame temps, elle est l\u00e9g\u00e8re, compacte et, avec son <strong data-start=\"2315\" data-end=\"2340\">\u00e9troite ouverture pour boire<\/strong>, id\u00e9ale pour les d\u00e9placements \u2013 que ce soit en voyage, \u00e0 l&rsquo;\u00e9cole, au bureau, pendant le sport ou lors d&rsquo;activit\u00e9s de plein air.<\/p>\n<p data-start=\"2450\" data-end=\"2604\">Un autre avantage : la surface reste toujours <strong data-start=\"2500\" data-end=\"2526\">exempte de condensation<\/strong> \u2013 pas de mains mouill\u00e9es, pas de taches sur la table et pas de sac humide.<\/p>\n","protected":false},"featured_media":132550654,"comment_status":"open","ping_status":"closed","template":"","meta":{"_relevanssi_hide_post":"","_relevanssi_hide_content":"","_relevanssi_pin_for_all":"","_relevanssi_pin_keywords":"","_relevanssi_unpin_keywords":"","_relevanssi_related_keywords":"","_relevanssi_related_include_ids":"","_relevanssi_related_exclude_ids":"","_relevanssi_related_no_append":"","_relevanssi_related_not_related":"","_relevanssi_related_posts":"","_relevanssi_noindex_reason":""},"product_brand":[],"product_cat":[367,816],"product_tag":[],"class_list":{"0":"post-132550717","1":"product","2":"type-product","3":"status-publish","4":"has-post-thumbnail","6":"product_cat-accessoires","7":"product_cat-gourdes-isothermes","8":"pa_brand-the-steel-bottle-fr","10":"first","11":"instock","12":"taxable","13":"shipping-taxable","14":"purchasable","15":"product-type-simple"},"batches":[{"id":"2222","date_created":"2025-08-23 09:32:36","date_expiry":null,"user_id":"1","batch_number":"","supplier":"","location":"","quantity":"2.0000","quantity_available":"2.0000","units":"1","status":"active","order_ids":null,"po":null}],"_links":{"self":[{"href":"https:\/\/caffeonline.aclas.io\/fr\/wp-json\/wp\/v2\/product\/132550717","targetHints":{"allow":["GET"]}}],"collection":[{"href":"https:\/\/caffeonline.aclas.io\/fr\/wp-json\/wp\/v2\/product"}],"about":[{"href":"https:\/\/caffeonline.aclas.io\/fr\/wp-json\/wp\/v2\/types\/product"}],"replies":[{"embeddable":true,"href":"https:\/\/caffeonline.aclas.io\/fr\/wp-json\/wp\/v2\/comments?post=132550717"}],"wp:featuredmedia":[{"embeddable":true,"href":"https:\/\/caffeonline.aclas.io\/fr\/wp-json\/wp\/v2\/media\/132550654"}],"wp:attachment":[{"href":"https:\/\/caffeonline.aclas.io\/fr\/wp-json\/wp\/v2\/media?parent=132550717"}],"wp:term":[{"taxonomy":"product_brand","embeddable":true,"href":"https:\/\/caffeonline.aclas.io\/fr\/wp-json\/wp\/v2\/product_brand?post=132550717"},{"taxonomy":"product_cat","embeddable":true,"href":"https:\/\/caffeonline.aclas.io\/fr\/wp-json\/wp\/v2\/product_cat?post=132550717"},{"taxonomy":"product_tag","embeddable":true,"href":"https:\/\/caffeonline.aclas.io\/fr\/wp-json\/wp\/v2\/product_tag?post=132550717"}],"curies":[{"name":"wp","href":"https:\/\/api.w.org\/{rel}","templated":true}]}}