{"id":132549198,"date":"2024-04-10T22:13:37","date_gmt":"2024-04-10T20:13:37","guid":{"rendered":"https:\/\/caffeonline.ch\/produkt\/lavazza-espresso-point-capsules-crema-aroma-espresso\/"},"modified":"2024-04-10T22:13:37","modified_gmt":"2024-04-10T20:13:37","slug":"lavazza-espresso-point-capsules-crema-aroma-espresso","status":"publish","type":"product","link":"https:\/\/caffeonline.aclas.io\/fr\/produkt\/lavazza-espresso-point-capsules-crema-aroma-espresso\/","title":{"rendered":"Lavazza &#8211; Espresso Point &#8211; Capsules Crema  Aroma Espresso"},"content":{"rendered":"","protected":false},"excerpt":{"rendered":"<p>Les <strong>capsules Lavazza Espresso Point Crema  Aroma Espresso<\/strong> offrent un expresso au go\u00fbt fort et prononc\u00e9, mais n\u00e9anmoins doux, dot\u00e9 d&rsquo;une excellente corpulence et d&rsquo;un arri\u00e8re-go\u00fbt intense et persistant. La mouture de ce produit le rend \u00e9galement parfait pour la pr\u00e9paration de caf\u00e9s plus longs.<\/p>\n<ul>\n<li><strong>M\u00e9lange fort au caract\u00e8re doux :<\/strong> Un caract\u00e8re fort et prononc\u00e9 dans un go\u00fbt doux.<\/li>\n<li><strong>Apparence :<\/strong> Corps robuste<\/li>\n<li><strong>Ar\u00f4me :<\/strong> \u00c9quilibr\u00e9<\/li>\n<li><strong>Go\u00fbt :<\/strong> Intense, persistant et doux<\/li>\n<li><strong>Torr\u00e9faction :<\/strong> Moyenne<\/li>\n<\/ul>\n<p>Ces capsules sont id\u00e9ales pour tous ceux qui appr\u00e9cient un expresso fort mais n\u00e9anmoins doux. Parfait pour les amateurs de caf\u00e9 qui souhaitent savourer aussi bien des caf\u00e9s courts que longs avec une note gustative profonde et persistante.<\/p>\n","protected":false},"featured_media":10604,"comment_status":"open","ping_status":"closed","template":"","meta":{"_relevanssi_hide_post":"","_relevanssi_hide_content":"","_relevanssi_pin_for_all":"","_relevanssi_pin_keywords":"","_relevanssi_unpin_keywords":"","_relevanssi_related_keywords":"","_relevanssi_related_include_ids":"","_relevanssi_related_exclude_ids":"","_relevanssi_related_no_append":"","_relevanssi_related_not_related":"","_relevanssi_related_posts":"","_relevanssi_noindex_reason":""},"product_brand":[],"product_cat":[359,363],"product_tag":[],"class_list":{"0":"post-132549198","1":"product","2":"type-product","3":"status-publish","4":"has-post-thumbnail","6":"product_cat-capsules","7":"product_cat-systeme-lavazza-espresso-point","8":"pa_brand-lavazza-fr","9":"has-subscription-plans","11":"first","12":"instock","13":"sale","14":"taxable","15":"shipping-taxable","16":"purchasable","17":"product-type-simple"},"batches":[{"id":"1021","date_created":"2024-11-12 16:11:05","date_expiry":"2025-12-30 00:00:00","user_id":"2","batch_number":"","supplier":"","location":"","quantity":"37.0000","quantity_available":"0.0000","units":"1","status":"archived","order_ids":"[16203,16360,16443,16477,16795,16820,17056,17198,17213,17243,17252,132545810,132545840,132545848]","po":null},{"id":"1120","date_created":"2024-12-03 18:35:26","date_expiry":"2026-02-28 00:00:00","user_id":"2","batch_number":"","supplier":"","location":"","quantity":"12.0000","quantity_available":"0.0000","units":"1","status":"archived","order_ids":"[132545848,132545985,132545997,132546050,132546073,132546150,132546175]","po":null},{"id":"1181","date_created":"2024-12-11 13:15:59","date_expiry":"2026-02-28 00:00:00","user_id":"2","batch_number":"","supplier":"","location":"","quantity":"12.0000","quantity_available":"0.0000","units":"1","status":"archived","order_ids":"[132546175,132546184,132546209,132546230,132546250,132546287,132546343,132546394]","po":null},{"id":"1365","date_created":"2025-01-21 16:00:39","date_expiry":"2026-02-28 00:00:00","user_id":"2","batch_number":"","supplier":"","location":"","quantity":"19.0000","quantity_available":"0.0000","units":"1","status":"archived","order_ids":"[132546394,132546417,132546493,132546495]","po":null},{"id":"1424","date_created":"2025-01-29 18:09:22","date_expiry":"2026-03-31 00:00:00","user_id":"2","batch_number":"","supplier":"","location":"","quantity":"14.0000","quantity_available":"0.0000","units":"1","status":"archived","order_ids":"[132546572,132546574,132547062,132547075]","po":null},{"id":"1425","date_created":"2025-01-29 18:10:09","date_expiry":"2026-04-30 00:00:00","user_id":"2","batch_number":"","supplier":"","location":"","quantity":"12.0000","quantity_available":"0.0000","units":"1","status":"archived","order_ids":"[132547140,132547195,132547249]","po":null},{"id":"1477","date_created":"2025-02-05 16:19:18","date_expiry":"2026-03-30 00:00:00","user_id":"2","batch_number":"","supplier":"","location":"","quantity":"60.0000","quantity_available":"0.0000","units":"1","status":"archived","order_ids":"[132546602,132546634,132546962,132546964,132546989,132546993,132547017,132547041,132547045,132547062]","po":null},{"id":"1651","date_created":"2025-03-06 15:11:05","date_expiry":"2026-05-30 00:00:00","user_id":"2","batch_number":"","supplier":"","location":"","quantity":"18.0000","quantity_available":"0.0000","units":"1","status":"archived","order_ids":"[132547249,132547291,132547480]","po":null},{"id":"1671","date_created":"2025-03-14 17:12:05","date_expiry":"2026-05-30 00:00:00","user_id":"2","batch_number":"","supplier":"","location":"","quantity":"18.0000","quantity_available":"0.0000","units":"1","status":"archived","order_ids":"[132547480,132547759,132547853,132547859,132547872]","po":null},{"id":"1781","date_created":"2025-04-08 08:43:27","date_expiry":"2026-05-30 00:00:00","user_id":"2","batch_number":"","supplier":"","location":"","quantity":"18.0000","quantity_available":"0.0000","units":"1","status":"archived","order_ids":"[132548084,132548120,132548152,132548163]","po":null},{"id":"1835","date_created":"2025-04-26 20:26:28","date_expiry":"2026-05-30 00:00:00","user_id":"2","batch_number":"","supplier":"","location":"","quantity":"46.0000","quantity_available":"0.0000","units":"1","status":"archived","order_ids":"[132548230,132548255,132548301,132548318,132548358,132548361,132548367,132549218,132549247,132549252,132549255,132549293,132549350,132549367]","po":null},{"id":"1937","date_created":"2025-05-20 15:56:41","date_expiry":"2026-05-30 00:00:00","user_id":"2","batch_number":"","supplier":"","location":"","quantity":"6.0000","quantity_available":"0.0000","units":"1","status":"archived","order_ids":"[132549379,132549490,132549572,132549597,132549599,132549673,132549680,132549695,132549699]","po":null},{"id":"1983","date_created":"2025-06-04 12:45:25","date_expiry":"2026-08-30 00:00:00","user_id":"2","batch_number":"","supplier":"","location":"","quantity":"12.0000","quantity_available":"0.0000","units":"1","status":"archived","order_ids":"[132549699,132549710,132549721,132549812,132549822]","po":null},{"id":"2080","date_created":"2025-06-19 17:21:32","date_expiry":"2026-09-30 00:00:00","user_id":"2","batch_number":"","supplier":"","location":"","quantity":"36.0000","quantity_available":"0.0000","units":"1","status":"archived","order_ids":"[132549873,132549912,132549932]","po":null},{"id":"2109","date_created":"2025-06-27 15:19:52","date_expiry":"2026-09-30 00:00:00","user_id":"2","batch_number":"","supplier":"","location":"","quantity":"30.0000","quantity_available":"0.0000","units":"1","status":"archived","order_ids":"[132549996,132550017,132550156,132550188]","po":null},{"id":"2112","date_created":"2025-07-04 16:18:37","date_expiry":"2026-09-30 00:00:00","user_id":"2","batch_number":"","supplier":"","location":"","quantity":"60.0000","quantity_available":"1.0000","units":"1","status":"archived","order_ids":"[132550292,132550299,132550307,132550829]","po":null},{"id":"2131","date_created":"2025-07-11 17:09:17","date_expiry":"2026-09-30 00:00:00","user_id":"2","batch_number":"","supplier":"","location":"","quantity":"42.0000","quantity_available":"0.0000","units":"1","status":"archived","order_ids":"[132550900,132550923,132550938,132550963,132551000,132551001,132551097,132551124,132551155,132551180]","po":null},{"id":"2636","date_created":"2025-10-29 18:22:49","date_expiry":"2026-12-30 00:00:00","user_id":"2","batch_number":"","supplier":"","location":"","quantity":"5.0000","quantity_available":"0.0000","units":"1","status":"archived","order_ids":"[132551804,132551894,132551896]","po":null},{"id":"2637","date_created":"2025-10-29 18:23:10","date_expiry":"2027-01-30 00:00:00","user_id":"2","batch_number":"","supplier":"","location":"","quantity":"30.0000","quantity_available":"0.0000","units":"1","status":"archived","order_ids":"[132551896,132551909,132551911,132551930,132552049,132552169]","po":null},{"id":"2685","date_created":"2025-11-07 18:10:45","date_expiry":"2027-04-30 00:00:00","user_id":"2","batch_number":"","supplier":"","location":"","quantity":"12.0000","quantity_available":"0.0000","units":"1","status":"archived","order_ids":"[132552169,132552737,132552965,132553108]","po":null},{"id":"3058","date_created":"2026-01-21 15:54:33","date_expiry":"2027-04-30 00:00:00","user_id":"2","batch_number":"","supplier":"","location":"","quantity":"78.0000","quantity_available":"50.0000","units":"1","status":"active","order_ids":"[132553108,132553168,132553208,132553210,132553272,132553274,132553283,132554518,132554520]","po":null},{"id":"3113","date_created":"2026-02-04 18:27:58","date_expiry":"2027-04-30 00:00:00","user_id":"2","batch_number":"","supplier":"","location":"","quantity":"103.0000","quantity_available":"0.0000","units":"1","status":"archived","order_ids":"[132553428,132553430,132553462,132553472,132553461,132553531,132553650,132553667,132553709,132553724,132553731,132553748,132553804,132553824,132553850,132553859,132554116,132554123,132554125,132554142,132554472,132554496]","po":null},{"id":"3330","date_created":"2026-03-19 11:31:37","date_expiry":"2027-06-30 00:00:00","user_id":"2","batch_number":"","supplier":"","location":"","quantity":"18.0000","quantity_available":"18.0000","units":"1","status":"active","order_ids":null,"po":null}],"_links":{"self":[{"href":"https:\/\/caffeonline.aclas.io\/fr\/wp-json\/wp\/v2\/product\/132549198","targetHints":{"allow":["GET"]}}],"collection":[{"href":"https:\/\/caffeonline.aclas.io\/fr\/wp-json\/wp\/v2\/product"}],"about":[{"href":"https:\/\/caffeonline.aclas.io\/fr\/wp-json\/wp\/v2\/types\/product"}],"replies":[{"embeddable":true,"href":"https:\/\/caffeonline.aclas.io\/fr\/wp-json\/wp\/v2\/comments?post=132549198"}],"wp:featuredmedia":[{"embeddable":true,"href":"https:\/\/caffeonline.aclas.io\/fr\/wp-json\/wp\/v2\/media\/10604"}],"wp:attachment":[{"href":"https:\/\/caffeonline.aclas.io\/fr\/wp-json\/wp\/v2\/media?parent=132549198"}],"wp:term":[{"taxonomy":"product_brand","embeddable":true,"href":"https:\/\/caffeonline.aclas.io\/fr\/wp-json\/wp\/v2\/product_brand?post=132549198"},{"taxonomy":"product_cat","embeddable":true,"href":"https:\/\/caffeonline.aclas.io\/fr\/wp-json\/wp\/v2\/product_cat?post=132549198"},{"taxonomy":"product_tag","embeddable":true,"href":"https:\/\/caffeonline.aclas.io\/fr\/wp-json\/wp\/v2\/product_tag?post=132549198"}],"curies":[{"name":"wp","href":"https:\/\/api.w.org\/{rel}","templated":true}]}}