{"id":132549159,"date":"2024-04-10T22:13:32","date_gmt":"2024-04-10T20:13:32","guid":{"rendered":"https:\/\/caffeonline.ch\/produkt\/kimbo-ese-pads-capri\/"},"modified":"2026-03-19T13:10:46","modified_gmt":"2026-03-19T12:10:46","slug":"kimbo-ese-pads-capri","status":"publish","type":"product","link":"https:\/\/caffeonline.aclas.io\/fr\/produkt\/kimbo-ese-pads-capri\/","title":{"rendered":"Kimbo &#8211; ESE Pads Capri"},"content":{"rendered":"","protected":false},"excerpt":{"rendered":"<div class=\"flex-1 overflow-hidden\">\n<div class=\"react-scroll-to-bottom--css-gtfmb-79elbk h-full\">\n<div class=\"react-scroll-to-bottom--css-gtfmb-1n7m0yu\">\n<div>\n<div class=\"flex flex-col text-sm pb-9\">\n<div class=\"w-full text-token-text-primary\" dir=\"auto\" data-testid=\"conversation-turn-53\" data-scroll-anchor=\"true\">\n<div class=\"py-2 px-3 text-base md:px-4 m-auto md:px-5 lg:px-1 xl:px-5\">\n<div class=\"mx-auto flex flex-1 gap-3 text-base juice:gap-4 juice:md:gap-6 md:max-w-3xl lg:max-w-[40rem] xl:max-w-[48rem]\">\n<div class=\"relative flex w-full min-w-0 flex-col agent-turn\">\n<div class=\"flex-col gap-1 md:gap-3\">\n<div class=\"flex flex-grow flex-col max-w-full\">\n<div class=\"min-h-[20px] text-message flex flex-col items-start whitespace-pre-wrap break-words [.text-message+&amp;]:mt-5 juice:w-full juice:items-end overflow-x-auto gap-3\" dir=\"auto\" data-message-author-role=\"assistant\" data-message-id=\"b31cd589-1d8b-4f1f-9f5c-91ab9bedc4b9\">\n<div class=\"markdown prose w-full break-words dark:prose-invert light\">\n<ul>\n<li><strong>Intensit\u00e9 et profondeur :<\/strong> Un caf\u00e9 au caract\u00e8re fort et au go\u00fbt profond.<\/li>\n<li><strong>Torr\u00e9faction moyenne-fonc\u00e9e :<\/strong> Id\u00e9alement \u00e9quilibr\u00e9e pour accentuer les ar\u00f4mes du m\u00e9lange.<\/li>\n<li><strong>Notes aromatiques :<\/strong> Cannelle, poivre et fruits secs conf\u00e8rent \u00e0 ce m\u00e9lange une note exclusive.<\/li>\n<li><strong>Exclusivit\u00e9 :<\/strong> Un m\u00e9lange qui refl\u00e8te l&rsquo;\u00e9l\u00e9gance et le luxe de Capri.<\/li>\n<li><strong>Qualit\u00e9 Kimbo :<\/strong> Engagement envers une qualit\u00e9 et une tradition exceptionnelles dans le monde du caf\u00e9.<\/li>\n<\/ul>\n<p>D\u00e9couvrez Kimbo Capri, un m\u00e9lange enveloppant et exclusif, inspir\u00e9 de l&rsquo;\u00eele de Capri. Ce caf\u00e9 offre un go\u00fbt profond et intense aux ar\u00f4mes d\u00e9licats. La torr\u00e9faction moyenne-fonc\u00e9e affine le profil et met en valeur les notes aromatiques uniques de cannelle, de poivre et de fruits secs.<\/p>\n<p>Kimbo Capri est parfait pour ceux qui recherchent un caf\u00e9 riche et savoureux, \u00e9veillant les sens et offrant une exp\u00e9rience gustative inoubliable. Chaque gorg\u00e9e de ce caf\u00e9 est un hommage \u00e0 la beaut\u00e9 et au charme de Capri, une \u00eele connue pour son atmosph\u00e8re envo\u00fbtante et pittoresque.<\/p>\n<p>Avec Kimbo Capri, savourez un fragment du luxe italien et laissez-vous transporter dans l&rsquo;univers ensoleill\u00e9 de Capri \u00e0 chaque gorg\u00e9e.<\/p>\n<\/div>\n<\/div>\n<\/div>\n<\/div>\n<\/div>\n<\/div>\n<\/div>\n<\/div>\n<\/div>\n<\/div>\n<\/div>\n<\/div>\n<\/div>\n","protected":false},"featured_media":11226,"comment_status":"open","ping_status":"closed","template":"","meta":{"_relevanssi_hide_post":"","_relevanssi_hide_content":"","_relevanssi_pin_for_all":"","_relevanssi_pin_keywords":"","_relevanssi_unpin_keywords":"","_relevanssi_related_keywords":"","_relevanssi_related_include_ids":"","_relevanssi_related_exclude_ids":"","_relevanssi_related_no_append":"","_relevanssi_related_not_related":"","_relevanssi_related_posts":"","_relevanssi_noindex_reason":""},"product_brand":[],"product_cat":[353],"product_tag":[],"class_list":{"0":"post-132549159","1":"product","2":"type-product","3":"status-publish","4":"has-post-thumbnail","6":"product_cat-ese-pads-fr","7":"pa_brand-kimbo-fr","8":"has-subscription-plans","10":"first","11":"instock","12":"sale","13":"taxable","14":"shipping-taxable","15":"purchasable","16":"product-type-variable"},"batches":[],"_links":{"self":[{"href":"https:\/\/caffeonline.aclas.io\/fr\/wp-json\/wp\/v2\/product\/132549159","targetHints":{"allow":["GET"]}}],"collection":[{"href":"https:\/\/caffeonline.aclas.io\/fr\/wp-json\/wp\/v2\/product"}],"about":[{"href":"https:\/\/caffeonline.aclas.io\/fr\/wp-json\/wp\/v2\/types\/product"}],"replies":[{"embeddable":true,"href":"https:\/\/caffeonline.aclas.io\/fr\/wp-json\/wp\/v2\/comments?post=132549159"}],"wp:featuredmedia":[{"embeddable":true,"href":"https:\/\/caffeonline.aclas.io\/fr\/wp-json\/wp\/v2\/media\/11226"}],"wp:attachment":[{"href":"https:\/\/caffeonline.aclas.io\/fr\/wp-json\/wp\/v2\/media?parent=132549159"}],"wp:term":[{"taxonomy":"product_brand","embeddable":true,"href":"https:\/\/caffeonline.aclas.io\/fr\/wp-json\/wp\/v2\/product_brand?post=132549159"},{"taxonomy":"product_cat","embeddable":true,"href":"https:\/\/caffeonline.aclas.io\/fr\/wp-json\/wp\/v2\/product_cat?post=132549159"},{"taxonomy":"product_tag","embeddable":true,"href":"https:\/\/caffeonline.aclas.io\/fr\/wp-json\/wp\/v2\/product_tag?post=132549159"}],"curies":[{"name":"wp","href":"https:\/\/api.w.org\/{rel}","templated":true}]}}