{"id":132549154,"date":"2024-04-10T22:13:31","date_gmt":"2024-04-10T20:13:31","guid":{"rendered":"https:\/\/caffeonline.ch\/produkt\/lavazza-blue-capsules-tierra-100-arabica\/"},"modified":"2024-04-10T22:13:31","modified_gmt":"2024-04-10T20:13:31","slug":"lavazza-blue-capsules-tierra-100-arabica","status":"publish","type":"product","link":"https:\/\/caffeonline.aclas.io\/fr\/produkt\/lavazza-blue-capsules-tierra-100-arabica\/","title":{"rendered":"Lavazza \u2013 BLUE \u2013 Capsules \u00a1Tierra! 100% Arabica"},"content":{"rendered":"","protected":false},"excerpt":{"rendered":"<p>Les <strong>Lavazza <\/strong> <strong>\u00a1Tierra! Capsules 100% Arabica<\/strong>  repr\u00e9sentent l&rsquo;excellence d&rsquo;un <strong>m\u00e9lange premium<\/strong>, s\u00e9lectionn\u00e9 exclusivement \u00e0 partir d&rsquo;<strong>Arabicas<\/strong> naturels d&rsquo;Am\u00e9rique centrale et du Sud. Ce m\u00e9lange offre un <strong>\u00e9quilibre raffin\u00e9 d&rsquo;ar\u00f4mes et de saveurs<\/strong>, id\u00e9al pour l&rsquo;espresso, gr\u00e2ce \u00e0 une <strong>torr\u00e9faction lente<\/strong> qui met en valeur ses qualit\u00e9s. Une exp\u00e9rience gustative et aromatique \u00e9quilibr\u00e9e, compos\u00e9e de mani\u00e8re <strong>durable<\/strong> et aromatique.<\/p>\n<ul>\n<li><strong>Aspect :<\/strong> Cr\u00e8me dor\u00e9e de couleur claire<\/li>\n<li><strong>Odeur :<\/strong> \u00c9quilibr\u00e9e<\/li>\n<li><strong>Profil aromatique :<\/strong> \u00c9quilibre parfait avec des notes de <strong>jasmin<\/strong>, d&rsquo;<strong>amandes<\/strong> et de <strong>chocolat<\/strong><\/li>\n<li><strong>Torr\u00e9faction :<\/strong> Douce<\/li>\n<li><strong>Composition :<\/strong> 100% Arabica<\/li>\n<\/ul>\n<p>Id\u00e9ales pour ceux qui recherchent un caf\u00e9 <strong>aromatique<\/strong> et <strong>durable<\/strong>, les capsules  <strong>\u00a1Tierra! <\/strong>  offrent une <strong>exp\u00e9rience gustative unique<\/strong> qui respecte l&rsquo;environnement et les communaut\u00e9s productrices.<\/p>\n","protected":false},"featured_media":12104,"comment_status":"open","ping_status":"closed","template":"","meta":{"_relevanssi_hide_post":"","_relevanssi_hide_content":"","_relevanssi_pin_for_all":"","_relevanssi_pin_keywords":"","_relevanssi_unpin_keywords":"","_relevanssi_related_keywords":"","_relevanssi_related_include_ids":"","_relevanssi_related_exclude_ids":"","_relevanssi_related_no_append":"","_relevanssi_related_not_related":"","_relevanssi_related_posts":"","_relevanssi_noindex_reason":""},"product_brand":[],"product_cat":[359,362],"product_tag":[],"class_list":{"0":"post-132549154","1":"product","2":"type-product","3":"status-publish","4":"has-post-thumbnail","6":"product_cat-capsules","7":"product_cat-systeme-lavazza-blue","8":"pa_brand-lavazza-fr","9":"has-subscription-plans","11":"first","12":"outofstock","13":"taxable","14":"shipping-taxable","15":"purchasable","16":"product-type-simple"},"batches":[],"_links":{"self":[{"href":"https:\/\/caffeonline.aclas.io\/fr\/wp-json\/wp\/v2\/product\/132549154","targetHints":{"allow":["GET"]}}],"collection":[{"href":"https:\/\/caffeonline.aclas.io\/fr\/wp-json\/wp\/v2\/product"}],"about":[{"href":"https:\/\/caffeonline.aclas.io\/fr\/wp-json\/wp\/v2\/types\/product"}],"replies":[{"embeddable":true,"href":"https:\/\/caffeonline.aclas.io\/fr\/wp-json\/wp\/v2\/comments?post=132549154"}],"wp:featuredmedia":[{"embeddable":true,"href":"https:\/\/caffeonline.aclas.io\/fr\/wp-json\/wp\/v2\/media\/12104"}],"wp:attachment":[{"href":"https:\/\/caffeonline.aclas.io\/fr\/wp-json\/wp\/v2\/media?parent=132549154"}],"wp:term":[{"taxonomy":"product_brand","embeddable":true,"href":"https:\/\/caffeonline.aclas.io\/fr\/wp-json\/wp\/v2\/product_brand?post=132549154"},{"taxonomy":"product_cat","embeddable":true,"href":"https:\/\/caffeonline.aclas.io\/fr\/wp-json\/wp\/v2\/product_cat?post=132549154"},{"taxonomy":"product_tag","embeddable":true,"href":"https:\/\/caffeonline.aclas.io\/fr\/wp-json\/wp\/v2\/product_tag?post=132549154"}],"curies":[{"name":"wp","href":"https:\/\/api.w.org\/{rel}","templated":true}]}}