{"id":132549149,"date":"2024-04-10T22:13:27","date_gmt":"2024-04-10T20:13:27","guid":{"rendered":"https:\/\/caffeonline.ch\/produkt\/caffe-passalacqua-dosettes-ese-melange-manhoa\/"},"modified":"2024-04-10T22:13:27","modified_gmt":"2024-04-10T20:13:27","slug":"caffe-passalacqua-dosettes-ese-melange-manhoa","status":"publish","type":"product","link":"https:\/\/caffeonline.aclas.io\/fr\/produkt\/caffe-passalacqua-dosettes-ese-melange-manhoa\/","title":{"rendered":"Caff\u00e8 Passalacqua &#8211; Dosettes ESE M\u00e9lange Manhoa"},"content":{"rendered":"","protected":false},"excerpt":{"rendered":"<p><strong>Une exp\u00e9rience caf\u00e9in\u00e9e \u00e9quilibr\u00e9e<\/strong><\/p>\n<p>Le m\u00e9lange Manhoa est compos\u00e9 d&rsquo;une s\u00e9lection finement \u00e9quilibr\u00e9e de 70 % de grains Arabica et 30 % de grains Robusta, provenant de neuf pays d&rsquo;origine diff\u00e9rents, ce qui rend chaque moment caf\u00e9 particuli\u00e8rement exquis. Manhoa se distingue par sa couleur noisette prononc\u00e9e et une exp\u00e9rience gustative subtilement sucr\u00e9e en finale. Les grains Arabica contribuent \u00e0 une saveur exceptionnelle, offrant un ar\u00f4me puissant et cors\u00e9, tandis que les grains Robusta am\u00e9liorent la qualit\u00e9 de la crema et la structure g\u00e9n\u00e9rale du caf\u00e9.<\/p>\n","protected":false},"featured_media":132549151,"comment_status":"open","ping_status":"closed","template":"","meta":{"_relevanssi_hide_post":"","_relevanssi_hide_content":"","_relevanssi_pin_for_all":"","_relevanssi_pin_keywords":"","_relevanssi_unpin_keywords":"","_relevanssi_related_keywords":"","_relevanssi_related_include_ids":"","_relevanssi_related_exclude_ids":"","_relevanssi_related_no_append":"","_relevanssi_related_not_related":"","_relevanssi_related_posts":"","_relevanssi_noindex_reason":""},"product_brand":[],"product_cat":[353],"product_tag":[],"class_list":{"0":"post-132549149","1":"product","2":"type-product","3":"status-publish","4":"has-post-thumbnail","6":"product_cat-ese-pads-fr","7":"pa_brand-caffe-passalacqua-fr","8":"has-subscription-plans","10":"first","11":"instock","12":"taxable","13":"shipping-taxable","14":"purchasable","15":"product-type-simple"},"batches":[{"id":"527","date_created":"2024-06-25 08:14:17","date_expiry":"2026-06-30 00:00:00","user_id":"559","batch_number":"","supplier":"","location":"","quantity":"8.0000","quantity_available":"0.0000","units":"1","status":"archived","order_ids":"[14762,15946,16040,16218,132546460,132547117,132547759]","po":null},{"id":"3176","date_created":"2026-02-12 15:37:06","date_expiry":"2027-12-31 00:00:00","user_id":"2","batch_number":"","supplier":"","location":"","quantity":"5.0000","quantity_available":"4.0000","units":"1","status":"active","order_ids":"[132553586]","po":null}],"_links":{"self":[{"href":"https:\/\/caffeonline.aclas.io\/fr\/wp-json\/wp\/v2\/product\/132549149","targetHints":{"allow":["GET"]}}],"collection":[{"href":"https:\/\/caffeonline.aclas.io\/fr\/wp-json\/wp\/v2\/product"}],"about":[{"href":"https:\/\/caffeonline.aclas.io\/fr\/wp-json\/wp\/v2\/types\/product"}],"replies":[{"embeddable":true,"href":"https:\/\/caffeonline.aclas.io\/fr\/wp-json\/wp\/v2\/comments?post=132549149"}],"wp:featuredmedia":[{"embeddable":true,"href":"https:\/\/caffeonline.aclas.io\/fr\/wp-json\/wp\/v2\/media\/132549151"}],"wp:attachment":[{"href":"https:\/\/caffeonline.aclas.io\/fr\/wp-json\/wp\/v2\/media?parent=132549149"}],"wp:term":[{"taxonomy":"product_brand","embeddable":true,"href":"https:\/\/caffeonline.aclas.io\/fr\/wp-json\/wp\/v2\/product_brand?post=132549149"},{"taxonomy":"product_cat","embeddable":true,"href":"https:\/\/caffeonline.aclas.io\/fr\/wp-json\/wp\/v2\/product_cat?post=132549149"},{"taxonomy":"product_tag","embeddable":true,"href":"https:\/\/caffeonline.aclas.io\/fr\/wp-json\/wp\/v2\/product_tag?post=132549149"}],"curies":[{"name":"wp","href":"https:\/\/api.w.org\/{rel}","templated":true}]}}