{"id":132549131,"date":"2024-04-10T22:13:25","date_gmt":"2024-04-10T20:13:25","guid":{"rendered":"https:\/\/caffeonline.ch\/produkt\/caffe-passalacqua-capsules-helca\/"},"modified":"2024-04-10T22:13:25","modified_gmt":"2024-04-10T20:13:25","slug":"caffe-passalacqua-capsules-helca","status":"publish","type":"product","link":"https:\/\/caffeonline.aclas.io\/fr\/produkt\/caffe-passalacqua-capsules-helca\/","title":{"rendered":"Caff\u00e8 Passalacqua \u2013 Capsules Helca"},"content":{"rendered":"","protected":false},"excerpt":{"rendered":"<table border=\"0\">\n<tbody>\n<tr>\n<td style=\"width: 65%;\"><strong>Helca est le m\u00e9lange cr\u00e9\u00e9 par Passalacqua, destin\u00e9 \u00e0 ceux qui appr\u00e9cient un caf\u00e9 cr\u00e9meux et cors\u00e9 tout en b\u00e9n\u00e9ficiant de la simplicit\u00e9 d&rsquo;utilisation des dosettes individuelles.<\/strong><\/p>\n<p>Helca est un m\u00e9lange particuli\u00e8rement \u00e9quilibr\u00e9 : il offre non seulement un ar\u00f4me intense, mais aussi un go\u00fbt robuste et une corporalit\u00e9 remarquable dans la tasse, d\u00e9di\u00e9 \u00e0 ceux qui recherchent le go\u00fbt du v\u00e9ritable caf\u00e9 napolitain, celui de la tradition.<\/td>\n<td style=\"width: 35%;\"><img decoding=\"async\" src=\"https:\/\/caffeonline.aclas.io\/wp-content\/uploads\/2024\/05\/helca.png\"><\/td>\n<\/tr>\n<\/tbody>\n<\/table>\n","protected":false},"featured_media":12252,"comment_status":"open","ping_status":"closed","template":"","meta":{"_relevanssi_hide_post":"","_relevanssi_hide_content":"","_relevanssi_pin_for_all":"","_relevanssi_pin_keywords":"","_relevanssi_unpin_keywords":"","_relevanssi_related_keywords":"","_relevanssi_related_include_ids":"","_relevanssi_related_exclude_ids":"","_relevanssi_related_no_append":"","_relevanssi_related_not_related":"","_relevanssi_related_posts":"","_relevanssi_noindex_reason":""},"product_brand":[],"product_cat":[359,652,365],"product_tag":[],"class_list":{"0":"post-132549131","1":"product","2":"type-product","3":"status-publish","4":"has-post-thumbnail","6":"product_cat-capsules","7":"product_cat-offres-speciales-fr","8":"product_cat-systeme-nespresso","9":"pa_brand-caffe-passalacqua-fr","10":"has-subscription-plans","12":"first","13":"instock","14":"taxable","15":"shipping-taxable","16":"purchasable","17":"product-type-simple"},"batches":[{"id":"331","date_created":"2024-03-18 11:40:44","date_expiry":"2024-12-31 00:00:00","user_id":"559","batch_number":"","supplier":"","location":"","quantity":"94.0000","quantity_available":"0.0000","units":"1","status":"archived","order_ids":"[15159,15202,15217,15219,15220,15324,15325,15359,15511,15520,15538,15539,15546,15720,15740,15773,15816,15821,15893,15944,15956,16025,16047,16070,16211,16606,16607,16677,16917,17246,132545820,132545999,132546015,132546016,132546017,132546018,132546019]","po":null},{"id":"1437","date_created":"2025-01-31 06:55:34","date_expiry":"2026-12-31 00:00:00","user_id":"559","batch_number":"","supplier":"","location":"","quantity":"60.0000","quantity_available":"1.0000","units":"1","status":"active","order_ids":"[132546944,132547813,132547822,132550193,132551216,132551412,132551622,132551797,132552126,132552233,132552647,132553285,132553707,132554479]","po":null}],"_links":{"self":[{"href":"https:\/\/caffeonline.aclas.io\/fr\/wp-json\/wp\/v2\/product\/132549131","targetHints":{"allow":["GET"]}}],"collection":[{"href":"https:\/\/caffeonline.aclas.io\/fr\/wp-json\/wp\/v2\/product"}],"about":[{"href":"https:\/\/caffeonline.aclas.io\/fr\/wp-json\/wp\/v2\/types\/product"}],"replies":[{"embeddable":true,"href":"https:\/\/caffeonline.aclas.io\/fr\/wp-json\/wp\/v2\/comments?post=132549131"}],"wp:featuredmedia":[{"embeddable":true,"href":"https:\/\/caffeonline.aclas.io\/fr\/wp-json\/wp\/v2\/media\/12252"}],"wp:attachment":[{"href":"https:\/\/caffeonline.aclas.io\/fr\/wp-json\/wp\/v2\/media?parent=132549131"}],"wp:term":[{"taxonomy":"product_brand","embeddable":true,"href":"https:\/\/caffeonline.aclas.io\/fr\/wp-json\/wp\/v2\/product_brand?post=132549131"},{"taxonomy":"product_cat","embeddable":true,"href":"https:\/\/caffeonline.aclas.io\/fr\/wp-json\/wp\/v2\/product_cat?post=132549131"},{"taxonomy":"product_tag","embeddable":true,"href":"https:\/\/caffeonline.aclas.io\/fr\/wp-json\/wp\/v2\/product_tag?post=132549131"}],"curies":[{"name":"wp","href":"https:\/\/api.w.org\/{rel}","templated":true}]}}