{"id":132549126,"date":"2024-04-10T22:13:25","date_gmt":"2024-04-10T20:13:25","guid":{"rendered":"https:\/\/caffeonline.ch\/produkt\/huhtamaki-gobelets-en-carton-future-smart-100ml\/"},"modified":"2024-04-10T22:13:25","modified_gmt":"2024-04-10T20:13:25","slug":"huhtamaki-gobelets-en-carton-future-smart-100ml","status":"publish","type":"product","link":"https:\/\/caffeonline.aclas.io\/fr\/produkt\/huhtamaki-gobelets-en-carton-future-smart-100ml\/","title":{"rendered":"Huhtamaki &#8211; Gobelets en carton Future Smart 100ml"},"content":{"rendered":"","protected":false},"excerpt":{"rendered":"<p>Nous souhaitons vous pr\u00e9senter notre premier gobelet en papier compos\u00e9 \u00e0 100 % de mati\u00e8res premi\u00e8res renouvelables. Le <strong>gobelet en papier Huhtamaki Future Smart<\/strong> r\u00e9duit l&rsquo;utilisation de mati\u00e8res premi\u00e8res d\u00e9riv\u00e9es du p\u00e9trole et constitue un gobelet \u00e9conomique dot\u00e9 d&rsquo;un rev\u00eatement d&rsquo;origine biologique. Huhtamaki Future Smart\u2122 n&rsquo;utilise que du papier certifi\u00e9 PEFC issu de la gestion durable des for\u00eats.<\/p>\n<p>Logo SUPD imprim\u00e9 dans les langues suivantes : DE, EN, FR, NL, DK, PL, ES, PT, LV, LT, SWE, FI, NO, ET<\/p>\n","protected":false},"featured_media":11262,"comment_status":"open","ping_status":"closed","template":"","meta":{"_relevanssi_hide_post":"","_relevanssi_hide_content":"","_relevanssi_pin_for_all":"","_relevanssi_pin_keywords":"","_relevanssi_unpin_keywords":"","_relevanssi_related_keywords":"","_relevanssi_related_include_ids":"","_relevanssi_related_exclude_ids":"","_relevanssi_related_no_append":"","_relevanssi_related_not_related":"","_relevanssi_related_posts":"","_relevanssi_noindex_reason":""},"product_brand":[],"product_cat":[367],"product_tag":[],"class_list":{"0":"post-132549126","1":"product","2":"type-product","3":"status-publish","4":"has-post-thumbnail","6":"product_cat-accessoires","7":"pa_brand-huhtamaki-fr","9":"first","10":"instock","11":"taxable","12":"shipping-taxable","13":"purchasable","14":"product-type-simple"},"batches":[{"id":"202","date_created":"2024-03-13 06:35:45","date_expiry":null,"user_id":"559","batch_number":"","supplier":"","location":"","quantity":"50.0000","quantity_available":"17.0000","units":"1","status":"active","order_ids":"[16955,132546707,132547041,132548202,132548263,132551117,132551147,132551186]","po":null}],"_links":{"self":[{"href":"https:\/\/caffeonline.aclas.io\/fr\/wp-json\/wp\/v2\/product\/132549126","targetHints":{"allow":["GET"]}}],"collection":[{"href":"https:\/\/caffeonline.aclas.io\/fr\/wp-json\/wp\/v2\/product"}],"about":[{"href":"https:\/\/caffeonline.aclas.io\/fr\/wp-json\/wp\/v2\/types\/product"}],"replies":[{"embeddable":true,"href":"https:\/\/caffeonline.aclas.io\/fr\/wp-json\/wp\/v2\/comments?post=132549126"}],"wp:featuredmedia":[{"embeddable":true,"href":"https:\/\/caffeonline.aclas.io\/fr\/wp-json\/wp\/v2\/media\/11262"}],"wp:attachment":[{"href":"https:\/\/caffeonline.aclas.io\/fr\/wp-json\/wp\/v2\/media?parent=132549126"}],"wp:term":[{"taxonomy":"product_brand","embeddable":true,"href":"https:\/\/caffeonline.aclas.io\/fr\/wp-json\/wp\/v2\/product_brand?post=132549126"},{"taxonomy":"product_cat","embeddable":true,"href":"https:\/\/caffeonline.aclas.io\/fr\/wp-json\/wp\/v2\/product_cat?post=132549126"},{"taxonomy":"product_tag","embeddable":true,"href":"https:\/\/caffeonline.aclas.io\/fr\/wp-json\/wp\/v2\/product_tag?post=132549126"}],"curies":[{"name":"wp","href":"https:\/\/api.w.org\/{rel}","templated":true}]}}