{"id":132549116,"date":"2024-04-10T22:13:23","date_gmt":"2024-04-10T20:13:23","guid":{"rendered":"https:\/\/caffeonline.ch\/produkt\/tostini-caffe-grains-de-cafe-classico\/"},"modified":"2024-04-10T22:13:23","modified_gmt":"2024-04-10T20:13:23","slug":"tostini-caffe-grains-de-cafe-classico","status":"publish","type":"product","link":"https:\/\/caffeonline.aclas.io\/fr\/produkt\/tostini-caffe-grains-de-cafe-classico\/","title":{"rendered":"Tostini Caff\u00e8 &#8211; Grains de caf\u00e9 Classico"},"content":{"rendered":"","protected":false},"excerpt":{"rendered":"<div>\n<div>\n<div>\n<div>\n<p>Le m\u00e9lange Classico est compos\u00e9 de vari\u00e9t\u00e9s de caf\u00e9 aromatiques et de grains de robusta cors\u00e9s. Ce caf\u00e9 se caract\u00e9rise par un corps riche et \u00e9quilibr\u00e9 avec une faible acidit\u00e9, un ar\u00f4me de cacao amer et une cr\u00e8me d\u00e9licieuse, compacte, de couleur noisette. Le caf\u00e9 classique en grains est parfait pour ceux qui appr\u00e9cient le go\u00fbt authentique, unique et incomparable de l&rsquo;espresso.<\/p>\n<ul>\n<li><strong>Notes aromatiques :<\/strong> Cacao, chocolat noir, \u00e9pices, pain grill\u00e9<\/li>\n<li><strong>Torr\u00e9faction :<\/strong> 4\/5<\/li>\n<li><strong>Ar\u00f4me :<\/strong> 5\/5<\/li>\n<li><strong>Corps :<\/strong> 4\/5<\/li>\n<\/ul>\n<p>Id\u00e9al pour tous ceux qui souhaitent savourer un espresso riche et \u00e9quilibr\u00e9 avec une cr\u00e8me d\u00e9licieuse et compacte.<\/p>\n<\/div>\n<\/div>\n<\/div>\n<\/div>\n","protected":false},"featured_media":11072,"comment_status":"open","ping_status":"closed","template":"","meta":{"_relevanssi_hide_post":"","_relevanssi_hide_content":"","_relevanssi_pin_for_all":"","_relevanssi_pin_keywords":"","_relevanssi_unpin_keywords":"","_relevanssi_related_keywords":"","_relevanssi_related_include_ids":"","_relevanssi_related_exclude_ids":"","_relevanssi_related_no_append":"","_relevanssi_related_not_related":"","_relevanssi_related_posts":"","_relevanssi_noindex_reason":""},"product_brand":[],"product_cat":[355],"product_tag":[],"class_list":{"0":"post-132549116","1":"product","2":"type-product","3":"status-publish","4":"has-post-thumbnail","6":"product_cat-grains-de-cafe","7":"pa_brand-tostini-caffe-fr","8":"has-subscription-plans","10":"first","11":"instock","12":"taxable","13":"shipping-taxable","14":"purchasable","15":"product-type-simple"},"batches":[{"id":"2401","date_created":"2025-09-24 09:15:00","date_expiry":"2026-05-13 00:00:00","user_id":"2","batch_number":"","supplier":"","location":"","quantity":"18.0000","quantity_available":"18.0000","units":"1","status":"active","order_ids":null,"po":null}],"_links":{"self":[{"href":"https:\/\/caffeonline.aclas.io\/fr\/wp-json\/wp\/v2\/product\/132549116","targetHints":{"allow":["GET"]}}],"collection":[{"href":"https:\/\/caffeonline.aclas.io\/fr\/wp-json\/wp\/v2\/product"}],"about":[{"href":"https:\/\/caffeonline.aclas.io\/fr\/wp-json\/wp\/v2\/types\/product"}],"replies":[{"embeddable":true,"href":"https:\/\/caffeonline.aclas.io\/fr\/wp-json\/wp\/v2\/comments?post=132549116"}],"wp:featuredmedia":[{"embeddable":true,"href":"https:\/\/caffeonline.aclas.io\/fr\/wp-json\/wp\/v2\/media\/11072"}],"wp:attachment":[{"href":"https:\/\/caffeonline.aclas.io\/fr\/wp-json\/wp\/v2\/media?parent=132549116"}],"wp:term":[{"taxonomy":"product_brand","embeddable":true,"href":"https:\/\/caffeonline.aclas.io\/fr\/wp-json\/wp\/v2\/product_brand?post=132549116"},{"taxonomy":"product_cat","embeddable":true,"href":"https:\/\/caffeonline.aclas.io\/fr\/wp-json\/wp\/v2\/product_cat?post=132549116"},{"taxonomy":"product_tag","embeddable":true,"href":"https:\/\/caffeonline.aclas.io\/fr\/wp-json\/wp\/v2\/product_tag?post=132549116"}],"curies":[{"name":"wp","href":"https:\/\/api.w.org\/{rel}","templated":true}]}}