{"id":132549109,"date":"2024-04-10T22:13:23","date_gmt":"2024-04-10T20:13:23","guid":{"rendered":"https:\/\/caffeonline.ch\/produkt\/caffe-toraldo-dosettes-ese-melange-deka\/"},"modified":"2024-04-10T22:13:23","modified_gmt":"2024-04-10T20:13:23","slug":"caffe-toraldo-dosettes-ese-melange-deka","status":"publish","type":"product","link":"https:\/\/caffeonline.aclas.io\/fr\/produkt\/caffe-toraldo-dosettes-ese-melange-deka\/","title":{"rendered":"Caff\u00e8 Toraldo &#8211; Dosettes ESE M\u00e9lange Deka"},"content":{"rendered":"","protected":false},"excerpt":{"rendered":"<p>Un caf\u00e9 d\u00e9caf\u00e9in\u00e9 \u00e0 la mani\u00e8re Toraldo. Un caf\u00e9 d\u00e9licat, \u00e9quilibr\u00e9 et doux, avec un corps ample et une persistance en bouche prolong\u00e9e.<\/p>\n<div class=\"row d-flex align-items-center\">\n<div class=\"col-6 col-md-4 pr-0\">\n<h4><em><strong>Onctuosit\u00e9 :<\/strong><\/em><\/h4>\n<\/div>\n<div class=\"col-6 col-md-6 pr-2\">\n<div><img decoding=\"async\" style=\"max-width: 30%;\" src=\"https:\/\/www.caffetoraldo.it\/assets\/images\/icone_caratteristiche\/cremosita_4.png\"><\/div>\n<\/div>\n<\/div>\n<div class=\"row d-flex align-items-center\">\n<div class=\"col-6 col-md-4 pr-0\">\n<h4><em><strong>Torr\u00e9faction :<\/strong><\/em><\/h4>\n<\/div>\n<div class=\"col-6 col-md-6 pr-2\">\n<div><img decoding=\"async\" style=\"max-width: 30%;\" src=\"https:\/\/www.caffetoraldo.it\/assets\/images\/icone_caratteristiche\/tostatura_4.png\"><\/div>\n<\/div>\n<\/div>\n<div class=\"row d-flex align-items-center\">\n<div class=\"col-6 col-md-4 pr-0\">\n<h4><em><strong>Ar\u00f4me :<\/strong><\/em><\/h4>\n<\/div>\n<div class=\"col-6 col-md-6 pr-2\">\n<div><img decoding=\"async\" style=\"max-width: 30%;\" src=\"https:\/\/www.caffetoraldo.it\/assets\/images\/icone_caratteristiche\/aroma_4.png\"><\/div>\n<\/div>\n<\/div>\n<div class=\"row d-flex align-items-center\">\n<div class=\"col-6 col-md-4 pr-0\">\n<h4><em><strong>Intensit\u00e9 :<\/strong><\/em><\/h4>\n<\/div>\n<div class=\"col-6 col-md-6 pr-2\">\n<div><img decoding=\"async\" style=\"max-width: 30%;\" src=\"https:\/\/www.caffetoraldo.it\/assets\/images\/icone_caratteristiche\/intensita_3.png\"><\/div>\n<\/div>\n<\/div>\n","protected":false},"featured_media":11190,"comment_status":"open","ping_status":"closed","template":"","meta":{"_relevanssi_hide_post":"","_relevanssi_hide_content":"","_relevanssi_pin_for_all":"","_relevanssi_pin_keywords":"","_relevanssi_unpin_keywords":"","_relevanssi_related_keywords":"","_relevanssi_related_include_ids":"","_relevanssi_related_exclude_ids":"","_relevanssi_related_no_append":"","_relevanssi_related_not_related":"","_relevanssi_related_posts":"","_relevanssi_noindex_reason":""},"product_brand":[],"product_cat":[353],"product_tag":[],"class_list":{"0":"post-132549109","1":"product","2":"type-product","3":"status-publish","4":"has-post-thumbnail","6":"product_cat-ese-pads-fr","7":"pa_brand-caffe-toraldo-fr","8":"has-subscription-plans","10":"first","11":"instock","12":"sale","13":"taxable","14":"shipping-taxable","15":"purchasable","16":"product-type-variable"},"batches":[],"_links":{"self":[{"href":"https:\/\/caffeonline.aclas.io\/fr\/wp-json\/wp\/v2\/product\/132549109","targetHints":{"allow":["GET"]}}],"collection":[{"href":"https:\/\/caffeonline.aclas.io\/fr\/wp-json\/wp\/v2\/product"}],"about":[{"href":"https:\/\/caffeonline.aclas.io\/fr\/wp-json\/wp\/v2\/types\/product"}],"replies":[{"embeddable":true,"href":"https:\/\/caffeonline.aclas.io\/fr\/wp-json\/wp\/v2\/comments?post=132549109"}],"wp:featuredmedia":[{"embeddable":true,"href":"https:\/\/caffeonline.aclas.io\/fr\/wp-json\/wp\/v2\/media\/11190"}],"wp:attachment":[{"href":"https:\/\/caffeonline.aclas.io\/fr\/wp-json\/wp\/v2\/media?parent=132549109"}],"wp:term":[{"taxonomy":"product_brand","embeddable":true,"href":"https:\/\/caffeonline.aclas.io\/fr\/wp-json\/wp\/v2\/product_brand?post=132549109"},{"taxonomy":"product_cat","embeddable":true,"href":"https:\/\/caffeonline.aclas.io\/fr\/wp-json\/wp\/v2\/product_cat?post=132549109"},{"taxonomy":"product_tag","embeddable":true,"href":"https:\/\/caffeonline.aclas.io\/fr\/wp-json\/wp\/v2\/product_tag?post=132549109"}],"curies":[{"name":"wp","href":"https:\/\/api.w.org\/{rel}","templated":true}]}}