{"id":132549107,"date":"2024-04-10T22:13:23","date_gmt":"2024-04-10T20:13:23","guid":{"rendered":"https:\/\/caffeonline.ch\/produkt\/caffe-toraldo-capsules-decafeine\/"},"modified":"2024-04-10T22:13:23","modified_gmt":"2024-04-10T20:13:23","slug":"caffe-toraldo-capsules-decafeine","status":"publish","type":"product","link":"https:\/\/caffeonline.aclas.io\/fr\/produkt\/caffe-toraldo-capsules-decafeine\/","title":{"rendered":"Caff\u00e8 Toraldo &#8211; Capsules D\u00e9caf\u00e9in\u00e9"},"content":{"rendered":"","protected":false},"excerpt":{"rendered":"<p>Un caf\u00e9 d\u00e9caf\u00e9in\u00e9 \u00e0 la mani\u00e8re Toraldo. Un caf\u00e9 d\u00e9licat, \u00e9quilibr\u00e9 et doux, avec un corps plein et une persistance en bouche prolong\u00e9e.<\/p>\n<div class=\"row d-flex align-items-center\">\n<div class=\"col-6 col-md-4 pr-0\">\n<h4><em><strong>Onctuosit\u00e9 :<\/strong><\/em><\/h4>\n<\/div>\n<div class=\"col-6 col-md-6 pr-2\">\n<div><img decoding=\"async\" style=\"max-width: 30%\" src=\"https:\/\/www.caffetoraldo.it\/assets\/images\/icone_caratteristiche\/cremosita_4.png\"><\/div>\n<\/div>\n<\/div>\n<div class=\"row d-flex align-items-center\">\n<div class=\"col-6 col-md-4 pr-0\">\n<h4><em><strong>Torr\u00e9faction :<\/strong><\/em><\/h4>\n<\/div>\n<div class=\"col-6 col-md-6 pr-2\">\n<div><img decoding=\"async\" style=\"max-width: 30%\" src=\"https:\/\/www.caffetoraldo.it\/assets\/images\/icone_caratteristiche\/tostatura_4.png\"><\/div>\n<\/div>\n<\/div>\n<div class=\"row d-flex align-items-center\">\n<div class=\"col-6 col-md-4 pr-0\">\n<h4><em><strong>Ar\u00f4me :<\/strong><\/em><\/h4>\n<\/div>\n<div class=\"col-6 col-md-6 pr-2\">\n<div><img decoding=\"async\" style=\"max-width: 30%\" src=\"https:\/\/www.caffetoraldo.it\/assets\/images\/icone_caratteristiche\/aroma_4.png\"><\/div>\n<\/div>\n<\/div>\n<div class=\"row d-flex align-items-center\">\n<div class=\"col-6 col-md-4 pr-0\">\n<h4><em><strong>Intensit\u00e9 :<\/strong><\/em><\/h4>\n<\/div>\n<div class=\"col-6 col-md-6 pr-2\">\n<div><img decoding=\"async\" style=\"max-width: 30%\" src=\"https:\/\/www.caffetoraldo.it\/assets\/images\/icone_caratteristiche\/intensita_3.png\"><\/div>\n<\/div>\n<\/div>\n","protected":false},"featured_media":11130,"comment_status":"open","ping_status":"closed","template":"","meta":{"_relevanssi_hide_post":"","_relevanssi_hide_content":"","_relevanssi_pin_for_all":"","_relevanssi_pin_keywords":"","_relevanssi_unpin_keywords":"","_relevanssi_related_keywords":"","_relevanssi_related_include_ids":"","_relevanssi_related_exclude_ids":"","_relevanssi_related_no_append":"","_relevanssi_related_not_related":"","_relevanssi_related_posts":"","_relevanssi_noindex_reason":""},"product_brand":[],"product_cat":[359,652,365],"product_tag":[721],"class_list":{"0":"post-132549107","1":"product","2":"type-product","3":"status-publish","4":"has-post-thumbnail","6":"product_cat-capsules","7":"product_cat-offres-speciales-fr","8":"product_cat-systeme-nespresso","9":"product_tag-toraldo-kapseln-classico-fr","10":"pa_brand-caffe-toraldo-fr","11":"has-subscription-plans","13":"first","14":"instock","15":"sale","16":"taxable","17":"shipping-taxable","18":"purchasable","19":"product-type-simple"},"batches":[{"id":"465","date_created":"2024-05-03 19:50:06","date_expiry":"2026-03-31 00:00:00","user_id":"559","batch_number":"","supplier":"","location":"","quantity":"26.0000","quantity_available":"0.0000","units":"1","status":"archived","order_ids":"[15663,16610,132547470,132547573,132548305,132549912,132549929,132550041,132550047,132550934,132551117,132551289,132551427,132551778,132551859,132551860,132552072,132552126,132552150,132552426]","po":null},{"id":"2912","date_created":"2025-12-31 12:13:32","date_expiry":"2026-03-31 00:00:00","user_id":"2","batch_number":"","supplier":"","location":"","quantity":"3.0000","quantity_available":"0.0000","units":"1","status":"archived","order_ids":"[132553068,132553262]","po":null},{"id":"2913","date_created":"2025-12-31 12:14:53","date_expiry":"2027-08-30 00:00:00","user_id":"2","batch_number":"","supplier":"","location":"","quantity":"15.0000","quantity_available":"4.0000","units":"1","status":"active","order_ids":"[132553462,132553514,132553520,132553786,132553809,132554124]","po":null}],"_links":{"self":[{"href":"https:\/\/caffeonline.aclas.io\/fr\/wp-json\/wp\/v2\/product\/132549107","targetHints":{"allow":["GET"]}}],"collection":[{"href":"https:\/\/caffeonline.aclas.io\/fr\/wp-json\/wp\/v2\/product"}],"about":[{"href":"https:\/\/caffeonline.aclas.io\/fr\/wp-json\/wp\/v2\/types\/product"}],"replies":[{"embeddable":true,"href":"https:\/\/caffeonline.aclas.io\/fr\/wp-json\/wp\/v2\/comments?post=132549107"}],"wp:featuredmedia":[{"embeddable":true,"href":"https:\/\/caffeonline.aclas.io\/fr\/wp-json\/wp\/v2\/media\/11130"}],"wp:attachment":[{"href":"https:\/\/caffeonline.aclas.io\/fr\/wp-json\/wp\/v2\/media?parent=132549107"}],"wp:term":[{"taxonomy":"product_brand","embeddable":true,"href":"https:\/\/caffeonline.aclas.io\/fr\/wp-json\/wp\/v2\/product_brand?post=132549107"},{"taxonomy":"product_cat","embeddable":true,"href":"https:\/\/caffeonline.aclas.io\/fr\/wp-json\/wp\/v2\/product_cat?post=132549107"},{"taxonomy":"product_tag","embeddable":true,"href":"https:\/\/caffeonline.aclas.io\/fr\/wp-json\/wp\/v2\/product_tag?post=132549107"}],"curies":[{"name":"wp","href":"https:\/\/api.w.org\/{rel}","templated":true}]}}