{"id":132549106,"date":"2024-04-10T22:13:23","date_gmt":"2024-04-10T20:13:23","guid":{"rendered":"https:\/\/caffeonline.ch\/produkt\/caffe-borbone-capsules-melange-decafeine\/"},"modified":"2024-04-10T22:13:23","modified_gmt":"2024-04-10T20:13:23","slug":"caffe-borbone-capsules-melange-decafeine","status":"publish","type":"product","link":"https:\/\/caffeonline.aclas.io\/fr\/produkt\/caffe-borbone-capsules-melange-decafeine\/","title":{"rendered":"Caff\u00e8 Borbone &#8211; Capsules M\u00e9lange D\u00e9caf\u00e9in\u00e9"},"content":{"rendered":"","protected":false},"excerpt":{"rendered":"<p><strong>Capsules Borbone DolceRE, c<\/strong><strong>ompatibles avec Nescaf\u00e9\u00ae* Dolce Gusto\u00ae*.<\/strong><\/p>\n<p>Un caf\u00e9 l\u00e9ger et d\u00e9caf\u00e9in\u00e9 qui ne le c\u00e8de en rien \u00e0 un espresso napolitain traditionnel.<\/p>\n","protected":false},"featured_media":10934,"comment_status":"open","ping_status":"closed","template":"","meta":{"_relevanssi_hide_post":"","_relevanssi_hide_content":"","_relevanssi_pin_for_all":"","_relevanssi_pin_keywords":"","_relevanssi_unpin_keywords":"","_relevanssi_related_keywords":"","_relevanssi_related_include_ids":"","_relevanssi_related_exclude_ids":"","_relevanssi_related_no_append":"","_relevanssi_related_not_related":"","_relevanssi_related_posts":"","_relevanssi_noindex_reason":""},"product_brand":[],"product_cat":[359,360],"product_tag":[],"class_list":{"0":"post-132549106","1":"product","2":"type-product","3":"status-publish","4":"has-post-thumbnail","6":"product_cat-capsules","7":"product_cat-systeme-dolce-gusto","8":"pa_brand-caffe-borbone-fr","9":"has-subscription-plans","11":"first","12":"outofstock","13":"taxable","14":"shipping-taxable","15":"purchasable","16":"product-type-simple"},"batches":[{"id":"943","date_created":"2024-11-06 20:08:28","date_expiry":"2025-10-31 00:00:00","user_id":"1","batch_number":"","supplier":"","location":"","quantity":"30.0000","quantity_available":"0.0000","units":"1","status":"archived","order_ids":"[132546562,132549489]","po":null}],"_links":{"self":[{"href":"https:\/\/caffeonline.aclas.io\/fr\/wp-json\/wp\/v2\/product\/132549106","targetHints":{"allow":["GET"]}}],"collection":[{"href":"https:\/\/caffeonline.aclas.io\/fr\/wp-json\/wp\/v2\/product"}],"about":[{"href":"https:\/\/caffeonline.aclas.io\/fr\/wp-json\/wp\/v2\/types\/product"}],"replies":[{"embeddable":true,"href":"https:\/\/caffeonline.aclas.io\/fr\/wp-json\/wp\/v2\/comments?post=132549106"}],"wp:featuredmedia":[{"embeddable":true,"href":"https:\/\/caffeonline.aclas.io\/fr\/wp-json\/wp\/v2\/media\/10934"}],"wp:attachment":[{"href":"https:\/\/caffeonline.aclas.io\/fr\/wp-json\/wp\/v2\/media?parent=132549106"}],"wp:term":[{"taxonomy":"product_brand","embeddable":true,"href":"https:\/\/caffeonline.aclas.io\/fr\/wp-json\/wp\/v2\/product_brand?post=132549106"},{"taxonomy":"product_cat","embeddable":true,"href":"https:\/\/caffeonline.aclas.io\/fr\/wp-json\/wp\/v2\/product_cat?post=132549106"},{"taxonomy":"product_tag","embeddable":true,"href":"https:\/\/caffeonline.aclas.io\/fr\/wp-json\/wp\/v2\/product_tag?post=132549106"}],"curies":[{"name":"wp","href":"https:\/\/api.w.org\/{rel}","templated":true}]}}