{"id":132549078,"date":"2024-04-20T13:17:55","date_gmt":"2024-04-20T11:17:55","guid":{"rendered":"https:\/\/caffeonline.ch\/produkt\/bialetti-cafetiere-espresso-mini-express-induction\/"},"modified":"2024-04-20T13:17:55","modified_gmt":"2024-04-20T11:17:55","slug":"bialetti-cafetiere-espresso-mini-express-induction","status":"publish","type":"product","link":"https:\/\/caffeonline.aclas.io\/fr\/produkt\/bialetti-cafetiere-espresso-mini-express-induction\/","title":{"rendered":"Bialetti &#8211; Cafeti\u00e8re Espresso Mini Express Induction"},"content":{"rendered":"","protected":false},"excerpt":{"rendered":"<p><strong>Mini Express Induction<\/strong> est la cafeti\u00e8re espresso originale pour plaques \u00e0 induction qui non seulement pr\u00e9pare un excellent caf\u00e9 Bialetti, mais le sert directement dans deux tasses, lesquelles sont pr\u00e9chauff\u00e9es gr\u00e2ce \u00e0 la douce chaleur de la Moka, au moyen d&rsquo;un support sp\u00e9cial en aluminium.<\/p>\n<p>Bialetti Mini Express Induction, avec son design original, vous invite \u00e0 vous offrir des moments d&rsquo;intimit\u00e9 avec un \u00eatre cher.<\/p>\n","protected":false},"featured_media":13090,"comment_status":"open","ping_status":"closed","template":"","meta":{"_relevanssi_hide_post":"","_relevanssi_hide_content":"","_relevanssi_pin_for_all":"","_relevanssi_pin_keywords":"","_relevanssi_unpin_keywords":"","_relevanssi_related_keywords":"","_relevanssi_related_include_ids":"","_relevanssi_related_exclude_ids":"","_relevanssi_related_no_append":"","_relevanssi_related_not_related":"","_relevanssi_related_posts":"","_relevanssi_noindex_reason":""},"product_brand":[],"product_cat":[357,732],"product_tag":[],"class_list":{"0":"post-132549078","1":"product","2":"type-product","3":"status-publish","4":"has-post-thumbnail","6":"product_cat-machines-a-cafe","7":"product_cat-moka-fr","8":"pa_brand-bialetti-fr","9":"pa_farbe-noir","11":"first","12":"instock","13":"sale","14":"taxable","15":"shipping-taxable","16":"purchasable","17":"product-type-simple"},"batches":[{"id":"448","date_created":"2024-04-20 12:24:19","date_expiry":null,"user_id":"559","batch_number":"","supplier":"","location":"","quantity":"3.0000","quantity_available":"2.0000","units":"1","status":"active","order_ids":"[132553059]","po":null}],"_links":{"self":[{"href":"https:\/\/caffeonline.aclas.io\/fr\/wp-json\/wp\/v2\/product\/132549078","targetHints":{"allow":["GET"]}}],"collection":[{"href":"https:\/\/caffeonline.aclas.io\/fr\/wp-json\/wp\/v2\/product"}],"about":[{"href":"https:\/\/caffeonline.aclas.io\/fr\/wp-json\/wp\/v2\/types\/product"}],"replies":[{"embeddable":true,"href":"https:\/\/caffeonline.aclas.io\/fr\/wp-json\/wp\/v2\/comments?post=132549078"}],"wp:featuredmedia":[{"embeddable":true,"href":"https:\/\/caffeonline.aclas.io\/fr\/wp-json\/wp\/v2\/media\/13090"}],"wp:attachment":[{"href":"https:\/\/caffeonline.aclas.io\/fr\/wp-json\/wp\/v2\/media?parent=132549078"}],"wp:term":[{"taxonomy":"product_brand","embeddable":true,"href":"https:\/\/caffeonline.aclas.io\/fr\/wp-json\/wp\/v2\/product_brand?post=132549078"},{"taxonomy":"product_cat","embeddable":true,"href":"https:\/\/caffeonline.aclas.io\/fr\/wp-json\/wp\/v2\/product_cat?post=132549078"},{"taxonomy":"product_tag","embeddable":true,"href":"https:\/\/caffeonline.aclas.io\/fr\/wp-json\/wp\/v2\/product_tag?post=132549078"}],"curies":[{"name":"wp","href":"https:\/\/api.w.org\/{rel}","templated":true}]}}