{"id":132549066,"date":"2024-04-20T13:11:06","date_gmt":"2024-04-20T11:11:06","guid":{"rendered":"https:\/\/caffeonline.ch\/produkt\/bialetti-cafetiere-moka-pour-induction\/"},"modified":"2024-04-20T13:11:06","modified_gmt":"2024-04-20T11:11:06","slug":"bialetti-cafetiere-moka-pour-induction","status":"publish","type":"product","link":"https:\/\/caffeonline.aclas.io\/fr\/produkt\/bialetti-cafetiere-moka-pour-induction\/","title":{"rendered":"Bialetti &#8211; Cafeti\u00e8re Moka pour induction"},"content":{"rendered":"","protected":false},"excerpt":{"rendered":"<p>La <strong>Moka Induction<\/strong> de Bialetti est la premi\u00e8re cafeti\u00e8re Moka con\u00e7ue pour les plaques \u00e0 induction.<\/p>\n<p>La Moka pour induction de Bialetti est le fruit d&rsquo;une recherche continue de nouveaux mat\u00e9riaux, tenant compte des \u00e9volutions et des transformations des go\u00fbts et des habitudes dans les cuisines italiennes. La partie sup\u00e9rieure de la cafeti\u00e8re, en aluminium de forme octogonale, repr\u00e9sente la tradition et la continuit\u00e9 avec l&rsquo;historique Moka Express, tandis que le r\u00e9servoir en acier permet son utilisation sur les plaques \u00e0 induction.<\/p>\n<p>La technologie bicouche du r\u00e9servoir combine une couche ext\u00e9rieure en acier, permettant le fonctionnement sur les plaques \u00e0 induction, avec une couche int\u00e9rieure en aluminium, assurant une distribution uniforme de la chaleur.<\/p>\n<p>La partie sup\u00e9rieure classique en aluminium de notre Moka pour induction garantit que le caf\u00e9 pr\u00e9par\u00e9 est d&rsquo;aussi bonne qualit\u00e9 que celui issu de la traditionnelle Moka Express.<\/p>\n","protected":false},"featured_media":13078,"comment_status":"open","ping_status":"closed","template":"","meta":{"_relevanssi_hide_post":"","_relevanssi_hide_content":"","_relevanssi_pin_for_all":"","_relevanssi_pin_keywords":"","_relevanssi_unpin_keywords":"","_relevanssi_related_keywords":"","_relevanssi_related_include_ids":"","_relevanssi_related_exclude_ids":"","_relevanssi_related_no_append":"","_relevanssi_related_not_related":"","_relevanssi_related_posts":"","_relevanssi_noindex_reason":""},"product_brand":[],"product_cat":[357,732],"product_tag":[],"class_list":{"0":"post-132549066","1":"product","2":"type-product","3":"status-publish","4":"has-post-thumbnail","6":"product_cat-machines-a-cafe","7":"product_cat-moka-fr","8":"pa_brand-bialetti-fr","9":"pa_farbe-noir","10":"pa_farbe-rouge","12":"first","13":"instock","14":"sale","15":"taxable","16":"shipping-taxable","17":"purchasable","18":"product-type-variable"},"batches":[],"_links":{"self":[{"href":"https:\/\/caffeonline.aclas.io\/fr\/wp-json\/wp\/v2\/product\/132549066","targetHints":{"allow":["GET"]}}],"collection":[{"href":"https:\/\/caffeonline.aclas.io\/fr\/wp-json\/wp\/v2\/product"}],"about":[{"href":"https:\/\/caffeonline.aclas.io\/fr\/wp-json\/wp\/v2\/types\/product"}],"replies":[{"embeddable":true,"href":"https:\/\/caffeonline.aclas.io\/fr\/wp-json\/wp\/v2\/comments?post=132549066"}],"wp:featuredmedia":[{"embeddable":true,"href":"https:\/\/caffeonline.aclas.io\/fr\/wp-json\/wp\/v2\/media\/13078"}],"wp:attachment":[{"href":"https:\/\/caffeonline.aclas.io\/fr\/wp-json\/wp\/v2\/media?parent=132549066"}],"wp:term":[{"taxonomy":"product_brand","embeddable":true,"href":"https:\/\/caffeonline.aclas.io\/fr\/wp-json\/wp\/v2\/product_brand?post=132549066"},{"taxonomy":"product_cat","embeddable":true,"href":"https:\/\/caffeonline.aclas.io\/fr\/wp-json\/wp\/v2\/product_cat?post=132549066"},{"taxonomy":"product_tag","embeddable":true,"href":"https:\/\/caffeonline.aclas.io\/fr\/wp-json\/wp\/v2\/product_tag?post=132549066"}],"curies":[{"name":"wp","href":"https:\/\/api.w.org\/{rel}","templated":true}]}}