{"id":132549054,"date":"2024-04-10T22:13:43","date_gmt":"2024-04-10T20:13:43","guid":{"rendered":"https:\/\/caffeonline.ch\/produkt\/faber-machine-a-cafe-pro-deluxe\/"},"modified":"2026-02-13T18:02:15","modified_gmt":"2026-02-13T17:02:15","slug":"faber-machine-a-cafe-pro-deluxe","status":"publish","type":"product","link":"https:\/\/caffeonline.aclas.io\/fr\/produkt\/faber-machine-a-cafe-pro-deluxe\/","title":{"rendered":"Faber &#8211; Machine \u00e0 caf\u00e9 Pro Deluxe"},"content":{"rendered":"","protected":false},"excerpt":{"rendered":"<p><strong>Faber Pro Deluxe<\/strong> est un chef-d&rsquo;\u0153uvre d&rsquo;esth\u00e9tique et de fonctionnalit\u00e9.<\/p>\n<p>Elle est sp\u00e9cialement con\u00e7ue pour ceux qui appr\u00e9cient un go\u00fbt de caf\u00e9 incomparable tout en ayant un penchant pour un design unique et une durabilit\u00e9 exceptionnelle.<\/p>\n<p>La machine est fabriqu\u00e9e \u00e0 partir de mat\u00e9riaux robustes et de composants de haute qualit\u00e9, ce qui en fait un choix durable pour les amateurs de caf\u00e9.<\/p>\n<p>Avec son design \u00e9l\u00e9gant et ses hautes performances, elle est bien plus qu&rsquo;une simple machine \u00e0 caf\u00e9 &#8211; c&rsquo;est une affirmation de qualit\u00e9 et de durabilit\u00e9.<\/p>\n","protected":false},"featured_media":10684,"comment_status":"open","ping_status":"closed","template":"","meta":{"_relevanssi_hide_post":"","_relevanssi_hide_content":"","_relevanssi_pin_for_all":"","_relevanssi_pin_keywords":"","_relevanssi_unpin_keywords":"","_relevanssi_related_keywords":"","_relevanssi_related_include_ids":"","_relevanssi_related_exclude_ids":"","_relevanssi_related_no_append":"","_relevanssi_related_not_related":"","_relevanssi_related_posts":"","_relevanssi_noindex_reason":""},"product_brand":[],"product_cat":[357,358],"product_tag":[],"class_list":{"0":"post-132549054","1":"product","2":"type-product","3":"status-publish","4":"has-post-thumbnail","6":"product_cat-machines-a-cafe","7":"product_cat-machines-a-e-s-e-pads","8":"pa_brand-faber-fr","9":"pa_farbe-acid-green-fr","10":"pa_farbe-blanc-or","11":"pa_farbe-british-green-fr","12":"pa_farbe-cherry-red-fr","13":"pa_farbe-coral-pink-fr","14":"pa_farbe-noir-fr","15":"pa_farbe-old-english-white-fr","16":"pa_farbe-total-inox-fr","17":"pa_farbe-turquoise-fr","18":"pa_farbe-violet-purple-fr","19":"pa_kaffeemenge-arret-manuel","20":"pa_leistung-500-watts","21":"pa_pumpendruck-environ-15-bars","22":"pa_pumpentyp-pompe-a-vibration","23":"pa_stromversorgung-230v-fr","24":"pa_wassertank-capacite-en-eau-de-13-litre","26":"first","27":"instock","28":"sale","29":"taxable","30":"shipping-taxable","31":"purchasable","32":"product-type-variable"},"batches":[],"_links":{"self":[{"href":"https:\/\/caffeonline.aclas.io\/fr\/wp-json\/wp\/v2\/product\/132549054","targetHints":{"allow":["GET"]}}],"collection":[{"href":"https:\/\/caffeonline.aclas.io\/fr\/wp-json\/wp\/v2\/product"}],"about":[{"href":"https:\/\/caffeonline.aclas.io\/fr\/wp-json\/wp\/v2\/types\/product"}],"replies":[{"embeddable":true,"href":"https:\/\/caffeonline.aclas.io\/fr\/wp-json\/wp\/v2\/comments?post=132549054"}],"wp:featuredmedia":[{"embeddable":true,"href":"https:\/\/caffeonline.aclas.io\/fr\/wp-json\/wp\/v2\/media\/10684"}],"wp:attachment":[{"href":"https:\/\/caffeonline.aclas.io\/fr\/wp-json\/wp\/v2\/media?parent=132549054"}],"wp:term":[{"taxonomy":"product_brand","embeddable":true,"href":"https:\/\/caffeonline.aclas.io\/fr\/wp-json\/wp\/v2\/product_brand?post=132549054"},{"taxonomy":"product_cat","embeddable":true,"href":"https:\/\/caffeonline.aclas.io\/fr\/wp-json\/wp\/v2\/product_cat?post=132549054"},{"taxonomy":"product_tag","embeddable":true,"href":"https:\/\/caffeonline.aclas.io\/fr\/wp-json\/wp\/v2\/product_tag?post=132549054"}],"curies":[{"name":"wp","href":"https:\/\/api.w.org\/{rel}","templated":true}]}}