{"id":132549051,"date":"2024-04-10T22:13:43","date_gmt":"2024-04-10T20:13:43","guid":{"rendered":"https:\/\/caffeonline.ch\/produkt\/caffe-passalacqua-dosettes-ese-melange-helca\/"},"modified":"2024-04-10T22:13:43","modified_gmt":"2024-04-10T20:13:43","slug":"caffe-passalacqua-dosettes-ese-melange-helca","status":"publish","type":"product","link":"https:\/\/caffeonline.aclas.io\/fr\/produkt\/caffe-passalacqua-dosettes-ese-melange-helca\/","title":{"rendered":"Caff\u00e8 Passalacqua \u2013 Dosettes ESE M\u00e9lange Helca"},"content":{"rendered":"","protected":false},"excerpt":{"rendered":"<table border=\"0\">\n<tbody>\n<tr>\n<td style=\"width: 65%\"><strong>Helca est le m\u00e9lange cr\u00e9\u00e9 par Passalacqua, destin\u00e9 \u00e0 ceux qui appr\u00e9cient un caf\u00e9 cr\u00e9meux et cors\u00e9 tout en b\u00e9n\u00e9ficiant de la simplicit\u00e9 d&rsquo;utilisation des dosettes individuelles.<\/strong><\/p>\n<p>Helca est un m\u00e9lange particuli\u00e8rement \u00e9quilibr\u00e9 : il offre non seulement un ar\u00f4me intense, mais \u00e9galement une saveur robuste et une remarquable corpulence en tasse, d\u00e9di\u00e9 \u00e0 ceux qui recherchent le go\u00fbt authentique du caf\u00e9 napolitain, celui de la tradition.<\/td>\n<td style=\"width: 35%\"><img decoding=\"async\" src=\"https:\/\/caffeonline.aclas.io\/wp-content\/uploads\/2024\/05\/helca.png\"><\/td>\n<\/tr>\n<\/tbody>\n<\/table>\n","protected":false},"featured_media":12068,"comment_status":"open","ping_status":"closed","template":"","meta":{"_relevanssi_hide_post":"","_relevanssi_hide_content":"","_relevanssi_pin_for_all":"","_relevanssi_pin_keywords":"","_relevanssi_unpin_keywords":"","_relevanssi_related_keywords":"","_relevanssi_related_include_ids":"","_relevanssi_related_exclude_ids":"","_relevanssi_related_no_append":"","_relevanssi_related_not_related":"","_relevanssi_related_posts":"","_relevanssi_noindex_reason":""},"product_brand":[],"product_cat":[353],"product_tag":[],"class_list":{"0":"post-132549051","1":"product","2":"type-product","3":"status-publish","4":"has-post-thumbnail","6":"product_cat-ese-pads-fr","7":"pa_brand-caffe-passalacqua-fr","8":"has-subscription-plans","10":"first","11":"instock","12":"taxable","13":"shipping-taxable","14":"purchasable","15":"product-type-simple"},"batches":[{"id":"169","date_created":"2024-03-11 11:12:51","date_expiry":"2026-06-30 00:00:00","user_id":"559","batch_number":"","supplier":"","location":"","quantity":"36.0000","quantity_available":"0.0000","units":"1","status":"archived","order_ids":"[14702,15270,15665,15691,15924,16028,16962,17247,132546136,132546298,132546471,132546488,132546497,132547133,132548188,132548368,132549679,132549740,132550008,132550085,132550175,132550210,132550930,132551068,132551165,132551175,132551209,132551436]","po":null},{"id":"2646","date_created":"2025-10-31 10:56:22","date_expiry":"2026-06-30 00:00:00","user_id":"2","batch_number":"","supplier":"","location":"","quantity":"2.0000","quantity_available":"0.0000","units":"1","status":"archived","order_ids":"[132552126]","po":null},{"id":"3180","date_created":"2026-02-12 15:45:07","date_expiry":"2027-12-31 00:00:00","user_id":"2","batch_number":"","supplier":"","location":"","quantity":"4.0000","quantity_available":"3.0000","units":"1","status":"active","order_ids":"[132554103]","po":null}],"_links":{"self":[{"href":"https:\/\/caffeonline.aclas.io\/fr\/wp-json\/wp\/v2\/product\/132549051","targetHints":{"allow":["GET"]}}],"collection":[{"href":"https:\/\/caffeonline.aclas.io\/fr\/wp-json\/wp\/v2\/product"}],"about":[{"href":"https:\/\/caffeonline.aclas.io\/fr\/wp-json\/wp\/v2\/types\/product"}],"replies":[{"embeddable":true,"href":"https:\/\/caffeonline.aclas.io\/fr\/wp-json\/wp\/v2\/comments?post=132549051"}],"wp:featuredmedia":[{"embeddable":true,"href":"https:\/\/caffeonline.aclas.io\/fr\/wp-json\/wp\/v2\/media\/12068"}],"wp:attachment":[{"href":"https:\/\/caffeonline.aclas.io\/fr\/wp-json\/wp\/v2\/media?parent=132549051"}],"wp:term":[{"taxonomy":"product_brand","embeddable":true,"href":"https:\/\/caffeonline.aclas.io\/fr\/wp-json\/wp\/v2\/product_brand?post=132549051"},{"taxonomy":"product_cat","embeddable":true,"href":"https:\/\/caffeonline.aclas.io\/fr\/wp-json\/wp\/v2\/product_cat?post=132549051"},{"taxonomy":"product_tag","embeddable":true,"href":"https:\/\/caffeonline.aclas.io\/fr\/wp-json\/wp\/v2\/product_tag?post=132549051"}],"curies":[{"name":"wp","href":"https:\/\/api.w.org\/{rel}","templated":true}]}}