{"id":132549046,"date":"2024-04-10T22:13:43","date_gmt":"2024-04-10T20:13:43","guid":{"rendered":"https:\/\/caffeonline.ch\/produkt\/lollo-caffe-ese-pads-linea-amore-travolgente\/"},"modified":"2024-04-10T22:13:43","modified_gmt":"2024-04-10T20:13:43","slug":"lollo-caffe-ese-pads-linea-amore-travolgente","status":"publish","type":"product","link":"https:\/\/caffeonline.aclas.io\/fr\/produkt\/lollo-caffe-ese-pads-linea-amore-travolgente\/","title":{"rendered":"Lollo Caff\u00e8 \u2013 ESE Pads Linea Amore Travolgente"},"content":{"rendered":"","protected":false},"excerpt":{"rendered":"<p>Les <strong>dosettes ESE Lollo Caff\u00e8 Linea Amore Travolgente<\/strong> offrent une exp\u00e9rience de caf\u00e9 intense, cr\u00e9meuse et \u00e9nergisante. Ce m\u00e9lange est r\u00e9put\u00e9 pour son intensit\u00e9 robuste et son corps g\u00e9n\u00e9reux, qui en font un caf\u00e9 exceptionnel pour tous ceux qui recherchent un d\u00e9marrage vigoureux de la journ\u00e9e ou un regain d&rsquo;\u00e9nergie au cours de celle-ci.<\/p>\n<ul>\n<li><strong>Intense et cr\u00e9meux :<\/strong> Un espresso puissant et cors\u00e9, empreint d&rsquo;\u00e9nergie et de vigueur.<\/li>\n<li><strong>Intensit\u00e9 :<\/strong> Tr\u00e8s \u00e9lev\u00e9e<\/li>\n<li><strong>Ar\u00f4me :<\/strong> Profond et riche<\/li>\n<li><strong>Corps :<\/strong> Plein et robuste<\/li>\n<li><strong>Richesse :<\/strong> Opulente<\/li>\n<li><strong>Persistance :<\/strong> Prolong\u00e9e<\/li>\n<\/ul>\n<p>Ces dosettes ESE sont id\u00e9ales pour les amateurs de caf\u00e9 intense, cr\u00e9meux et cors\u00e9. Parfaites pour ceux qui recherchent une exp\u00e9rience de caf\u00e9 puissante et revigorante, stimulant \u00e0 la fois l&rsquo;esprit et les sens. Id\u00e9ales pour le caf\u00e9 matinal ou comme base robuste pour les sp\u00e9cialit\u00e9s de caf\u00e9 \u00e0 base de lait.<\/p>\n","protected":false},"featured_media":12118,"comment_status":"open","ping_status":"closed","template":"","meta":{"_relevanssi_hide_post":"","_relevanssi_hide_content":"","_relevanssi_pin_for_all":"","_relevanssi_pin_keywords":"","_relevanssi_unpin_keywords":"","_relevanssi_related_keywords":"","_relevanssi_related_include_ids":"","_relevanssi_related_exclude_ids":"","_relevanssi_related_no_append":"","_relevanssi_related_not_related":"","_relevanssi_related_posts":"","_relevanssi_noindex_reason":""},"product_brand":[],"product_cat":[353],"product_tag":[],"class_list":{"0":"post-132549046","1":"product","2":"type-product","3":"status-publish","4":"has-post-thumbnail","6":"product_cat-ese-pads-fr","7":"pa_brand-lollo-caffe-fr","8":"has-subscription-plans","10":"first","11":"instock","12":"sale","13":"taxable","14":"shipping-taxable","15":"purchasable","16":"product-type-simple"},"batches":[{"id":"546","date_created":"2024-07-05 15:43:57","date_expiry":"2025-12-31 00:00:00","user_id":"559","batch_number":"","supplier":"","location":"","quantity":"7.0000","quantity_available":"0.0000","units":"1","status":"archived","order_ids":"[14911,14933,15332,16178,16518,132546163,132546471]","po":null},{"id":"1251","date_created":"2024-12-18 14:51:28","date_expiry":"2026-06-30 00:00:00","user_id":"559","batch_number":"","supplier":"","location":"","quantity":"24.0000","quantity_available":"0.0000","units":"1","status":"archived","order_ids":"[132546497,132546569,132546654,132546685,132547116,132547206,132547249,132550175]","po":null},{"id":"1668","date_created":"2025-03-13 12:48:05","date_expiry":"2025-12-30 00:00:00","user_id":"559","batch_number":"","supplier":"","location":"","quantity":"20.0000","quantity_available":"0.0000","units":"1","status":"archived","order_ids":"[132547830,132549741,132549852,132549881,132549929,132550063,132550073,132550122,132550127,132550147,132550175]","po":null},{"id":"2159","date_created":"2025-08-06 13:22:01","date_expiry":"2026-06-30 00:00:00","user_id":"2","batch_number":"","supplier":"","location":"","quantity":"24.0000","quantity_available":"0.0000","units":"1","status":"archived","order_ids":"[132550306,132550913,132551117,132551170,132551209,132551360,132551412,132551901,132552126,132552266]","po":null},{"id":"2915","date_created":"2026-01-03 11:15:34","date_expiry":"2026-06-30 00:00:00","user_id":"2","batch_number":"","supplier":"","location":"","quantity":"2.0000","quantity_available":"0.0000","units":"1","status":"archived","order_ids":"[132553047,132553186]","po":null},{"id":"3124","date_created":"2026-02-05 17:31:00","date_expiry":"2027-06-30 00:00:00","user_id":"2","batch_number":"","supplier":"","location":"","quantity":"24.0000","quantity_available":"20.0000","units":"1","status":"active","order_ids":"[132554109]","po":null}],"_links":{"self":[{"href":"https:\/\/caffeonline.aclas.io\/fr\/wp-json\/wp\/v2\/product\/132549046","targetHints":{"allow":["GET"]}}],"collection":[{"href":"https:\/\/caffeonline.aclas.io\/fr\/wp-json\/wp\/v2\/product"}],"about":[{"href":"https:\/\/caffeonline.aclas.io\/fr\/wp-json\/wp\/v2\/types\/product"}],"replies":[{"embeddable":true,"href":"https:\/\/caffeonline.aclas.io\/fr\/wp-json\/wp\/v2\/comments?post=132549046"}],"wp:featuredmedia":[{"embeddable":true,"href":"https:\/\/caffeonline.aclas.io\/fr\/wp-json\/wp\/v2\/media\/12118"}],"wp:attachment":[{"href":"https:\/\/caffeonline.aclas.io\/fr\/wp-json\/wp\/v2\/media?parent=132549046"}],"wp:term":[{"taxonomy":"product_brand","embeddable":true,"href":"https:\/\/caffeonline.aclas.io\/fr\/wp-json\/wp\/v2\/product_brand?post=132549046"},{"taxonomy":"product_cat","embeddable":true,"href":"https:\/\/caffeonline.aclas.io\/fr\/wp-json\/wp\/v2\/product_cat?post=132549046"},{"taxonomy":"product_tag","embeddable":true,"href":"https:\/\/caffeonline.aclas.io\/fr\/wp-json\/wp\/v2\/product_tag?post=132549046"}],"curies":[{"name":"wp","href":"https:\/\/api.w.org\/{rel}","templated":true}]}}