{"id":132549045,"date":"2024-04-10T22:13:43","date_gmt":"2024-04-10T20:13:43","guid":{"rendered":"https:\/\/caffeonline.ch\/produkt\/spinelli-caffe-dosettes-ese-espresso-bar\/"},"modified":"2024-04-10T22:13:43","modified_gmt":"2024-04-10T20:13:43","slug":"spinelli-caffe-dosettes-ese-espresso-bar","status":"publish","type":"product","link":"https:\/\/caffeonline.aclas.io\/fr\/produkt\/spinelli-caffe-dosettes-ese-espresso-bar\/","title":{"rendered":"Spinelli Caff\u00e8 &#8211; Dosettes ESE Espresso Bar"},"content":{"rendered":"","protected":false},"excerpt":{"rendered":"<p>Les <strong>dosettes ESE Espresso Bar de Spinelli Caff\u00e8<\/strong> sont torr\u00e9fi\u00e9es fonc\u00e9es et compos\u00e9es de 60% d&rsquo;Arabica et 40% de Robusta. Malgr\u00e9 la torr\u00e9faction fonc\u00e9e, ce caf\u00e9 s\u00e9duit par une certaine \u00e9l\u00e9gance. Il est plus subtil et moins cors\u00e9 que ses concurrents du sud de l&rsquo;Italie. Les acides et les amers sont discrets, et son ar\u00f4me rappelle le chocolat aux noisettes ou le Nutella.<\/p>\n<p><strong>M\u00e9lange et torr\u00e9faction :<\/strong><\/p>\n<ul>\n<li><strong>Type de grains :<\/strong> 60% Arabica, 40% Robusta<\/li>\n<li><strong>Torr\u00e9faction :<\/strong> Fonc\u00e9e<\/li>\n<\/ul>\n<p><strong>Profil sensoriel :<\/strong><\/p>\n<ul>\n<li><strong>Ar\u00f4me :<\/strong> Chocolat aux noisettes, Nutella<\/li>\n<li><strong>Corps :<\/strong> \u00c9l\u00e9gant et subtil<\/li>\n<li><strong>Profil gustatif :<\/strong> Acides et amers discrets<\/li>\n<\/ul>\n<p><strong>Convient pour :<\/strong> Espresso et Americano<\/p>\n","protected":false},"featured_media":132549047,"comment_status":"open","ping_status":"closed","template":"","meta":{"_relevanssi_hide_post":"","_relevanssi_hide_content":"","_relevanssi_pin_for_all":"","_relevanssi_pin_keywords":"","_relevanssi_unpin_keywords":"","_relevanssi_related_keywords":"","_relevanssi_related_include_ids":"","_relevanssi_related_exclude_ids":"","_relevanssi_related_no_append":"","_relevanssi_related_not_related":"","_relevanssi_related_posts":"","_relevanssi_noindex_reason":""},"product_brand":[],"product_cat":[353],"product_tag":[],"class_list":{"0":"post-132549045","1":"product","2":"type-product","3":"status-publish","4":"has-post-thumbnail","6":"product_cat-ese-pads-fr","7":"pa_brand-spinelli-caffe-fr","8":"has-subscription-plans","10":"first","11":"instock","12":"taxable","13":"shipping-taxable","14":"purchasable","15":"product-type-simple"},"batches":[{"id":"1062","date_created":"2024-11-18 16:15:55","date_expiry":"2025-12-26 00:00:00","user_id":"559","batch_number":"","supplier":"","location":"","quantity":"2.0000","quantity_available":"0.0000","units":"1","status":"archived","order_ids":"[16467,16708]","po":null},{"id":"1063","date_created":"2024-11-18 16:16:20","date_expiry":"2026-04-17 00:00:00","user_id":"559","batch_number":"","supplier":"","location":"","quantity":"4.0000","quantity_available":"0.0000","units":"1","status":"archived","order_ids":"[132545880,132546569,132546685]","po":null},{"id":"1277","date_created":"2024-12-23 14:59:21","date_expiry":"2026-04-17 00:00:00","user_id":"559","batch_number":"","supplier":"","location":"","quantity":"1.0000","quantity_available":"0.0000","units":"1","status":"archived","order_ids":"[132546079]","po":null},{"id":"1570","date_created":"2025-02-19 05:20:01","date_expiry":"2026-04-17 00:00:00","user_id":"559","batch_number":"","supplier":"","location":"","quantity":"2.0000","quantity_available":"0.0000","units":"1","status":"archived","order_ids":"[132546959]","po":null},{"id":"1650","date_created":"2025-03-06 15:04:09","date_expiry":"2026-07-30 00:00:00","user_id":"559","batch_number":"","supplier":"","location":"","quantity":"3.0000","quantity_available":"0.0000","units":"1","status":"archived","order_ids":"[132547148,132547736,132548124]","po":null},{"id":"1844","date_created":"2025-04-27 20:36:31","date_expiry":null,"user_id":"559","batch_number":"","supplier":"","location":"","quantity":"1.0000","quantity_available":"0.0000","units":"1","status":"archived","order_ids":"[132549685]","po":null},{"id":"1994","date_created":"2025-06-05 12:07:12","date_expiry":"2026-07-15 00:00:00","user_id":"2","batch_number":"","supplier":"","location":"","quantity":"2.0000","quantity_available":"0.0000","units":"1","status":"archived","order_ids":"[132550008,132550113]","po":null},{"id":"2150","date_created":"2025-08-06 09:52:16","date_expiry":"2026-12-10 00:00:00","user_id":"2","batch_number":"","supplier":"","location":"","quantity":"10.0000","quantity_available":"0.0000","units":"1","status":"archived","order_ids":"[132551342,132551498,132551859,132551860]","po":null},{"id":"2740","date_created":"2025-11-21 10:14:09","date_expiry":"2027-05-07 00:00:00","user_id":"2","batch_number":"","supplier":"","location":"","quantity":"2.0000","quantity_available":"0.0000","units":"1","status":"archived","order_ids":"[132552322]","po":null},{"id":"2862","date_created":"2025-12-14 21:40:02","date_expiry":"2027-05-07 00:00:00","user_id":"2","batch_number":"","supplier":"","location":"","quantity":"5.0000","quantity_available":"0.0000","units":"1","status":"archived","order_ids":"[132552789,132552891,132552899,132553068,132553091]","po":null},{"id":"3062","date_created":"2026-01-23 15:48:34","date_expiry":null,"user_id":"2","batch_number":"","supplier":"","location":"","quantity":"3.0000","quantity_available":"0.0000","units":"1","status":"archived","order_ids":"[132553100,132553578,132553783]","po":null},{"id":"3245","date_created":"2026-03-01 16:46:33","date_expiry":null,"user_id":"2","batch_number":"","supplier":"","location":"","quantity":"10.0000","quantity_available":"9.0000","units":"1","status":"active","order_ids":"[132554429]","po":null}],"_links":{"self":[{"href":"https:\/\/caffeonline.aclas.io\/fr\/wp-json\/wp\/v2\/product\/132549045","targetHints":{"allow":["GET"]}}],"collection":[{"href":"https:\/\/caffeonline.aclas.io\/fr\/wp-json\/wp\/v2\/product"}],"about":[{"href":"https:\/\/caffeonline.aclas.io\/fr\/wp-json\/wp\/v2\/types\/product"}],"replies":[{"embeddable":true,"href":"https:\/\/caffeonline.aclas.io\/fr\/wp-json\/wp\/v2\/comments?post=132549045"}],"wp:featuredmedia":[{"embeddable":true,"href":"https:\/\/caffeonline.aclas.io\/fr\/wp-json\/wp\/v2\/media\/132549047"}],"wp:attachment":[{"href":"https:\/\/caffeonline.aclas.io\/fr\/wp-json\/wp\/v2\/media?parent=132549045"}],"wp:term":[{"taxonomy":"product_brand","embeddable":true,"href":"https:\/\/caffeonline.aclas.io\/fr\/wp-json\/wp\/v2\/product_brand?post=132549045"},{"taxonomy":"product_cat","embeddable":true,"href":"https:\/\/caffeonline.aclas.io\/fr\/wp-json\/wp\/v2\/product_cat?post=132549045"},{"taxonomy":"product_tag","embeddable":true,"href":"https:\/\/caffeonline.aclas.io\/fr\/wp-json\/wp\/v2\/product_tag?post=132549045"}],"curies":[{"name":"wp","href":"https:\/\/api.w.org\/{rel}","templated":true}]}}