{"id":132549041,"date":"2024-04-10T22:13:35","date_gmt":"2024-04-10T20:13:35","guid":{"rendered":"https:\/\/caffeonline.ch\/produkt\/caffe-borbone-capsules-en-aluminium-magica-palermo\/"},"modified":"2024-04-10T22:13:35","modified_gmt":"2024-04-10T20:13:35","slug":"caffe-borbone-capsules-en-aluminium-magica-palermo","status":"publish","type":"product","link":"https:\/\/caffeonline.aclas.io\/fr\/produkt\/caffe-borbone-capsules-en-aluminium-magica-palermo\/","title":{"rendered":"Caff\u00e8 Borbone &#8211; Capsules en aluminium Magica Palermo"},"content":{"rendered":"","protected":false},"excerpt":{"rendered":"<p><strong>M\u00e9lange Magica Palermo : intense, cors\u00e9, dot\u00e9 d&rsquo;un caract\u00e8re chaleureux et d\u00e9termin\u00e9 \u00e0 l&rsquo;image de la magnifique Palerme.<\/strong><\/p>\n<table border=\"0\">\n<tbody>\n<tr>\n<td><strong>CORPS<\/strong><\/td>\n<td><strong>INTENSIT\u00c9<\/strong><\/td>\n<td><strong>DOUCEUR<\/strong><\/td>\n<\/tr>\n<tr>\n<td><strong>9,5<\/strong><sup>\/10<\/sup><\/td>\n<td><strong>9<\/strong><sup>\/10<\/sup><\/td>\n<td><strong>7<\/strong><sup>\/10<\/sup><\/td>\n<\/tr>\n<\/tbody>\n<\/table>\n<p><strong>Les capsules du m\u00e9lange Magica Palermo <\/strong>sont compos\u00e9es d&rsquo;<strong>aluminium<\/strong> et vous s\u00e9duiront en lib\u00e9rant l&rsquo;ar\u00f4me et le caract\u00e8re distinctif de ce caf\u00e9 ; avec une forte pr\u00e9dominance de qualit\u00e9 robusta.<\/p>\n<p>De l&rsquo;assemblage habile de vari\u00e9t\u00e9s raffin\u00e9es de robusta na\u00eet un <strong>m\u00e9lange intense au corps, au go\u00fbt et \u00e0 la persistance prononc\u00e9s<\/strong>.<\/p>\n<p>Un caf\u00e9 unique, pour une exp\u00e9rience jamais monotone, au go\u00fbt inoubliable. C&rsquo;est pour cette raison que nous avons souhait\u00e9 le d\u00e9dier \u00e0 la splendide Palerme, une ville au carrefour des cultures, au caract\u00e8re chaleureux, fort et d\u00e9termin\u00e9. Laissez-nous vous emmener dans un voyage sensoriel captivant, une seule gorg\u00e9e suffira.<\/p>\n<p><strong>Compatible avec les machines Nespresso\u00ae* \u00e0 usage domestique.<\/strong><\/p>\n","protected":false},"featured_media":10950,"comment_status":"open","ping_status":"closed","template":"","meta":{"_relevanssi_hide_post":"","_relevanssi_hide_content":"","_relevanssi_pin_for_all":"","_relevanssi_pin_keywords":"","_relevanssi_unpin_keywords":"","_relevanssi_related_keywords":"","_relevanssi_related_include_ids":"","_relevanssi_related_exclude_ids":"","_relevanssi_related_no_append":"","_relevanssi_related_not_related":"","_relevanssi_related_posts":"","_relevanssi_noindex_reason":""},"product_brand":[],"product_cat":[359,648,365],"product_tag":[],"class_list":{"0":"post-132549041","1":"product","2":"type-product","3":"status-publish","4":"has-post-thumbnail","6":"product_cat-capsules","7":"product_cat-offres-speciales","8":"product_cat-systeme-nespresso","9":"pa_brand-caffe-borbone-fr","10":"has-subscription-plans","12":"first","13":"outofstock","14":"sale","15":"taxable","16":"shipping-taxable","17":"purchasable","18":"product-type-simple"},"batches":[{"id":"415","date_created":"2024-04-11 15:34:11","date_expiry":"2025-09-30 00:00:00","user_id":"559","batch_number":"","supplier":"","location":"","quantity":"148.0000","quantity_available":"0.0000","units":"1","status":"archived","order_ids":"[14707,15619,15640,15642,16610,16684,16687,17154,132546045,132546091,132546115,132546334,132546497,132546568,132546593,132547469,132547731,132547847,132547932,132548092,132548096,132549231,132549240,132549263,132549554,132549740,132549748,132549822,132549852,132549912,132550008,132550009,132550041,132550047]","po":null}],"_links":{"self":[{"href":"https:\/\/caffeonline.aclas.io\/fr\/wp-json\/wp\/v2\/product\/132549041","targetHints":{"allow":["GET"]}}],"collection":[{"href":"https:\/\/caffeonline.aclas.io\/fr\/wp-json\/wp\/v2\/product"}],"about":[{"href":"https:\/\/caffeonline.aclas.io\/fr\/wp-json\/wp\/v2\/types\/product"}],"replies":[{"embeddable":true,"href":"https:\/\/caffeonline.aclas.io\/fr\/wp-json\/wp\/v2\/comments?post=132549041"}],"wp:featuredmedia":[{"embeddable":true,"href":"https:\/\/caffeonline.aclas.io\/fr\/wp-json\/wp\/v2\/media\/10950"}],"wp:attachment":[{"href":"https:\/\/caffeonline.aclas.io\/fr\/wp-json\/wp\/v2\/media?parent=132549041"}],"wp:term":[{"taxonomy":"product_brand","embeddable":true,"href":"https:\/\/caffeonline.aclas.io\/fr\/wp-json\/wp\/v2\/product_brand?post=132549041"},{"taxonomy":"product_cat","embeddable":true,"href":"https:\/\/caffeonline.aclas.io\/fr\/wp-json\/wp\/v2\/product_cat?post=132549041"},{"taxonomy":"product_tag","embeddable":true,"href":"https:\/\/caffeonline.aclas.io\/fr\/wp-json\/wp\/v2\/product_tag?post=132549041"}],"curies":[{"name":"wp","href":"https:\/\/api.w.org\/{rel}","templated":true}]}}