{"id":132549036,"date":"2024-04-10T22:13:35","date_gmt":"2024-04-10T20:13:35","guid":{"rendered":"https:\/\/caffeonline.ch\/produkt\/spinelli-caffe-dosettes-ese-espresso-decafeine\/"},"modified":"2024-04-10T22:13:35","modified_gmt":"2024-04-10T20:13:35","slug":"spinelli-caffe-dosettes-ese-espresso-decafeine","status":"publish","type":"product","link":"https:\/\/caffeonline.aclas.io\/fr\/produkt\/spinelli-caffe-dosettes-ese-espresso-decafeine\/","title":{"rendered":"Spinelli Caff\u00e8 &#8211; Dosettes ESE Espresso D\u00e9caf\u00e9in\u00e9"},"content":{"rendered":"","protected":false},"excerpt":{"rendered":"<p>Les <strong>dosettes ESE Espresso D\u00e9caf\u00e9in\u00e9 de Spinelli Caff\u00e8<\/strong> ont le go\u00fbt d&rsquo;un v\u00e9ritable espresso, mais sans caf\u00e9ine. Si vous \u00e9prouvez des difficult\u00e9s \u00e0 vous endormir apr\u00e8s avoir savour\u00e9 un espresso le soir, le d\u00e9caf\u00e9in\u00e9 de Spinelli pourrait \u00eatre la solution id\u00e9ale pour vous.<\/p>\n<p>Pour le Decaffeinato, un m\u00e9lange classique d&rsquo;espresso est utilis\u00e9. Bien que celui-ci soit d\u00e9caf\u00e9in\u00e9 lors du processus de transformation, l&rsquo;ar\u00f4me complet de l&rsquo;espresso est pr\u00e9serv\u00e9, y compris sa cr\u00e8me dense. Le caf\u00e9 est finement moulu et convient parfaitement \u00e0 la pr\u00e9paration de ristretto, d&rsquo;espresso et d&rsquo;americano.<\/p>\n<p><strong>M\u00e9lange et torr\u00e9faction :<\/strong><\/p>\n<ul>\n<li><strong>Type de grains :<\/strong> M\u00e9lange classique d&rsquo;espresso<\/li>\n<li><strong>Torr\u00e9faction :<\/strong> Moyenne<\/li>\n<\/ul>\n<p><strong>Profil sensoriel :<\/strong><\/p>\n<ul>\n<li><strong>Ar\u00f4me :<\/strong> Riche et intense<\/li>\n<li><strong>Corps :<\/strong> Cors\u00e9<\/li>\n<li><strong>Cr\u00e8me :<\/strong> Dense et cr\u00e9meuse<\/li>\n<li><strong>Profil gustatif :<\/strong> Semblable \u00e0 un v\u00e9ritable espresso, sans caf\u00e9ine<\/li>\n<\/ul>\n<p><strong>Adapt\u00e9 pour :<\/strong> Ristretto, espresso et americano<\/p>\n","protected":false},"featured_media":132549038,"comment_status":"open","ping_status":"open","template":"","meta":{"_relevanssi_hide_post":"","_relevanssi_hide_content":"","_relevanssi_pin_for_all":"","_relevanssi_pin_keywords":"","_relevanssi_unpin_keywords":"","_relevanssi_related_keywords":"","_relevanssi_related_include_ids":"","_relevanssi_related_exclude_ids":"","_relevanssi_related_no_append":"","_relevanssi_related_not_related":"","_relevanssi_related_posts":"","_relevanssi_noindex_reason":""},"product_brand":[],"product_cat":[353],"product_tag":[],"class_list":{"0":"post-132549036","1":"product","2":"type-product","3":"status-publish","4":"has-post-thumbnail","6":"product_cat-ese-pads-fr","7":"pa_brand-spinelli-caffe-fr","8":"has-subscription-plans","10":"first","11":"outofstock","12":"taxable","13":"shipping-taxable","14":"purchasable","15":"product-type-simple"},"batches":[],"_links":{"self":[{"href":"https:\/\/caffeonline.aclas.io\/fr\/wp-json\/wp\/v2\/product\/132549036","targetHints":{"allow":["GET"]}}],"collection":[{"href":"https:\/\/caffeonline.aclas.io\/fr\/wp-json\/wp\/v2\/product"}],"about":[{"href":"https:\/\/caffeonline.aclas.io\/fr\/wp-json\/wp\/v2\/types\/product"}],"replies":[{"embeddable":true,"href":"https:\/\/caffeonline.aclas.io\/fr\/wp-json\/wp\/v2\/comments?post=132549036"}],"wp:featuredmedia":[{"embeddable":true,"href":"https:\/\/caffeonline.aclas.io\/fr\/wp-json\/wp\/v2\/media\/132549038"}],"wp:attachment":[{"href":"https:\/\/caffeonline.aclas.io\/fr\/wp-json\/wp\/v2\/media?parent=132549036"}],"wp:term":[{"taxonomy":"product_brand","embeddable":true,"href":"https:\/\/caffeonline.aclas.io\/fr\/wp-json\/wp\/v2\/product_brand?post=132549036"},{"taxonomy":"product_cat","embeddable":true,"href":"https:\/\/caffeonline.aclas.io\/fr\/wp-json\/wp\/v2\/product_cat?post=132549036"},{"taxonomy":"product_tag","embeddable":true,"href":"https:\/\/caffeonline.aclas.io\/fr\/wp-json\/wp\/v2\/product_tag?post=132549036"}],"curies":[{"name":"wp","href":"https:\/\/api.w.org\/{rel}","templated":true}]}}