{"id":132549028,"date":"2024-04-10T22:13:34","date_gmt":"2024-04-10T20:13:34","guid":{"rendered":"https:\/\/caffeonline.ch\/produkt\/quarta-caffe-grains-de-cafe-qualita-rossa\/"},"modified":"2026-02-25T09:37:21","modified_gmt":"2026-02-25T08:37:21","slug":"quarta-caffe-grains-de-cafe-qualita-rossa","status":"publish","type":"product","link":"https:\/\/caffeonline.aclas.io\/fr\/produkt\/quarta-caffe-grains-de-cafe-qualita-rossa\/","title":{"rendered":"Quarta Caff\u00e8 &#8211; Grains de caf\u00e9 Qualit\u00e0 Rossa"},"content":{"rendered":"","protected":false},"excerpt":{"rendered":"<p>Un go\u00fbt prononc\u00e9 et r\u00e9solu, appropri\u00e9 \u00e0 tout moment de la journ\u00e9e. La Qualit\u00e0 Rossa est un classique de la tradition salentine. Son emballage transparent a \u00e9t\u00e9 con\u00e7u dans les ann\u00e9es soixante par Quarta Caff\u00e8 pour les clients des anciens commerces qui appr\u00e9ciaient de voir la couleur de ce m\u00e9lange de caf\u00e9. Ainsi, la Rossa r\u00e9v\u00e8le avec transparence son int\u00e9rieur \u00e0 ses admirateurs. Un m\u00e9lange r\u00e9ussi qui repr\u00e9sente l&rsquo;\u00e9quilibre parfait entre des origines d&rsquo;Arabica et de Robusta de premi\u00e8re qualit\u00e9.<\/p>\n<ul>\n<li><strong>Notes aromatiques :<\/strong> Cacao amer, bois de santal, clou de girofle<\/li>\n<li><strong>Corps :<\/strong> 4\/4<\/li>\n<li><strong>Douceur :<\/strong> 4\/4<\/li>\n<li><strong>Amertume :<\/strong> 2\/4<\/li>\n<li><strong>Acidit\u00e9 :<\/strong> 0\/4<\/li>\n<li><strong>Persistance :<\/strong> 4\/4<\/li>\n<\/ul>\n","protected":false},"featured_media":10854,"comment_status":"open","ping_status":"open","template":"","meta":{"_relevanssi_hide_post":"","_relevanssi_hide_content":"","_relevanssi_pin_for_all":"","_relevanssi_pin_keywords":"","_relevanssi_unpin_keywords":"","_relevanssi_related_keywords":"","_relevanssi_related_include_ids":"","_relevanssi_related_exclude_ids":"","_relevanssi_related_no_append":"","_relevanssi_related_not_related":"","_relevanssi_related_posts":"","_relevanssi_noindex_reason":""},"product_brand":[],"product_cat":[355],"product_tag":[],"class_list":{"0":"post-132549028","1":"product","2":"type-product","3":"status-publish","4":"has-post-thumbnail","6":"product_cat-grains-de-cafe","7":"pa_brand-quarta-caffe-fr","8":"has-subscription-plans","10":"first","11":"instock","12":"taxable","13":"shipping-taxable","14":"purchasable","15":"product-type-simple"},"batches":[{"id":"803","date_created":"2024-10-31 17:24:17","date_expiry":"2025-08-09 00:00:00","user_id":"2","batch_number":"","supplier":"","location":"S","quantity":"49.0000","quantity_available":"0.0000","units":"1","status":"archived","order_ids":"[15961,16409]","po":null},{"id":"1077","date_created":"2024-11-20 17:53:36","date_expiry":"2025-09-30 00:00:00","user_id":"2","batch_number":"","supplier":"","location":"","quantity":"48.0000","quantity_available":"0.0000","units":"1","status":"archived","order_ids":"[16722,16763,16945,17160,17180]","po":null},{"id":"1154","date_created":"2024-12-05 16:56:59","date_expiry":"2025-10-28 00:00:00","user_id":"2","batch_number":"","supplier":"","location":"","quantity":"24.0000","quantity_available":"0.0000","units":"1","status":"archived","order_ids":"[17180,132545879,132546077]","po":null},{"id":"1263","date_created":"2024-12-20 17:43:06","date_expiry":"2025-11-25 00:00:00","user_id":"2","batch_number":"","supplier":"","location":"","quantity":"24.0000","quantity_available":"0.0000","units":"1","status":"archived","order_ids":"[132546077,132546171,132546300,132546481]","po":null},{"id":"1288","date_created":"2025-01-04 09:03:34","date_expiry":"2025-11-25 00:00:00","user_id":"2","batch_number":"","supplier":"","location":"","quantity":"24.0000","quantity_available":"0.0000","units":"1","status":"archived","order_ids":"[132546481,132546497]","po":null},{"id":"1389","date_created":"2025-01-22 15:29:30","date_expiry":"2025-11-25 00:00:00","user_id":"2","batch_number":"","supplier":"","location":"","quantity":"24.0000","quantity_available":"0.0000","units":"1","status":"archived","order_ids":"[132546497]","po":null},{"id":"1420","date_created":"2025-01-29 16:08:46","date_expiry":"2025-11-25 00:00:00","user_id":"2","batch_number":"","supplier":"","location":"","quantity":"41.0000","quantity_available":"0.0000","units":"1","status":"archived","order_ids":"[132546667,132546713]","po":null},{"id":"1551","date_created":"2025-02-13 15:57:23","date_expiry":"2025-12-30 00:00:00","user_id":"2","batch_number":"","supplier":"","location":"","quantity":"48.0000","quantity_available":"0.0000","units":"1","status":"archived","order_ids":"[132546729,132546933,132546234,132547046,132547077,132547232]","po":null},{"id":"1624","date_created":"2025-03-04 16:56:34","date_expiry":"2026-01-13 00:00:00","user_id":"2","batch_number":"","supplier":"","location":"","quantity":"24.0000","quantity_available":"0.0000","units":"1","status":"archived","order_ids":"[132547232,132547280,132547470,132547569]","po":null},{"id":"1625","date_created":"2025-03-04 16:56:56","date_expiry":"2026-01-21 00:00:00","user_id":"2","batch_number":"","supplier":"","location":"","quantity":"24.0000","quantity_available":"0.0000","units":"1","status":"archived","order_ids":"[132547599]","po":null},{"id":"1707","date_created":"2025-03-19 11:33:56","date_expiry":"2025-12-30 00:00:00","user_id":"2","batch_number":"","supplier":"","location":"","quantity":"24.0000","quantity_available":"0.0000","units":"1","status":"archived","order_ids":"[132547470]","po":null},{"id":"1721","date_created":"2025-03-27 17:01:43","date_expiry":"2026-02-17 00:00:00","user_id":"2","batch_number":"","supplier":"","location":"","quantity":"48.0000","quantity_available":"0.0000","units":"1","status":"archived","order_ids":"[132547599,132547751,132547891,132548120]","po":null},{"id":"1894","date_created":"2025-05-08 15:16:06","date_expiry":"2026-03-17 00:00:00","user_id":"2","batch_number":"","supplier":"","location":"","quantity":"48.0000","quantity_available":"0.0000","units":"1","status":"archived","order_ids":"[132549241,132549273,132549275,132549385]","po":null},{"id":"1970","date_created":"2025-06-04 10:16:21","date_expiry":"2026-05-23 00:00:00","user_id":"2","batch_number":"","supplier":"","location":"","quantity":"48.0000","quantity_available":"0.0000","units":"1","status":"archived","order_ids":"[132549740]","po":null},{"id":"2005","date_created":"2025-06-13 08:25:14","date_expiry":"2026-05-23 00:00:00","user_id":"2","batch_number":"","supplier":"","location":"","quantity":"96.0000","quantity_available":"0.0000","units":"1","status":"archived","order_ids":"[132550045,132550084,132550149,132550152,132550180,132550296]","po":null},{"id":"2045","date_created":"2025-06-19 09:04:15","date_expiry":"2026-05-23 00:00:00","user_id":"2","batch_number":"","supplier":"","location":"","quantity":"48.0000","quantity_available":"0.0000","units":"1","status":"archived","order_ids":"[132549934,132550017,132550020,132550033,132550045]","po":null},{"id":"2209","date_created":"2025-08-23 08:03:44","date_expiry":"2026-05-23 00:00:00","user_id":"2","batch_number":"","supplier":"","location":"","quantity":"10.0000","quantity_available":"0.0000","units":"1","status":"archived","order_ids":"[132550911]","po":null},{"id":"2210","date_created":"2025-08-23 08:04:56","date_expiry":"2026-06-13 00:00:00","user_id":"2","batch_number":"","supplier":"","location":"","quantity":"24.0000","quantity_available":"0.0000","units":"1","status":"archived","order_ids":"[132550911]","po":null},{"id":"2282","date_created":"2025-08-26 17:06:03","date_expiry":"2026-07-28 00:00:00","user_id":"2","batch_number":"","supplier":"","location":"","quantity":"48.0000","quantity_available":"0.0000","units":"1","status":"archived","order_ids":"[132550981]","po":null},{"id":"2328","date_created":"2025-09-03 14:12:09","date_expiry":"2026-07-18 00:00:00","user_id":"2","batch_number":"","supplier":"","location":"","quantity":"42.0000","quantity_available":"0.0000","units":"1","status":"archived","order_ids":"[132551086,132551136,132551143]","po":null},{"id":"2345","date_created":"2025-09-12 07:32:26","date_expiry":"2026-08-25 00:00:00","user_id":"2","batch_number":"","supplier":"","location":"","quantity":"48.0000","quantity_available":"0.0000","units":"1","status":"archived","order_ids":"[132551175]","po":null},{"id":"2368","date_created":"2025-09-19 15:22:59","date_expiry":"2026-08-25 00:00:00","user_id":"2","batch_number":"","supplier":"","location":"","quantity":"114.0000","quantity_available":"0.0000","units":"1","status":"archived","order_ids":"[132551209,132551212,132551412]","po":null},{"id":"2405","date_created":"2025-09-24 15:26:38","date_expiry":"2026-08-25 00:00:00","user_id":"2","batch_number":"","supplier":"","location":"","quantity":"72.0000","quantity_available":"0.0000","units":"1","status":"archived","order_ids":"[132551412]","po":null},{"id":"2530","date_created":"2025-10-22 15:30:10","date_expiry":"2026-08-25 00:00:00","user_id":"2","batch_number":"","supplier":"","location":"","quantity":"24.0000","quantity_available":"0.0000","units":"1","status":"archived","order_ids":"[132551600]","po":null},{"id":"2531","date_created":"2025-10-22 15:30:26","date_expiry":"2026-09-15 00:00:00","user_id":"2","batch_number":"","supplier":"","location":"","quantity":"96.0000","quantity_available":"0.0000","units":"1","status":"archived","order_ids":"[132551600,132551617,132551765,132552221,132552343,132552416,132552614]","po":null},{"id":"2629","date_created":"2025-10-29 17:47:51","date_expiry":"2026-09-15 00:00:00","user_id":"2","batch_number":"","supplier":"","location":"","quantity":"40.0000","quantity_available":"0.0000","units":"1","status":"archived","order_ids":"[132551869,132551881,132551973,132552071,132552162,132552221]","po":null},{"id":"2891","date_created":"2025-12-21 22:45:08","date_expiry":"2026-10-14 00:00:00","user_id":"2","batch_number":"","supplier":"","location":"","quantity":"48.0000","quantity_available":"0.0000","units":"1","status":"archived","order_ids":"[132552698,132552731,132552759]","po":null},{"id":"2902","date_created":"2025-12-23 09:03:20","date_expiry":"2026-11-05 00:00:00","user_id":"2","batch_number":"","supplier":"","location":"","quantity":"72.0000","quantity_available":"0.0000","units":"1","status":"archived","order_ids":"[132552759,132552875,132553126,132553199,132553203,132553282]","po":null},{"id":"2930","date_created":"2026-01-06 16:16:51","date_expiry":"2026-11-05 00:00:00","user_id":"2","batch_number":"","supplier":"","location":"","quantity":"48.0000","quantity_available":"0.0000","units":"1","status":"archived","order_ids":"[132552809,132552827,132552868,132552875]","po":null},{"id":"3012","date_created":"2026-01-15 18:08:15","date_expiry":"2026-12-22 00:00:00","user_id":"2","batch_number":"","supplier":"","location":"","quantity":"120.0000","quantity_available":"0.0000","units":"1","status":"archived","order_ids":"[132553282,132553322,132553331,132553332,132553462,132553571,132553576,132553623,132553628,132553733,132553734]","po":null},{"id":"3217","date_created":"2026-02-20 18:12:42","date_expiry":"2027-01-19 00:00:00","user_id":"2","batch_number":"","supplier":"","location":"","quantity":"72.0000","quantity_available":"29.0000","units":"1","status":"active","order_ids":"[]","po":null},{"id":"3251","date_created":"2026-03-04 18:10:01","date_expiry":"2027-01-19 00:00:00","user_id":"2","batch_number":"","supplier":"","location":"","quantity":"72.0000","quantity_available":"72.0000","units":"1","status":"active","order_ids":null,"po":null}],"_links":{"self":[{"href":"https:\/\/caffeonline.aclas.io\/fr\/wp-json\/wp\/v2\/product\/132549028","targetHints":{"allow":["GET"]}}],"collection":[{"href":"https:\/\/caffeonline.aclas.io\/fr\/wp-json\/wp\/v2\/product"}],"about":[{"href":"https:\/\/caffeonline.aclas.io\/fr\/wp-json\/wp\/v2\/types\/product"}],"replies":[{"embeddable":true,"href":"https:\/\/caffeonline.aclas.io\/fr\/wp-json\/wp\/v2\/comments?post=132549028"}],"wp:featuredmedia":[{"embeddable":true,"href":"https:\/\/caffeonline.aclas.io\/fr\/wp-json\/wp\/v2\/media\/10854"}],"wp:attachment":[{"href":"https:\/\/caffeonline.aclas.io\/fr\/wp-json\/wp\/v2\/media?parent=132549028"}],"wp:term":[{"taxonomy":"product_brand","embeddable":true,"href":"https:\/\/caffeonline.aclas.io\/fr\/wp-json\/wp\/v2\/product_brand?post=132549028"},{"taxonomy":"product_cat","embeddable":true,"href":"https:\/\/caffeonline.aclas.io\/fr\/wp-json\/wp\/v2\/product_cat?post=132549028"},{"taxonomy":"product_tag","embeddable":true,"href":"https:\/\/caffeonline.aclas.io\/fr\/wp-json\/wp\/v2\/product_tag?post=132549028"}],"curies":[{"name":"wp","href":"https:\/\/api.w.org\/{rel}","templated":true}]}}