{"id":132549013,"date":"2024-04-10T22:13:32","date_gmt":"2024-04-10T20:13:32","guid":{"rendered":"https:\/\/caffeonline.ch\/produkt\/caffe-moreno-capsules-en-aluminium-aroma-espresso\/"},"modified":"2024-04-10T22:13:32","modified_gmt":"2024-04-10T20:13:32","slug":"caffe-moreno-capsules-en-aluminium-aroma-espresso","status":"publish","type":"product","link":"https:\/\/caffeonline.aclas.io\/fr\/produkt\/caffe-moreno-capsules-en-aluminium-aroma-espresso\/","title":{"rendered":"Caff\u00e8 Moreno &#8211; Capsules en aluminium Aroma Espresso"},"content":{"rendered":"","protected":false},"excerpt":{"rendered":"<p>Le m\u00e9lange Aroma Espresso se distingue par un go\u00fbt puissant et cors\u00e9, id\u00e9al pour ceux qui recherchent un caf\u00e9 \u00e9nergisant. Une option parfaite pour les amateurs de caf\u00e9 robuste au caract\u00e8re prononc\u00e9.<\/p>\n","protected":false},"featured_media":10812,"comment_status":"open","ping_status":"closed","template":"","meta":{"_relevanssi_hide_post":"","_relevanssi_hide_content":"","_relevanssi_pin_for_all":"","_relevanssi_pin_keywords":"","_relevanssi_unpin_keywords":"","_relevanssi_related_keywords":"","_relevanssi_related_include_ids":"","_relevanssi_related_exclude_ids":"","_relevanssi_related_no_append":"","_relevanssi_related_not_related":"","_relevanssi_related_posts":"","_relevanssi_noindex_reason":""},"product_brand":[],"product_cat":[359,365],"product_tag":[],"class_list":{"0":"post-132549013","1":"product","2":"type-product","3":"status-publish","4":"has-post-thumbnail","6":"product_cat-capsules","7":"product_cat-systeme-nespresso","8":"pa_brand-caffe-moreno-fr","9":"has-subscription-plans","11":"first","12":"outofstock","13":"taxable","14":"shipping-taxable","15":"purchasable","16":"product-type-simple"},"batches":[],"_links":{"self":[{"href":"https:\/\/caffeonline.aclas.io\/fr\/wp-json\/wp\/v2\/product\/132549013","targetHints":{"allow":["GET"]}}],"collection":[{"href":"https:\/\/caffeonline.aclas.io\/fr\/wp-json\/wp\/v2\/product"}],"about":[{"href":"https:\/\/caffeonline.aclas.io\/fr\/wp-json\/wp\/v2\/types\/product"}],"replies":[{"embeddable":true,"href":"https:\/\/caffeonline.aclas.io\/fr\/wp-json\/wp\/v2\/comments?post=132549013"}],"wp:featuredmedia":[{"embeddable":true,"href":"https:\/\/caffeonline.aclas.io\/fr\/wp-json\/wp\/v2\/media\/10812"}],"wp:attachment":[{"href":"https:\/\/caffeonline.aclas.io\/fr\/wp-json\/wp\/v2\/media?parent=132549013"}],"wp:term":[{"taxonomy":"product_brand","embeddable":true,"href":"https:\/\/caffeonline.aclas.io\/fr\/wp-json\/wp\/v2\/product_brand?post=132549013"},{"taxonomy":"product_cat","embeddable":true,"href":"https:\/\/caffeonline.aclas.io\/fr\/wp-json\/wp\/v2\/product_cat?post=132549013"},{"taxonomy":"product_tag","embeddable":true,"href":"https:\/\/caffeonline.aclas.io\/fr\/wp-json\/wp\/v2\/product_tag?post=132549013"}],"curies":[{"name":"wp","href":"https:\/\/api.w.org\/{rel}","templated":true}]}}