{"id":132549012,"date":"2024-04-10T22:13:31","date_gmt":"2024-04-10T20:13:31","guid":{"rendered":"https:\/\/caffeonline.ch\/produkt\/lollo-caffe-dosettes-ese-linea-amore-assoluto\/"},"modified":"2026-03-12T17:13:08","modified_gmt":"2026-03-12T16:13:08","slug":"lollo-caffe-dosettes-ese-linea-amore-assoluto","status":"publish","type":"product","link":"https:\/\/caffeonline.aclas.io\/fr\/produkt\/lollo-caffe-dosettes-ese-linea-amore-assoluto\/","title":{"rendered":"Lollo Caff\u00e8 &#8211; Dosettes ESE Linea Amore Assoluto"},"content":{"rendered":"","protected":false},"excerpt":{"rendered":"<p>Les <strong>dosettes ESE Lollo Caff\u00e8 Linea Amore Assoluto<\/strong> offrent une exp\u00e9rience gustative ample, forte et cr\u00e9meuse. Cette ligne repr\u00e9sente l&rsquo;id\u00e9al d&rsquo;un espresso intense, tel qu&rsquo;il est appr\u00e9ci\u00e9 par les amateurs de caf\u00e9.<\/p>\n<ul>\n<li><strong>Intensit\u00e9 :<\/strong> Extr\u00eamement intense avec une crema onctueuse.<\/li>\n<li><strong>Ar\u00f4me :<\/strong> Prononc\u00e9<\/li>\n<li><strong>Corps :<\/strong> Plein<\/li>\n<li><strong>Richesse :<\/strong> Profonde<\/li>\n<li><strong>Persistance :<\/strong> Longue dur\u00e9e<\/li>\n<\/ul>\n<p>Ces dosettes ESE sont parfaites pour quiconque pr\u00e9f\u00e8re un caf\u00e9 fort et cr\u00e9meux qui comble le palais par son intensit\u00e9 et sa richesse. Id\u00e9al pour commencer la matin\u00e9e ou comme conclusion robuste d&rsquo;un repas.<\/p>\n","protected":false},"featured_media":12116,"comment_status":"open","ping_status":"closed","template":"","meta":{"_relevanssi_hide_post":"","_relevanssi_hide_content":"","_relevanssi_pin_for_all":"","_relevanssi_pin_keywords":"","_relevanssi_unpin_keywords":"","_relevanssi_related_keywords":"","_relevanssi_related_include_ids":"","_relevanssi_related_exclude_ids":"","_relevanssi_related_no_append":"","_relevanssi_related_not_related":"","_relevanssi_related_posts":"","_relevanssi_noindex_reason":""},"product_brand":[],"product_cat":[353],"product_tag":[],"class_list":{"0":"post-132549012","1":"product","2":"type-product","3":"status-publish","4":"has-post-thumbnail","6":"product_cat-ese-pads-fr","7":"pa_brand-lollo-caffe-fr","8":"has-subscription-plans","10":"first","11":"instock","12":"sale","13":"taxable","14":"shipping-taxable","15":"purchasable","16":"product-type-simple"},"batches":[{"id":"237","date_created":"2024-03-13 07:06:59","date_expiry":"2025-12-31 00:00:00","user_id":"559","batch_number":"","supplier":"","location":"","quantity":"2.0000","quantity_available":"0.0000","units":"1","status":"archived","order_ids":"[13063,13559,13593,14789,14911,15175,15207,15257,15332,15678,16039,16518]","po":null},{"id":"1282","date_created":"2024-12-31 09:10:02","date_expiry":"2025-12-31 00:00:00","user_id":"559","batch_number":"","supplier":"","location":"","quantity":"21.0000","quantity_available":"0.0000","units":"1","status":"archived","order_ids":"[132546293,132546654,132547203,132547491,132547571,132547605,132549295,132550049,132550063,132550221,132550304,132550993,132551170,132551223,132551262,132551415]","po":null},{"id":"1522","date_created":"2025-02-10 14:58:21","date_expiry":"2026-06-30 00:00:00","user_id":"559","batch_number":"","supplier":"","location":"","quantity":"20.0000","quantity_available":"0.0000","units":"1","status":"archived","order_ids":"[132551415,132551881,132552057,132552067,132552137,132552176,132552535]","po":null},{"id":"2917","date_created":"2026-01-03 11:16:43","date_expiry":"2026-06-30 00:00:00","user_id":"2","batch_number":"","supplier":"","location":"","quantity":"5.0000","quantity_available":"0.0000","units":"1","status":"archived","order_ids":"[132552797,132553036]","po":null},{"id":"3125","date_created":"2026-02-05 17:41:09","date_expiry":"2027-12-30 00:00:00","user_id":"2","batch_number":"","supplier":"","location":"","quantity":"24.0000","quantity_available":"16.0000","units":"1","status":"active","order_ids":"[132553648,132554122]","po":null}],"_links":{"self":[{"href":"https:\/\/caffeonline.aclas.io\/fr\/wp-json\/wp\/v2\/product\/132549012","targetHints":{"allow":["GET"]}}],"collection":[{"href":"https:\/\/caffeonline.aclas.io\/fr\/wp-json\/wp\/v2\/product"}],"about":[{"href":"https:\/\/caffeonline.aclas.io\/fr\/wp-json\/wp\/v2\/types\/product"}],"replies":[{"embeddable":true,"href":"https:\/\/caffeonline.aclas.io\/fr\/wp-json\/wp\/v2\/comments?post=132549012"}],"wp:featuredmedia":[{"embeddable":true,"href":"https:\/\/caffeonline.aclas.io\/fr\/wp-json\/wp\/v2\/media\/12116"}],"wp:attachment":[{"href":"https:\/\/caffeonline.aclas.io\/fr\/wp-json\/wp\/v2\/media?parent=132549012"}],"wp:term":[{"taxonomy":"product_brand","embeddable":true,"href":"https:\/\/caffeonline.aclas.io\/fr\/wp-json\/wp\/v2\/product_brand?post=132549012"},{"taxonomy":"product_cat","embeddable":true,"href":"https:\/\/caffeonline.aclas.io\/fr\/wp-json\/wp\/v2\/product_cat?post=132549012"},{"taxonomy":"product_tag","embeddable":true,"href":"https:\/\/caffeonline.aclas.io\/fr\/wp-json\/wp\/v2\/product_tag?post=132549012"}],"curies":[{"name":"wp","href":"https:\/\/api.w.org\/{rel}","templated":true}]}}