{"id":132549002,"date":"2024-04-10T22:13:26","date_gmt":"2024-04-10T20:13:26","guid":{"rendered":"https:\/\/caffeonline.ch\/produkt\/caffe-kose-dosettes-ese-cremoso\/"},"modified":"2024-04-10T22:13:26","modified_gmt":"2024-04-10T20:13:26","slug":"caffe-kose-dosettes-ese-cremoso","status":"publish","type":"product","link":"https:\/\/caffeonline.aclas.io\/fr\/produkt\/caffe-kose-dosettes-ese-cremoso\/","title":{"rendered":"Caff\u00e8 Kos\u00e8 &#8211; Dosettes ESE Cremoso"},"content":{"rendered":"","protected":false},"excerpt":{"rendered":"<p><strong>Savourez un caf\u00e9 exceptionnel avec le m\u00e9lange Cremoso de Kos\u00e8 by Kimbo.<\/strong><\/p>\n<p>Remarquablement cors\u00e9, intense et velout\u00e9. D\u00e9lectez-vous de l&rsquo;intensit\u00e9 enveloppante d&rsquo;un caf\u00e9 noir, puissant et extraordinairement cr\u00e9meux, et laissez-vous s\u00e9duire par ses notes \u00e9pic\u00e9es et ses ar\u00f4mes de chocolat extra-noir. Que pourrait-on d\u00e9sirer de mieux qu&rsquo;un caf\u00e9 si napolitain ?<\/p>\n","protected":false},"featured_media":11168,"comment_status":"open","ping_status":"closed","template":"","meta":{"_relevanssi_hide_post":"","_relevanssi_hide_content":"","_relevanssi_pin_for_all":"","_relevanssi_pin_keywords":"","_relevanssi_unpin_keywords":"","_relevanssi_related_keywords":"","_relevanssi_related_include_ids":"","_relevanssi_related_exclude_ids":"","_relevanssi_related_no_append":"","_relevanssi_related_not_related":"","_relevanssi_related_posts":"","_relevanssi_noindex_reason":""},"product_brand":[],"product_cat":[353],"product_tag":[],"class_list":{"0":"post-132549002","1":"product","2":"type-product","3":"status-publish","4":"has-post-thumbnail","6":"product_cat-ese-pads-fr","7":"pa_brand-caffe-kose-fr","8":"has-subscription-plans","10":"first","11":"outofstock","12":"sale","13":"taxable","14":"shipping-taxable","15":"purchasable","16":"product-type-simple"},"batches":[{"id":"414","date_created":"2024-04-11 15:33:04","date_expiry":"2025-08-31 00:00:00","user_id":"559","batch_number":"","supplier":"","location":"","quantity":"30.0000","quantity_available":"0.0000","units":"1","status":"archived","order_ids":"[13250,15411,15708,16208,16535,132546003,132546128,132546235,132546253,132546488,132547015,132547428]","po":null}],"_links":{"self":[{"href":"https:\/\/caffeonline.aclas.io\/fr\/wp-json\/wp\/v2\/product\/132549002","targetHints":{"allow":["GET"]}}],"collection":[{"href":"https:\/\/caffeonline.aclas.io\/fr\/wp-json\/wp\/v2\/product"}],"about":[{"href":"https:\/\/caffeonline.aclas.io\/fr\/wp-json\/wp\/v2\/types\/product"}],"replies":[{"embeddable":true,"href":"https:\/\/caffeonline.aclas.io\/fr\/wp-json\/wp\/v2\/comments?post=132549002"}],"wp:featuredmedia":[{"embeddable":true,"href":"https:\/\/caffeonline.aclas.io\/fr\/wp-json\/wp\/v2\/media\/11168"}],"wp:attachment":[{"href":"https:\/\/caffeonline.aclas.io\/fr\/wp-json\/wp\/v2\/media?parent=132549002"}],"wp:term":[{"taxonomy":"product_brand","embeddable":true,"href":"https:\/\/caffeonline.aclas.io\/fr\/wp-json\/wp\/v2\/product_brand?post=132549002"},{"taxonomy":"product_cat","embeddable":true,"href":"https:\/\/caffeonline.aclas.io\/fr\/wp-json\/wp\/v2\/product_cat?post=132549002"},{"taxonomy":"product_tag","embeddable":true,"href":"https:\/\/caffeonline.aclas.io\/fr\/wp-json\/wp\/v2\/product_tag?post=132549002"}],"curies":[{"name":"wp","href":"https:\/\/api.w.org\/{rel}","templated":true}]}}