{"id":132548995,"date":"2024-04-10T22:13:25","date_gmt":"2024-04-10T20:13:25","guid":{"rendered":"https:\/\/caffeonline.ch\/produkt\/brita-filtre-aqua-gusto-250\/"},"modified":"2024-04-10T22:13:25","modified_gmt":"2024-04-10T20:13:25","slug":"brita-filtre-aqua-gusto-250","status":"publish","type":"product","link":"https:\/\/caffeonline.aclas.io\/fr\/produkt\/brita-filtre-aqua-gusto-250\/","title":{"rendered":"Brita &#8211; Filtre Aqua Gusto 250"},"content":{"rendered":"","protected":false},"excerpt":{"rendered":"<p>Une solution de filtration pratique pour les machines \u00e0 caf\u00e9 et les machines \u00e0 espresso dot\u00e9es d&rsquo;un r\u00e9servoir d&rsquo;eau.<\/p>\n<ul>\n<li>Affine le go\u00fbt, l&rsquo;ar\u00f4me et l&rsquo;apparence du caf\u00e9<\/li>\n<li>Compatible avec tous les r\u00e9servoirs d&rsquo;eau courants, sans adaptateur ni montage<\/li>\n<li>Installation et remplacement ais\u00e9s, avec autocollant pratique pour le changement de filtre<\/li>\n<li>R\u00e9duit les d\u00e9p\u00f4ts calcaires<\/li>\n<li>Dure jusqu&rsquo;\u00e0 six mois<\/li>\n<\/ul>\n","protected":false},"featured_media":10778,"comment_status":"open","ping_status":"closed","template":"","meta":{"_relevanssi_hide_post":"","_relevanssi_hide_content":"","_relevanssi_pin_for_all":"","_relevanssi_pin_keywords":"","_relevanssi_unpin_keywords":"","_relevanssi_related_keywords":"","_relevanssi_related_include_ids":"","_relevanssi_related_exclude_ids":"","_relevanssi_related_no_append":"","_relevanssi_related_not_related":"","_relevanssi_related_posts":"","_relevanssi_noindex_reason":""},"product_brand":[],"product_cat":[367],"product_tag":[],"class_list":{"0":"post-132548995","1":"product","2":"type-product","3":"status-publish","4":"has-post-thumbnail","6":"product_cat-accessoires","7":"pa_brand-brita-fr","9":"first","10":"outofstock","11":"taxable","12":"shipping-taxable","13":"purchasable","14":"product-type-simple"},"batches":[{"id":"1009","date_created":"2024-11-09 14:47:44","date_expiry":null,"user_id":"559","batch_number":"","supplier":"","location":"","quantity":"4.0000","quantity_available":"0.0000","units":"1","status":"archived","order_ids":"[16952,132546844,132546956,132547065]","po":null}],"_links":{"self":[{"href":"https:\/\/caffeonline.aclas.io\/fr\/wp-json\/wp\/v2\/product\/132548995","targetHints":{"allow":["GET"]}}],"collection":[{"href":"https:\/\/caffeonline.aclas.io\/fr\/wp-json\/wp\/v2\/product"}],"about":[{"href":"https:\/\/caffeonline.aclas.io\/fr\/wp-json\/wp\/v2\/types\/product"}],"replies":[{"embeddable":true,"href":"https:\/\/caffeonline.aclas.io\/fr\/wp-json\/wp\/v2\/comments?post=132548995"}],"wp:featuredmedia":[{"embeddable":true,"href":"https:\/\/caffeonline.aclas.io\/fr\/wp-json\/wp\/v2\/media\/10778"}],"wp:attachment":[{"href":"https:\/\/caffeonline.aclas.io\/fr\/wp-json\/wp\/v2\/media?parent=132548995"}],"wp:term":[{"taxonomy":"product_brand","embeddable":true,"href":"https:\/\/caffeonline.aclas.io\/fr\/wp-json\/wp\/v2\/product_brand?post=132548995"},{"taxonomy":"product_cat","embeddable":true,"href":"https:\/\/caffeonline.aclas.io\/fr\/wp-json\/wp\/v2\/product_cat?post=132548995"},{"taxonomy":"product_tag","embeddable":true,"href":"https:\/\/caffeonline.aclas.io\/fr\/wp-json\/wp\/v2\/product_tag?post=132548995"}],"curies":[{"name":"wp","href":"https:\/\/api.w.org\/{rel}","templated":true}]}}