{"id":132548991,"date":"2024-04-10T22:13:25","date_gmt":"2024-04-10T20:13:25","guid":{"rendered":"https:\/\/caffeonline.ch\/produkt\/lollo-caffe-capsules-argento\/"},"modified":"2025-10-30T18:37:46","modified_gmt":"2025-10-30T17:37:46","slug":"lollo-caffe-capsules-argento","status":"publish","type":"product","link":"https:\/\/caffeonline.aclas.io\/fr\/produkt\/lollo-caffe-capsules-argento\/","title":{"rendered":"Lollo Caff\u00e8 &#8211; Capsules Argento"},"content":{"rendered":"","protected":false},"excerpt":{"rendered":"<p>Les <strong>capsules Lollo Caff\u00e8 Argento<\/strong> offrent un m\u00e9lange au go\u00fbt cors\u00e9, puissant et cr\u00e9meux pour un espresso authentique, g\u00e9n\u00e9reux et traditionnel. Une pause revigorante \u00e0 la personnalit\u00e9 \u00e9nergique, qui accentue les notes intenses et torr\u00e9fi\u00e9es de la cr\u00e8me unique de Lollocaff\u00e8.<\/p>\n<p><strong>M\u00e9lange et torr\u00e9faction :<\/strong><\/p>\n<ul>\n<li><strong>Torr\u00e9faction :<\/strong> Moyenne\/Fonc\u00e9e<\/li>\n<li><strong>Type de grains :<\/strong> 20% Arabica, 80% Robusta<\/li>\n<li><strong>Intensit\u00e9 :<\/strong> 10\/10<\/li>\n<\/ul>\n<p><strong>Profil sensoriel :<\/strong><\/p>\n<ul>\n<li><strong>Ar\u00f4me :<\/strong> 7\/10<\/li>\n<li><strong>Corps :<\/strong> 8\/10<\/li>\n<li><strong>Richesse :<\/strong> 7\/10<\/li>\n<li><strong>Persistance :<\/strong> 8\/10<\/li>\n<\/ul>\n","protected":false},"featured_media":132548994,"comment_status":"open","ping_status":"closed","template":"","meta":{"_relevanssi_hide_post":"","_relevanssi_hide_content":"","_relevanssi_pin_for_all":"","_relevanssi_pin_keywords":"","_relevanssi_unpin_keywords":"","_relevanssi_related_keywords":"","_relevanssi_related_include_ids":"","_relevanssi_related_exclude_ids":"","_relevanssi_related_no_append":"","_relevanssi_related_not_related":"","_relevanssi_related_posts":"","_relevanssi_noindex_reason":""},"product_brand":[],"product_cat":[359,652,365],"product_tag":[699],"class_list":{"0":"post-132548991","1":"product","2":"type-product","3":"status-publish","4":"has-post-thumbnail","6":"product_cat-capsules","7":"product_cat-offres-speciales-fr","8":"product_cat-systeme-nespresso","9":"product_tag-lollo-angebote-fr","10":"pa_brand-lollo-caffe-fr","11":"has-subscription-plans","13":"first","14":"instock","15":"sale","16":"taxable","17":"shipping-taxable","18":"purchasable","19":"product-type-simple"},"batches":[{"id":"96","date_created":"2024-03-09 07:50:04","date_expiry":"2025-12-31 00:00:00","user_id":"1","batch_number":"","supplier":"","location":"","quantity":"44.0000","quantity_available":"0.0000","units":"1","status":"archived","order_ids":"[14939,15413,15711,16838,132546506,132547086,132547103,132547115,132547116,132548110,132549231,132549258,132549356,132549554,132549669,132549728,132549810,132549822,132549870]","po":null},{"id":"1202","date_created":"2024-12-14 11:30:48","date_expiry":"2026-06-30 00:00:00","user_id":"1","batch_number":"","supplier":"","location":"","quantity":"30.0000","quantity_available":"0.0000","units":"1","status":"archived","order_ids":"[132549870,132550296,132550309,132550908,132550911,132551117,132551165,132551235]","po":null},{"id":"2086","date_created":"2025-06-21 13:10:53","date_expiry":"2025-12-30 00:00:00","user_id":"1","batch_number":"","supplier":"","location":"","quantity":"10.0000","quantity_available":"0.0000","units":"1","status":"archived","order_ids":"[132549921,132550017,132550175,132550210,132550296]","po":null},{"id":"2385","date_created":"2025-09-20 13:16:49","date_expiry":"2027-06-30 00:00:00","user_id":"1","batch_number":"","supplier":"","location":"","quantity":"30.0000","quantity_available":"0.0000","units":"1","status":"archived","order_ids":"[132551235,132551336,132551439,132551769,132552072,132552108,132552126,132552343]","po":null},{"id":"3136","date_created":"2026-02-06 15:47:24","date_expiry":"2026-06-30 00:00:00","user_id":"2","batch_number":"","supplier":"","location":"","quantity":"2.0000","quantity_available":"0.0000","units":"1","status":"archived","order_ids":"[132553734,132553774]","po":null},{"id":"3137","date_created":"2026-02-06 15:47:47","date_expiry":"2027-12-30 00:00:00","user_id":"2","batch_number":"","supplier":"","location":"","quantity":"32.0000","quantity_available":"29.0000","units":"1","status":"active","order_ids":"[132553774,132554124]","po":null}],"_links":{"self":[{"href":"https:\/\/caffeonline.aclas.io\/fr\/wp-json\/wp\/v2\/product\/132548991","targetHints":{"allow":["GET"]}}],"collection":[{"href":"https:\/\/caffeonline.aclas.io\/fr\/wp-json\/wp\/v2\/product"}],"about":[{"href":"https:\/\/caffeonline.aclas.io\/fr\/wp-json\/wp\/v2\/types\/product"}],"replies":[{"embeddable":true,"href":"https:\/\/caffeonline.aclas.io\/fr\/wp-json\/wp\/v2\/comments?post=132548991"}],"wp:featuredmedia":[{"embeddable":true,"href":"https:\/\/caffeonline.aclas.io\/fr\/wp-json\/wp\/v2\/media\/132548994"}],"wp:attachment":[{"href":"https:\/\/caffeonline.aclas.io\/fr\/wp-json\/wp\/v2\/media?parent=132548991"}],"wp:term":[{"taxonomy":"product_brand","embeddable":true,"href":"https:\/\/caffeonline.aclas.io\/fr\/wp-json\/wp\/v2\/product_brand?post=132548991"},{"taxonomy":"product_cat","embeddable":true,"href":"https:\/\/caffeonline.aclas.io\/fr\/wp-json\/wp\/v2\/product_cat?post=132548991"},{"taxonomy":"product_tag","embeddable":true,"href":"https:\/\/caffeonline.aclas.io\/fr\/wp-json\/wp\/v2\/product_tag?post=132548991"}],"curies":[{"name":"wp","href":"https:\/\/api.w.org\/{rel}","templated":true}]}}