{"id":132548989,"date":"2024-04-10T22:13:25","date_gmt":"2024-04-10T20:13:25","guid":{"rendered":"https:\/\/caffeonline.ch\/produkt\/caffe-passalacqua-cafe-moulu-cremador\/"},"modified":"2024-04-10T22:13:25","modified_gmt":"2024-04-10T20:13:25","slug":"caffe-passalacqua-cafe-moulu-cremador","status":"publish","type":"product","link":"https:\/\/caffeonline.aclas.io\/fr\/produkt\/caffe-passalacqua-cafe-moulu-cremador\/","title":{"rendered":"Caff\u00e8 Passalacqua \u2013 Caf\u00e9 moulu Cremador"},"content":{"rendered":"","protected":false},"excerpt":{"rendered":"<table style=\"border: none;\">\n<tbody>\n<tr>\n<td style=\"width: 65%;\"><strong>Le Passalacqua Cremador est un m\u00e9lange de 5 des sources les plus pr\u00e9cieuses au monde et repr\u00e9sente une performance exceptionnelle en termes d&rsquo;ar\u00f4me et d&rsquo;\u00e9quilibre parfait, que l&rsquo;on peut appr\u00e9cier sous de nombreuses formes, au bar, \u00e0 domicile et au bureau.<\/strong><\/p>\n<p>Le mot-cl\u00e9 Cremador est synonyme d&rsquo;\u00e9quilibre, car il m\u00e9lange des vari\u00e9t\u00e9s d&rsquo;Arabica et les plus fins Robusta provenant des meilleures r\u00e9gions de culture du monde entier, qui donnent du corps et conduisent \u00e0 un m\u00e9lange de tr\u00e8s haute qualit\u00e9, capable de pr\u00e9server les meilleures caract\u00e9ristiques des deux vari\u00e9t\u00e9s, avec tout type d&rsquo;extraction (en moka et au bar).<\/td>\n<td style=\"width: 35%;\"><img decoding=\"async\" src=\"https:\/\/caffeonline.aclas.io\/wp-content\/uploads\/2024\/05\/cremador.png\"><\/td>\n<\/tr>\n<\/tbody>\n<\/table>\n","protected":false},"featured_media":12162,"comment_status":"open","ping_status":"closed","template":"","meta":{"_relevanssi_hide_post":"","_relevanssi_hide_content":"","_relevanssi_pin_for_all":"","_relevanssi_pin_keywords":"","_relevanssi_unpin_keywords":"","_relevanssi_related_keywords":"","_relevanssi_related_include_ids":"","_relevanssi_related_exclude_ids":"","_relevanssi_related_no_append":"","_relevanssi_related_not_related":"","_relevanssi_related_posts":"","_relevanssi_noindex_reason":""},"product_brand":[],"product_cat":[356],"product_tag":[],"class_list":{"0":"post-132548989","1":"product","2":"type-product","3":"status-publish","4":"has-post-thumbnail","6":"product_cat-cafe-moulu","7":"pa_brand-caffe-passalacqua-fr","8":"has-subscription-plans","10":"first","11":"outofstock","12":"sale","13":"taxable","14":"shipping-taxable","15":"purchasable","16":"product-type-simple"},"batches":[{"id":"324","date_created":"2024-03-18 10:34:29","date_expiry":"2026-06-30 00:00:00","user_id":"559","batch_number":"","supplier":"","location":"","quantity":"60.0000","quantity_available":"0.0000","units":"1","status":"archived","order_ids":"[13797,14878,15264,15662,15956,16610,17249,132545989,132546045,132546191,132547437,132547470,132547544,132547573,132548202,132548236,132548320,132548330,132549231,132549385,132549554,132549669]","po":null}],"_links":{"self":[{"href":"https:\/\/caffeonline.aclas.io\/fr\/wp-json\/wp\/v2\/product\/132548989","targetHints":{"allow":["GET"]}}],"collection":[{"href":"https:\/\/caffeonline.aclas.io\/fr\/wp-json\/wp\/v2\/product"}],"about":[{"href":"https:\/\/caffeonline.aclas.io\/fr\/wp-json\/wp\/v2\/types\/product"}],"replies":[{"embeddable":true,"href":"https:\/\/caffeonline.aclas.io\/fr\/wp-json\/wp\/v2\/comments?post=132548989"}],"wp:featuredmedia":[{"embeddable":true,"href":"https:\/\/caffeonline.aclas.io\/fr\/wp-json\/wp\/v2\/media\/12162"}],"wp:attachment":[{"href":"https:\/\/caffeonline.aclas.io\/fr\/wp-json\/wp\/v2\/media?parent=132548989"}],"wp:term":[{"taxonomy":"product_brand","embeddable":true,"href":"https:\/\/caffeonline.aclas.io\/fr\/wp-json\/wp\/v2\/product_brand?post=132548989"},{"taxonomy":"product_cat","embeddable":true,"href":"https:\/\/caffeonline.aclas.io\/fr\/wp-json\/wp\/v2\/product_cat?post=132548989"},{"taxonomy":"product_tag","embeddable":true,"href":"https:\/\/caffeonline.aclas.io\/fr\/wp-json\/wp\/v2\/product_tag?post=132548989"}],"curies":[{"name":"wp","href":"https:\/\/api.w.org\/{rel}","templated":true}]}}