{"id":132548967,"date":"2024-10-05T13:19:17","date_gmt":"2024-10-05T11:19:17","guid":{"rendered":"https:\/\/caffeonline.ch\/produkt\/caffe-guglielmo-cafe-moulu-espresso-classico\/"},"modified":"2026-03-12T23:38:43","modified_gmt":"2026-03-12T22:38:43","slug":"caffe-guglielmo-cafe-moulu-espresso-classico","status":"publish","type":"product","link":"https:\/\/caffeonline.aclas.io\/fr\/produkt\/caffe-guglielmo-cafe-moulu-espresso-classico\/","title":{"rendered":"Caff\u00e8 Guglielmo \u2013 Caf\u00e9 moulu Espresso Classico"},"content":{"rendered":"","protected":false},"excerpt":{"rendered":"<p>L&rsquo;<strong>Espresso Classico<\/strong> de <strong>Caff\u00e8 Guglielmo<\/strong> en <strong>forme moulue<\/strong> constitue le choix id\u00e9al pour les amateurs d&rsquo;<strong>espresso italien<\/strong> traditionnel qui utilisent la <strong>Moka<\/strong> classique \u00e0 domicile. Ce m\u00e9lange soigneusement s\u00e9lectionn\u00e9 offre un <strong>ar\u00f4me<\/strong> riche et intense qui refl\u00e8te parfaitement le go\u00fbt du <strong>caf\u00e9 italien<\/strong> authentique.<\/p>\n<p>Que ce soit le matin ou comme plaisir de l&rsquo;apr\u00e8s-midi, l&rsquo;<strong>Espresso Classico<\/strong> garantit une <strong>qualit\u00e9 constante<\/strong> et l&rsquo;\u00e9quilibre appropri\u00e9 entre le <strong>go\u00fbt<\/strong> et la <strong>force<\/strong>, permettant de commencer chaque journ\u00e9e avec \u00e9nergie et joie. Parfait pour la <strong>pr\u00e9paration dans la Moka<\/strong>, il offre une <strong>crema<\/strong> distinctive et un <strong>corps<\/strong> plein, comme on peut s&rsquo;y attendre d&rsquo;un v\u00e9ritable espresso italien.<\/p>\n","protected":false},"featured_media":132548968,"comment_status":"open","ping_status":"closed","template":"","meta":{"_relevanssi_hide_post":"","_relevanssi_hide_content":"","_relevanssi_pin_for_all":"","_relevanssi_pin_keywords":"","_relevanssi_unpin_keywords":"","_relevanssi_related_keywords":"","_relevanssi_related_include_ids":"","_relevanssi_related_exclude_ids":"","_relevanssi_related_no_append":"","_relevanssi_related_not_related":"","_relevanssi_related_posts":"","_relevanssi_noindex_reason":""},"product_brand":[],"product_cat":[356],"product_tag":[],"class_list":{"0":"post-132548967","1":"product","2":"type-product","3":"status-publish","4":"has-post-thumbnail","6":"product_cat-cafe-moulu","7":"pa_brand-caffe-guglielmo-fr","8":"has-subscription-plans","10":"first","11":"instock","12":"taxable","13":"shipping-taxable","14":"purchasable","15":"product-type-simple"},"batches":[{"id":"711","date_created":"2024-10-05 12:27:19","date_expiry":"2027-06-07 00:00:00","user_id":"559","batch_number":"","supplier":"","location":"","quantity":"200.0000","quantity_available":"27.0000","units":"1","status":"active","order_ids":"[15662,16453,16505,132545841,132546125,132546992,132547240,132547299,132547426,132548077,132548156,132548197,132548341,132549711,132549796,132549843,132550052,132550056,132550070,132550180,132550951,132550990,132550999,132551163,132551191,132551411,132551612,132552051,132552105,132552388,132552401,132552419,132552476,132552625,132552723,132552751,132553086,132553453,132553454,132553455,132553771,132553861,132554082,132554109,132554129,132554134,132554137,132554150,132554479,132554513]","po":null}],"_links":{"self":[{"href":"https:\/\/caffeonline.aclas.io\/fr\/wp-json\/wp\/v2\/product\/132548967","targetHints":{"allow":["GET"]}}],"collection":[{"href":"https:\/\/caffeonline.aclas.io\/fr\/wp-json\/wp\/v2\/product"}],"about":[{"href":"https:\/\/caffeonline.aclas.io\/fr\/wp-json\/wp\/v2\/types\/product"}],"replies":[{"embeddable":true,"href":"https:\/\/caffeonline.aclas.io\/fr\/wp-json\/wp\/v2\/comments?post=132548967"}],"wp:featuredmedia":[{"embeddable":true,"href":"https:\/\/caffeonline.aclas.io\/fr\/wp-json\/wp\/v2\/media\/132548968"}],"wp:attachment":[{"href":"https:\/\/caffeonline.aclas.io\/fr\/wp-json\/wp\/v2\/media?parent=132548967"}],"wp:term":[{"taxonomy":"product_brand","embeddable":true,"href":"https:\/\/caffeonline.aclas.io\/fr\/wp-json\/wp\/v2\/product_brand?post=132548967"},{"taxonomy":"product_cat","embeddable":true,"href":"https:\/\/caffeonline.aclas.io\/fr\/wp-json\/wp\/v2\/product_cat?post=132548967"},{"taxonomy":"product_tag","embeddable":true,"href":"https:\/\/caffeonline.aclas.io\/fr\/wp-json\/wp\/v2\/product_tag?post=132548967"}],"curies":[{"name":"wp","href":"https:\/\/api.w.org\/{rel}","templated":true}]}}