{"id":132548961,"date":"2024-05-21T22:06:43","date_gmt":"2024-05-21T20:06:43","guid":{"rendered":"https:\/\/caffeonline.ch\/produkt\/quarta-caffe-dosettes-ese-speciale\/"},"modified":"2024-05-21T22:06:43","modified_gmt":"2024-05-21T20:06:43","slug":"quarta-caffe-dosettes-ese-speciale","status":"publish","type":"product","link":"https:\/\/caffeonline.aclas.io\/fr\/produkt\/quarta-caffe-dosettes-ese-speciale\/","title":{"rendered":"Quarta Caff\u00e8 \u2013 Dosettes ESE Speciale"},"content":{"rendered":"","protected":false},"excerpt":{"rendered":"<p>Un caract\u00e8re prononc\u00e9 et des ar\u00f4mes floraux, un esprit riche et cors\u00e9 offrent une exp\u00e9rience intense d\u00e8s la premi\u00e8re gorg\u00e9e. Le <strong>m\u00e9lange Quarta Speciale<\/strong> r\u00e9pond au d\u00e9sir des amateurs d&rsquo;espresso de savourer \u00e0 domicile la cr\u00e8me et le go\u00fbt d&rsquo;un caf\u00e9 de bistrot. Ce m\u00e9lange est \u00e9labor\u00e9 \u00e0 partir de grains de caf\u00e9 de haute qualit\u00e9 et sp\u00e9cialement moulu pour les machines \u00e0 espresso domestiques. Une saveur unique pour un caf\u00e9 id\u00e9al \u00e0 tout moment de la journ\u00e9e. La mouture plus fine permet au caf\u00e9 d&rsquo;\u00eatre plus cr\u00e9meux.<\/p>\n<ul>\n<li><strong>Notes aromatiques :<\/strong> chocolat noir et r\u00e9glisse<\/li>\n<li><strong>Corps :<\/strong> 4\/4<\/li>\n<li><strong>Douceur :<\/strong> 4\/4<\/li>\n<li><strong>Amertume :<\/strong> 2\/4<\/li>\n<li><strong>Acidit\u00e9 :<\/strong> 1\/4<\/li>\n<li><strong>Persistance :<\/strong> 4\/4<\/li>\n<\/ul>\n","protected":false},"featured_media":13591,"comment_status":"open","ping_status":"closed","template":"","meta":{"_relevanssi_hide_post":"","_relevanssi_hide_content":"","_relevanssi_pin_for_all":"","_relevanssi_pin_keywords":"","_relevanssi_unpin_keywords":"","_relevanssi_related_keywords":"","_relevanssi_related_include_ids":"","_relevanssi_related_exclude_ids":"","_relevanssi_related_no_append":"","_relevanssi_related_not_related":"","_relevanssi_related_posts":"","_relevanssi_noindex_reason":""},"product_brand":[],"product_cat":[353],"product_tag":[],"class_list":{"0":"post-132548961","1":"product","2":"type-product","3":"status-publish","4":"has-post-thumbnail","6":"product_cat-ese-pads-fr","7":"pa_brand-quarta-caffe-fr","8":"has-subscription-plans","10":"first","11":"instock","12":"sale","13":"taxable","14":"shipping-taxable","15":"purchasable","16":"product-type-simple"},"batches":[{"id":"531","date_created":"2024-06-25 10:53:00","date_expiry":"2025-06-30 00:00:00","user_id":"559","batch_number":"","supplier":"","location":"","quantity":"13.0000","quantity_available":"0.0000","units":"1","status":"archived","order_ids":"[15644,15696,15727,15827,15842,16001,16002,16298,16459,16505,16592,16780,16896,17241,132546083,132546085,132546090,132546093,132546169,132546199]","po":null},{"id":"2267","date_created":"2025-08-23 11:42:45","date_expiry":"2026-08-11 00:00:00","user_id":"2","batch_number":"","supplier":"","location":"","quantity":"39.0000","quantity_available":"0.0000","units":"1","status":"archived","order_ids":"[132550899,132550943,132550982,132550984,132551276,132551462,132551784,132551809,132551817,132552104,132552168,132552219,132552351,132552367,132552454,132552658,132552664,132552720,132553429,132553496,132553775,132554145]","po":null},{"id":"3186","date_created":"2026-02-12 16:07:52","date_expiry":"2027-02-05 00:00:00","user_id":"2","batch_number":"","supplier":"","location":"","quantity":"40.0000","quantity_available":"39.0000","units":"1","status":"active","order_ids":"[132554508]","po":null}],"_links":{"self":[{"href":"https:\/\/caffeonline.aclas.io\/fr\/wp-json\/wp\/v2\/product\/132548961","targetHints":{"allow":["GET"]}}],"collection":[{"href":"https:\/\/caffeonline.aclas.io\/fr\/wp-json\/wp\/v2\/product"}],"about":[{"href":"https:\/\/caffeonline.aclas.io\/fr\/wp-json\/wp\/v2\/types\/product"}],"replies":[{"embeddable":true,"href":"https:\/\/caffeonline.aclas.io\/fr\/wp-json\/wp\/v2\/comments?post=132548961"}],"wp:featuredmedia":[{"embeddable":true,"href":"https:\/\/caffeonline.aclas.io\/fr\/wp-json\/wp\/v2\/media\/13591"}],"wp:attachment":[{"href":"https:\/\/caffeonline.aclas.io\/fr\/wp-json\/wp\/v2\/media?parent=132548961"}],"wp:term":[{"taxonomy":"product_brand","embeddable":true,"href":"https:\/\/caffeonline.aclas.io\/fr\/wp-json\/wp\/v2\/product_brand?post=132548961"},{"taxonomy":"product_cat","embeddable":true,"href":"https:\/\/caffeonline.aclas.io\/fr\/wp-json\/wp\/v2\/product_cat?post=132548961"},{"taxonomy":"product_tag","embeddable":true,"href":"https:\/\/caffeonline.aclas.io\/fr\/wp-json\/wp\/v2\/product_tag?post=132548961"}],"curies":[{"name":"wp","href":"https:\/\/api.w.org\/{rel}","templated":true}]}}