{"id":132548953,"date":"2024-04-20T13:36:54","date_gmt":"2024-04-20T11:36:54","guid":{"rendered":"https:\/\/caffeonline.ch\/produkt\/bialetti-cafetiere-espresso-mini-express\/"},"modified":"2024-04-20T13:36:54","modified_gmt":"2024-04-20T11:36:54","slug":"bialetti-cafetiere-espresso-mini-express","status":"publish","type":"product","link":"https:\/\/caffeonline.aclas.io\/fr\/produkt\/bialetti-cafetiere-espresso-mini-express\/","title":{"rendered":"Bialetti &#8211; Cafeti\u00e8re Espresso Mini Express"},"content":{"rendered":"","protected":false},"excerpt":{"rendered":"<p>Le <strong>Mini Express<\/strong> est la cafeti\u00e8re espresso originale qui non seulement pr\u00e9pare un excellent caf\u00e9 Bialetti, mais le sert directement dans deux tasses pr\u00e9chauff\u00e9es gr\u00e2ce \u00e0 la plaque sp\u00e9ciale en aluminium qui conserve la douce chaleur de la Moka.<\/p>\n<p>Elle fonctionne exactement comme la Moka Express, mais la partie sup\u00e9rieure classique de la cafeti\u00e8re a \u00e9t\u00e9 remplac\u00e9e par une plaque sur laquelle sont directement pos\u00e9es les 2 tasses \u00e0 espresso assorties de couleur rouge.<\/p>\n<p>Avec son design original, la Bialetti Mini Express offre une mani\u00e8re unique de servir le caf\u00e9 et invite \u00e0 s&rsquo;offrir des moments d&rsquo;intimit\u00e9 avec un \u00eatre cher.<\/p>\n","protected":false},"featured_media":13097,"comment_status":"open","ping_status":"closed","template":"","meta":{"_relevanssi_hide_post":"","_relevanssi_hide_content":"","_relevanssi_pin_for_all":"","_relevanssi_pin_keywords":"","_relevanssi_unpin_keywords":"","_relevanssi_related_keywords":"","_relevanssi_related_include_ids":"","_relevanssi_related_exclude_ids":"","_relevanssi_related_no_append":"","_relevanssi_related_not_related":"","_relevanssi_related_posts":"","_relevanssi_noindex_reason":""},"product_brand":[],"product_cat":[357,732],"product_tag":[],"class_list":{"0":"post-132548953","1":"product","2":"type-product","3":"status-publish","4":"has-post-thumbnail","6":"product_cat-machines-a-cafe","7":"product_cat-moka-fr","8":"pa_brand-bialetti-fr","9":"pa_farbe-noir","11":"first","12":"instock","13":"sale","14":"taxable","15":"shipping-taxable","16":"purchasable","17":"product-type-simple"},"batches":[{"id":"446","date_created":"2024-04-20 12:23:31","date_expiry":null,"user_id":"559","batch_number":"","supplier":"","location":"","quantity":"4.0000","quantity_available":"2.0000","units":"1","status":"active","order_ids":"[132546125,132546492]","po":null}],"_links":{"self":[{"href":"https:\/\/caffeonline.aclas.io\/fr\/wp-json\/wp\/v2\/product\/132548953","targetHints":{"allow":["GET"]}}],"collection":[{"href":"https:\/\/caffeonline.aclas.io\/fr\/wp-json\/wp\/v2\/product"}],"about":[{"href":"https:\/\/caffeonline.aclas.io\/fr\/wp-json\/wp\/v2\/types\/product"}],"replies":[{"embeddable":true,"href":"https:\/\/caffeonline.aclas.io\/fr\/wp-json\/wp\/v2\/comments?post=132548953"}],"wp:featuredmedia":[{"embeddable":true,"href":"https:\/\/caffeonline.aclas.io\/fr\/wp-json\/wp\/v2\/media\/13097"}],"wp:attachment":[{"href":"https:\/\/caffeonline.aclas.io\/fr\/wp-json\/wp\/v2\/media?parent=132548953"}],"wp:term":[{"taxonomy":"product_brand","embeddable":true,"href":"https:\/\/caffeonline.aclas.io\/fr\/wp-json\/wp\/v2\/product_brand?post=132548953"},{"taxonomy":"product_cat","embeddable":true,"href":"https:\/\/caffeonline.aclas.io\/fr\/wp-json\/wp\/v2\/product_cat?post=132548953"},{"taxonomy":"product_tag","embeddable":true,"href":"https:\/\/caffeonline.aclas.io\/fr\/wp-json\/wp\/v2\/product_tag?post=132548953"}],"curies":[{"name":"wp","href":"https:\/\/api.w.org\/{rel}","templated":true}]}}