{"id":132548951,"date":"2024-04-10T22:13:42","date_gmt":"2024-04-10T20:13:42","guid":{"rendered":"https:\/\/caffeonline.ch\/produkt\/kimbo-capsules-lungo-intenso-100-arabica\/"},"modified":"2024-04-10T22:13:42","modified_gmt":"2024-04-10T20:13:42","slug":"kimbo-capsules-lungo-intenso-100-arabica","status":"publish","type":"product","link":"https:\/\/caffeonline.aclas.io\/fr\/produkt\/kimbo-capsules-lungo-intenso-100-arabica\/","title":{"rendered":"Kimbo &#8211; Capsules Lungo Intenso 100% Arabica"},"content":{"rendered":"","protected":false},"excerpt":{"rendered":"<ul>\n<li>Grains 100 % Arabica du Br\u00e9sil, de Colombie et du Rwanda<\/li>\n<li>Notes de biscuit et de caramel<\/li>\n<li>Torr\u00e9faction douce<\/li>\n<li>7\/12 sur l&rsquo;\u00e9chelle d&rsquo;intensit\u00e9 de Kimbo<\/li>\n<\/ul>\n<p><strong>M\u00e9lange pur Arabica<br \/>\n<\/strong>Kimbo a parfaitement comprim\u00e9 un plaisir caf\u00e9 exceptionnel et a r\u00e9uni l&rsquo;art traditionnel de la torr\u00e9faction et l&rsquo;art de vivre napolitain dans une capsule. Savourez le plus fin des espressos sur simple pression d&rsquo;un bouton avec votre machine \u00e0 capsules Nespresso. La torr\u00e9faction typiquement italienne du m\u00e9lange pur Arabica du Br\u00e9sil, de Colombie et du Rwanda conf\u00e8re aux grains un merveilleux \u00e9quilibre entre douceur et acidit\u00e9. Des notes de biscuit et de caramel se distinguent au premier plan de ce doux m\u00e9lange Lungo.<\/p>\n<p><strong>Lungo doux<br \/>\n<\/strong>Sur l&rsquo;\u00e9chelle d&rsquo;intensit\u00e9 interne de Kimbo, les capsules Lungo atteignent un niveau 7 sur un maximum de 12. Ainsi, le m\u00e9lange Lungo est plut\u00f4t doux et appropri\u00e9 pour \u00eatre pr\u00e9par\u00e9 en tasse longue. Note : Les capsules compatibles Nespresso\u00ae sont exclusivement adapt\u00e9es aux machines \u00e0 capsules Nespresso\u00ae.<\/p>\n","protected":false},"featured_media":12066,"comment_status":"open","ping_status":"closed","template":"","meta":{"_relevanssi_hide_post":"","_relevanssi_hide_content":"","_relevanssi_pin_for_all":"","_relevanssi_pin_keywords":"","_relevanssi_unpin_keywords":"","_relevanssi_related_keywords":"","_relevanssi_related_include_ids":"","_relevanssi_related_exclude_ids":"","_relevanssi_related_no_append":"","_relevanssi_related_not_related":"","_relevanssi_related_posts":"","_relevanssi_noindex_reason":""},"product_brand":[],"product_cat":[359,652,365],"product_tag":[],"class_list":{"0":"post-132548951","1":"product","2":"type-product","3":"status-publish","4":"has-post-thumbnail","6":"product_cat-capsules","7":"product_cat-offres-speciales-fr","8":"product_cat-systeme-nespresso","9":"pa_brand-kimbo-fr","10":"has-subscription-plans","12":"first","13":"outofstock","14":"sale","15":"taxable","16":"shipping-taxable","17":"purchasable","18":"product-type-simple"},"batches":[{"id":"166","date_created":"2024-03-11 11:05:08","date_expiry":"2025-07-31 00:00:00","user_id":"1","batch_number":"","supplier":"","location":"","quantity":"280.0000","quantity_available":"0.0000","units":"1","status":"archived","order_ids":"[15195,15255,132546091,132546115,132546508,132546551,132546602,132546685,132546966,132547020,132547134,132547233,132547437,132547470,132547510,132547536,132547565,132547732,132547765,132547888,132548026,132548064,132548119,132548120,132548157,132548184,132548202,132548320,132548330,132548347,132548360,132549217,132549258,132549263,132549271]","po":null},{"id":"1967","date_created":"2025-05-31 09:46:29","date_expiry":"2025-07-15 00:00:00","user_id":"2","batch_number":"","supplier":"","location":"","quantity":"0.0000","quantity_available":"0.0000","units":"1","status":"archived","order_ids":null,"po":null}],"_links":{"self":[{"href":"https:\/\/caffeonline.aclas.io\/fr\/wp-json\/wp\/v2\/product\/132548951","targetHints":{"allow":["GET"]}}],"collection":[{"href":"https:\/\/caffeonline.aclas.io\/fr\/wp-json\/wp\/v2\/product"}],"about":[{"href":"https:\/\/caffeonline.aclas.io\/fr\/wp-json\/wp\/v2\/types\/product"}],"replies":[{"embeddable":true,"href":"https:\/\/caffeonline.aclas.io\/fr\/wp-json\/wp\/v2\/comments?post=132548951"}],"wp:featuredmedia":[{"embeddable":true,"href":"https:\/\/caffeonline.aclas.io\/fr\/wp-json\/wp\/v2\/media\/12066"}],"wp:attachment":[{"href":"https:\/\/caffeonline.aclas.io\/fr\/wp-json\/wp\/v2\/media?parent=132548951"}],"wp:term":[{"taxonomy":"product_brand","embeddable":true,"href":"https:\/\/caffeonline.aclas.io\/fr\/wp-json\/wp\/v2\/product_brand?post=132548951"},{"taxonomy":"product_cat","embeddable":true,"href":"https:\/\/caffeonline.aclas.io\/fr\/wp-json\/wp\/v2\/product_cat?post=132548951"},{"taxonomy":"product_tag","embeddable":true,"href":"https:\/\/caffeonline.aclas.io\/fr\/wp-json\/wp\/v2\/product_tag?post=132548951"}],"curies":[{"name":"wp","href":"https:\/\/api.w.org\/{rel}","templated":true}]}}