{"id":132548944,"date":"2024-04-10T22:13:41","date_gmt":"2024-04-10T20:13:41","guid":{"rendered":"https:\/\/caffeonline.ch\/produkt\/caffe-borbone-capsules-melange-rouge-2\/"},"modified":"2024-04-10T22:13:41","modified_gmt":"2024-04-10T20:13:41","slug":"caffe-borbone-capsules-melange-rouge-2","status":"publish","type":"product","link":"https:\/\/caffeonline.aclas.io\/fr\/produkt\/caffe-borbone-capsules-melange-rouge-2\/","title":{"rendered":"Caff\u00e8 Borbone &#8211; Capsules M\u00e9lange Rouge"},"content":{"rendered":"","protected":false},"excerpt":{"rendered":"<table border=\"0\">\n<tbody>\n<tr>\n<td style=\"width: 65%\">Merveilleusement cors\u00e9, cr\u00e9meux et plein d&rsquo;\u00e9nergie. Son caract\u00e8re audacieux et persistant ravira et s\u00e9duira le palais. 100% Robusta sp\u00e9cialement s\u00e9lectionn\u00e9.<\/td>\n<td style=\"width: 35%\"><img decoding=\"async\" src=\"https:\/\/caffeonline.aclas.io\/wp-content\/uploads\/2024\/05\/borbone-rosso.png\"><\/td>\n<\/tr>\n<\/tbody>\n<\/table>\n","protected":false},"featured_media":132548946,"comment_status":"open","ping_status":"closed","template":"","meta":{"_relevanssi_hide_post":"","_relevanssi_hide_content":"","_relevanssi_pin_for_all":"","_relevanssi_pin_keywords":"","_relevanssi_unpin_keywords":"","_relevanssi_related_keywords":"","_relevanssi_related_include_ids":"","_relevanssi_related_exclude_ids":"","_relevanssi_related_no_append":"","_relevanssi_related_not_related":"","_relevanssi_related_posts":"","_relevanssi_noindex_reason":""},"product_brand":[],"product_cat":[359,361],"product_tag":[673],"class_list":{"0":"post-132548944","1":"product","2":"type-product","3":"status-publish","4":"has-post-thumbnail","6":"product_cat-capsules","7":"product_cat-systeme-lavazza-a-modo-mio","8":"product_tag-don-carlo-fr","9":"pa_brand-caffe-borbone-fr","10":"has-subscription-plans","12":"first","13":"instock","14":"taxable","15":"shipping-taxable","16":"purchasable","17":"product-type-simple"},"batches":[{"id":"1445","date_created":"2025-02-04 09:02:52","date_expiry":"2027-01-31 00:00:00","user_id":"559","batch_number":"","supplier":"","location":"","quantity":"32.0000","quantity_available":"0.0000","units":"1","status":"archived","order_ids":"[132546632,132547732,132547781,132547868,132549220,132549617]","po":null},{"id":"2156","date_created":"2025-08-06 13:16:16","date_expiry":"2027-06-30 00:00:00","user_id":"2","batch_number":"","supplier":"","location":"","quantity":"5.0000","quantity_available":"0.0000","units":"1","status":"archived","order_ids":"[132550799,132550876,132550968]","po":null},{"id":"2706","date_created":"2025-11-10 14:56:31","date_expiry":"2027-11-30 00:00:00","user_id":"2","batch_number":"","supplier":"","location":"","quantity":"20.0000","quantity_available":"9.0000","units":"1","status":"active","order_ids":"[132552053,132552061,132552350,132553086,132553177,132553477]","po":null}],"_links":{"self":[{"href":"https:\/\/caffeonline.aclas.io\/fr\/wp-json\/wp\/v2\/product\/132548944","targetHints":{"allow":["GET"]}}],"collection":[{"href":"https:\/\/caffeonline.aclas.io\/fr\/wp-json\/wp\/v2\/product"}],"about":[{"href":"https:\/\/caffeonline.aclas.io\/fr\/wp-json\/wp\/v2\/types\/product"}],"replies":[{"embeddable":true,"href":"https:\/\/caffeonline.aclas.io\/fr\/wp-json\/wp\/v2\/comments?post=132548944"}],"wp:featuredmedia":[{"embeddable":true,"href":"https:\/\/caffeonline.aclas.io\/fr\/wp-json\/wp\/v2\/media\/132548946"}],"wp:attachment":[{"href":"https:\/\/caffeonline.aclas.io\/fr\/wp-json\/wp\/v2\/media?parent=132548944"}],"wp:term":[{"taxonomy":"product_brand","embeddable":true,"href":"https:\/\/caffeonline.aclas.io\/fr\/wp-json\/wp\/v2\/product_brand?post=132548944"},{"taxonomy":"product_cat","embeddable":true,"href":"https:\/\/caffeonline.aclas.io\/fr\/wp-json\/wp\/v2\/product_cat?post=132548944"},{"taxonomy":"product_tag","embeddable":true,"href":"https:\/\/caffeonline.aclas.io\/fr\/wp-json\/wp\/v2\/product_tag?post=132548944"}],"curies":[{"name":"wp","href":"https:\/\/api.w.org\/{rel}","templated":true}]}}