{"id":132548942,"date":"2024-04-10T22:13:41","date_gmt":"2024-04-10T20:13:41","guid":{"rendered":"https:\/\/caffeonline.ch\/produkt\/kimbo-capsules-espresso-barista-100-arabica\/"},"modified":"2024-04-10T22:13:41","modified_gmt":"2024-04-10T20:13:41","slug":"kimbo-capsules-espresso-barista-100-arabica","status":"publish","type":"product","link":"https:\/\/caffeonline.aclas.io\/fr\/produkt\/kimbo-capsules-espresso-barista-100-arabica\/","title":{"rendered":"Kimbo &#8211; Capsules Espresso Barista 100% Arabica"},"content":{"rendered":"","protected":false},"excerpt":{"rendered":"<ul>\n<li>100 % de grains Arabica nobles<\/li>\n<li>Acidit\u00e9 fine et go\u00fbt cors\u00e9<\/li>\n<li>Ar\u00f4mes floraux et douceur d\u00e9licate<\/li>\n<\/ul>\n<p><strong>L&rsquo;ambiance du caf\u00e9-bar \u00e0 domicile<br \/><\/strong>Vous \u00eates un gourmet ultime du caf\u00e9 et ne souhaitez pas renoncer \u00e0 une d\u00e9gustation exquise \u00e0 domicile ? Nous avons alors un conseil confidentiel pour vous. L&rsquo;Espresso Barista de Kimbo est compos\u00e9 \u00e0 100% de grains Arabica. La composition est constitu\u00e9e de grains Arabica naturels de la vari\u00e9t\u00e9 Brasile Santos ainsi que des grains Arabica lav\u00e9s Colombia Exelso et Rwanda Ordinary. Les grains de haute qualit\u00e9 se d\u00e9finissent par leur corps ample aux ar\u00f4mes intenses et poss\u00e8dent un caract\u00e8re prononc\u00e9. L&rsquo;interaction entre des ar\u00f4mes grandioses et une intensit\u00e9 impressionnante est perfectionn\u00e9e par de tr\u00e8s fines nuances florales, sucr\u00e9es et des acidit\u00e9s d\u00e9licates. L&rsquo;arri\u00e8re-go\u00fbt vous r\u00e9serve des notes captivantes de pain grill\u00e9 et assure une exp\u00e9rience gustative de longue dur\u00e9e. L&rsquo;Espresso Barista est un v\u00e9ritable polyvalent et convient, outre la pr\u00e9paration en tant qu&rsquo;espresso classique, \u00e9galement id\u00e9alement pour les sp\u00e9cialit\u00e9s de caf\u00e9 avec du lait comme le cappuccino ou le latte macchiato. Un excellent espresso pour chaque barista amateur et ceux qui aspirent \u00e0 le devenir !<\/p>\n","protected":false},"featured_media":11134,"comment_status":"open","ping_status":"closed","template":"","meta":{"_relevanssi_hide_post":"","_relevanssi_hide_content":"","_relevanssi_pin_for_all":"","_relevanssi_pin_keywords":"","_relevanssi_unpin_keywords":"","_relevanssi_related_keywords":"","_relevanssi_related_include_ids":"","_relevanssi_related_exclude_ids":"","_relevanssi_related_no_append":"","_relevanssi_related_not_related":"","_relevanssi_related_posts":"","_relevanssi_noindex_reason":""},"product_brand":[],"product_cat":[359,652,365],"product_tag":[],"class_list":{"0":"post-132548942","1":"product","2":"type-product","3":"status-publish","4":"has-post-thumbnail","6":"product_cat-capsules","7":"product_cat-offres-speciales-fr","8":"product_cat-systeme-nespresso","9":"pa_brand-kimbo-fr","10":"has-subscription-plans","12":"first","13":"outofstock","14":"taxable","15":"shipping-taxable","16":"purchasable","17":"product-type-simple"},"batches":[{"id":"164","date_created":"2024-03-11 11:02:54","date_expiry":"2025-07-31 00:00:00","user_id":"559","batch_number":"","supplier":"","location":"","quantity":"170.0000","quantity_available":"0.0000","units":"1","status":"archived","order_ids":"[]","po":null},{"id":"1612","date_created":"2025-03-04 10:14:47","date_expiry":"2025-07-31 00:00:00","user_id":"559","batch_number":"","supplier":"","location":"","quantity":"44.0000","quantity_available":"0.0000","units":"1","status":"archived","order_ids":"[132547215,132547447,132547501,132547511,132547544,132547573,132547746,132547832]","po":null},{"id":"1772","date_created":"2025-04-07 20:13:06","date_expiry":null,"user_id":"559","batch_number":"","supplier":"","location":"","quantity":"13.0000","quantity_available":"0.0000","units":"1","status":"archived","order_ids":"[132547847]","po":null},{"id":"1861","date_created":"2025-04-28 16:19:46","date_expiry":"2025-07-11 00:00:00","user_id":"559","batch_number":"","supplier":"","location":"","quantity":"17.0000","quantity_available":"0.0000","units":"1","status":"archived","order_ids":"[132548236]","po":null},{"id":"1910","date_created":"2025-05-13 15:01:48","date_expiry":"2026-05-21 00:00:00","user_id":"559","batch_number":"","supplier":"","location":"","quantity":"50.0000","quantity_available":"0.0000","units":"1","status":"archived","order_ids":"[132549246,132549271,132549850]","po":null},{"id":"2091","date_created":"2025-06-21 17:55:03","date_expiry":"2026-05-21 00:00:00","user_id":"2","batch_number":"","supplier":"","location":"","quantity":"230.0000","quantity_available":"0.0000","units":"1","status":"archived","order_ids":"[132550041,132550047,132550076,132550119,132550141,132550156,132550176,132550210,132550296,132550297,132550809,132550992]","po":null}],"_links":{"self":[{"href":"https:\/\/caffeonline.aclas.io\/fr\/wp-json\/wp\/v2\/product\/132548942","targetHints":{"allow":["GET"]}}],"collection":[{"href":"https:\/\/caffeonline.aclas.io\/fr\/wp-json\/wp\/v2\/product"}],"about":[{"href":"https:\/\/caffeonline.aclas.io\/fr\/wp-json\/wp\/v2\/types\/product"}],"replies":[{"embeddable":true,"href":"https:\/\/caffeonline.aclas.io\/fr\/wp-json\/wp\/v2\/comments?post=132548942"}],"wp:featuredmedia":[{"embeddable":true,"href":"https:\/\/caffeonline.aclas.io\/fr\/wp-json\/wp\/v2\/media\/11134"}],"wp:attachment":[{"href":"https:\/\/caffeonline.aclas.io\/fr\/wp-json\/wp\/v2\/media?parent=132548942"}],"wp:term":[{"taxonomy":"product_brand","embeddable":true,"href":"https:\/\/caffeonline.aclas.io\/fr\/wp-json\/wp\/v2\/product_brand?post=132548942"},{"taxonomy":"product_cat","embeddable":true,"href":"https:\/\/caffeonline.aclas.io\/fr\/wp-json\/wp\/v2\/product_cat?post=132548942"},{"taxonomy":"product_tag","embeddable":true,"href":"https:\/\/caffeonline.aclas.io\/fr\/wp-json\/wp\/v2\/product_tag?post=132548942"}],"curies":[{"name":"wp","href":"https:\/\/api.w.org\/{rel}","templated":true}]}}