{"id":132548941,"date":"2024-04-10T22:13:41","date_gmt":"2024-04-10T20:13:41","guid":{"rendered":"https:\/\/caffeonline.ch\/produkt\/caffe-borbone-capsules-de-the-au-citron\/"},"modified":"2024-04-10T22:13:41","modified_gmt":"2024-04-10T20:13:41","slug":"caffe-borbone-capsules-de-the-au-citron","status":"publish","type":"product","link":"https:\/\/caffeonline.aclas.io\/fr\/produkt\/caffe-borbone-capsules-de-the-au-citron\/","title":{"rendered":"Caff\u00e8 Borbone &#8211; Capsules de th\u00e9 au citron"},"content":{"rendered":"","protected":false},"excerpt":{"rendered":"<p><strong>Capsules compatibles avec les machines Nespresso\u00ae* \u00e0 usage domestique.<\/strong><\/p>\n<p>Parfois, il suffit d&rsquo;avoir une tasse de th\u00e9 chaud entre les mains pour se sentir imm\u00e9diatement chez soi : essayez les capsules Borbone et pr\u00e9parez-vous une d\u00e9licieuse boisson au go\u00fbt de th\u00e9 au citron pour <strong>r\u00e9chauffer votre pause<\/strong>.<\/p>\n","protected":false},"featured_media":10970,"comment_status":"open","ping_status":"closed","template":"","meta":{"_relevanssi_hide_post":"","_relevanssi_hide_content":"","_relevanssi_pin_for_all":"","_relevanssi_pin_keywords":"","_relevanssi_unpin_keywords":"","_relevanssi_related_keywords":"","_relevanssi_related_include_ids":"","_relevanssi_related_exclude_ids":"","_relevanssi_related_no_append":"","_relevanssi_related_not_related":"","_relevanssi_related_posts":"","_relevanssi_noindex_reason":""},"product_brand":[],"product_cat":[354,359,648,365],"product_tag":[],"class_list":{"0":"post-132548941","1":"product","2":"type-product","3":"status-publish","4":"has-post-thumbnail","6":"product_cat-boissons-chaudes","7":"product_cat-capsules","8":"product_cat-offres-speciales","9":"product_cat-systeme-nespresso","10":"pa_brand-caffe-borbone-fr","11":"has-subscription-plans","13":"first","14":"instock","15":"taxable","16":"shipping-taxable","17":"purchasable","18":"product-type-simple"},"batches":[{"id":"281","date_created":"2024-03-13 07:41:13","date_expiry":"2026-02-28 00:00:00","user_id":"559","batch_number":"","supplier":"","location":"","quantity":"18.0000","quantity_available":"0.0000","units":"1","status":"archived","order_ids":"[15889,16036,132547490,132547520,132547532,132547597,132547781,132547792,132548092,132549648]","po":null},{"id":"2973","date_created":"2026-01-10 17:30:00","date_expiry":"2027-02-13 00:00:00","user_id":"2","batch_number":"","supplier":"","location":"","quantity":"120.0000","quantity_available":"117.0000","units":"1","status":"active","order_ids":"[132553235,132553488]","po":null}],"_links":{"self":[{"href":"https:\/\/caffeonline.aclas.io\/fr\/wp-json\/wp\/v2\/product\/132548941","targetHints":{"allow":["GET"]}}],"collection":[{"href":"https:\/\/caffeonline.aclas.io\/fr\/wp-json\/wp\/v2\/product"}],"about":[{"href":"https:\/\/caffeonline.aclas.io\/fr\/wp-json\/wp\/v2\/types\/product"}],"replies":[{"embeddable":true,"href":"https:\/\/caffeonline.aclas.io\/fr\/wp-json\/wp\/v2\/comments?post=132548941"}],"wp:featuredmedia":[{"embeddable":true,"href":"https:\/\/caffeonline.aclas.io\/fr\/wp-json\/wp\/v2\/media\/10970"}],"wp:attachment":[{"href":"https:\/\/caffeonline.aclas.io\/fr\/wp-json\/wp\/v2\/media?parent=132548941"}],"wp:term":[{"taxonomy":"product_brand","embeddable":true,"href":"https:\/\/caffeonline.aclas.io\/fr\/wp-json\/wp\/v2\/product_brand?post=132548941"},{"taxonomy":"product_cat","embeddable":true,"href":"https:\/\/caffeonline.aclas.io\/fr\/wp-json\/wp\/v2\/product_cat?post=132548941"},{"taxonomy":"product_tag","embeddable":true,"href":"https:\/\/caffeonline.aclas.io\/fr\/wp-json\/wp\/v2\/product_tag?post=132548941"}],"curies":[{"name":"wp","href":"https:\/\/api.w.org\/{rel}","templated":true}]}}