{"id":132548934,"date":"2024-04-10T22:13:41","date_gmt":"2024-04-10T20:13:41","guid":{"rendered":"https:\/\/caffeonline.ch\/produkt\/quarta-caffe-dosettes-ese-espresso\/"},"modified":"2025-12-14T20:07:28","modified_gmt":"2025-12-14T19:07:28","slug":"quarta-caffe-dosettes-ese-espresso","status":"publish","type":"product","link":"https:\/\/caffeonline.aclas.io\/fr\/produkt\/quarta-caffe-dosettes-ese-espresso\/","title":{"rendered":"Quarta Caff\u00e8 &#8211; Dosettes ESE Espresso"},"content":{"rendered":"","protected":false},"excerpt":{"rendered":"<p>Le nouveau m\u00e9lange espresso Quarta Caff\u00e8, sp\u00e9cialement con\u00e7u pour les dosettes, offre un go\u00fbt intense et aromatique. Gr\u00e2ce \u00e0 son conditionnement en doses individuelles, la pr\u00e9paration est simple et rapide : chaque dosette contient la quantit\u00e9 ad\u00e9quate de caf\u00e9 moulu pour obtenir un r\u00e9sultat excellent dans la tasse. Envelopp\u00e9es dans un filtre en papier compostable qui pr\u00e9serve l&rsquo;ar\u00f4me intact, les dosettes sont compatibles avec les machines \u00e0 caf\u00e9 \u00e0 dosettes E.S.E.<\/p>\n<ul>\n<li><strong>Notes aromatiques :<\/strong> Chocolat noir, caramel et sucre de canne<\/li>\n<li><strong>Corps :<\/strong> 4\/4<\/li>\n<li><strong>Douceur :<\/strong> 2\/4<\/li>\n<li><strong>Amertume :<\/strong> 2\/4<\/li>\n<li><strong>Acidit\u00e9 :<\/strong> 2\/4<\/li>\n<li><strong>Persistance :<\/strong> 4\/4<\/li>\n<\/ul>\n","protected":false},"featured_media":132550915,"comment_status":"open","ping_status":"closed","template":"","meta":{"_relevanssi_hide_post":"","_relevanssi_hide_content":"","_relevanssi_pin_for_all":"","_relevanssi_pin_keywords":"","_relevanssi_unpin_keywords":"","_relevanssi_related_keywords":"","_relevanssi_related_include_ids":"","_relevanssi_related_exclude_ids":"","_relevanssi_related_no_append":"","_relevanssi_related_not_related":"","_relevanssi_related_posts":"","_relevanssi_noindex_reason":""},"product_brand":[],"product_cat":[353],"product_tag":[],"class_list":{"0":"post-132548934","1":"product","2":"type-product","3":"status-publish","4":"has-post-thumbnail","6":"product_cat-ese-pads-fr","7":"pa_brand-quarta-caffe-fr","8":"has-subscription-plans","10":"first","11":"instock","12":"sale","13":"taxable","14":"shipping-taxable","15":"purchasable","16":"product-type-variable"},"batches":[],"_links":{"self":[{"href":"https:\/\/caffeonline.aclas.io\/fr\/wp-json\/wp\/v2\/product\/132548934","targetHints":{"allow":["GET"]}}],"collection":[{"href":"https:\/\/caffeonline.aclas.io\/fr\/wp-json\/wp\/v2\/product"}],"about":[{"href":"https:\/\/caffeonline.aclas.io\/fr\/wp-json\/wp\/v2\/types\/product"}],"replies":[{"embeddable":true,"href":"https:\/\/caffeonline.aclas.io\/fr\/wp-json\/wp\/v2\/comments?post=132548934"}],"wp:featuredmedia":[{"embeddable":true,"href":"https:\/\/caffeonline.aclas.io\/fr\/wp-json\/wp\/v2\/media\/132550915"}],"wp:attachment":[{"href":"https:\/\/caffeonline.aclas.io\/fr\/wp-json\/wp\/v2\/media?parent=132548934"}],"wp:term":[{"taxonomy":"product_brand","embeddable":true,"href":"https:\/\/caffeonline.aclas.io\/fr\/wp-json\/wp\/v2\/product_brand?post=132548934"},{"taxonomy":"product_cat","embeddable":true,"href":"https:\/\/caffeonline.aclas.io\/fr\/wp-json\/wp\/v2\/product_cat?post=132548934"},{"taxonomy":"product_tag","embeddable":true,"href":"https:\/\/caffeonline.aclas.io\/fr\/wp-json\/wp\/v2\/product_tag?post=132548934"}],"curies":[{"name":"wp","href":"https:\/\/api.w.org\/{rel}","templated":true}]}}